{"id":62403,"date":"2026-01-26T15:05:26","date_gmt":"2026-01-26T14:05:26","guid":{"rendered":"https:\/\/antart.com.pl\/?post_type=product&#038;p=62403"},"modified":"2026-01-26T15:05:27","modified_gmt":"2026-01-26T14:05:27","slug":"zabytkowa-szkatulka-himitsu-bako-hakone-japonia","status":"publish","type":"product","link":"https:\/\/antart.com.pl\/en\/produkt\/zabytkowa-szkatulka-himitsu-bako-hakone-japonia\/","title":{"rendered":"Antique Himitsu- bako casket Hakone Japan"},"content":{"rendered":"<h4 style=\"text-align: center;\"><em><b>Zabytkowa szkatu\u0142ka Japo\u0144ska , pude\u0142ko zagadka pochodz\u0105ce z Hakone, Himitsu-bako w stylu Hakone Yosegi, wykonane z drewna z tradycyjn\u0105 japo\u0144sk\u0105 mozaik\u0105 zwan\u0105 Yosegi. Szkatu\u0142ka we wzorach geometrycznych, kt\u00f3re powstaj\u0105 z po\u0142\u0105czenia r\u00f3\u017cnych rodzaj\u00f3w naturalnie barwionych gatunk\u00f3w drewna. Otwieranie szuflady powoduje r\u00f3wnie\u017c otwarcie jej g\u00f3rnej pokrywy. Otwieranie i zamykanie szuflady sygnalizowane jest d\u017awi\u0119kiem. Posiada ma\u0142e przetarcie na uchwycie.<\/b><\/em><\/h4>\n<h4><\/h4>\n<h4><em><b>Dimensions<\/b><\/em><\/h4>\n<ul>\n<li>\n<h4><em><b>Height: 7cm.<\/b><\/em><\/h4>\n<\/li>\n<li>\n<h4><em><b>Length: 12cm.<\/b><\/em><\/h4>\n<\/li>\n<li>\n<h4><em><b>Width: 9cm.<\/b><\/em><\/h4>\n<\/li>\n<\/ul>\n<h4 style=\"text-align: center;\"><em><b>The photos show the actual state of the object<\/b><\/em><\/h4>\n<h4 style=\"text-align: center;\"><em><b>Additional photos upon request<\/b><\/em><\/h4>\n<h4 style=\"text-align: center;\"><em><b>All our items on display are available in our warehouse.<\/b><\/em><\/h4>\n<h4 style=\"text-align: center;\"><em><b>Can be viewed by appointment.<\/b><\/em><\/h4>\n<h4><\/h4>\n<h4><em><b>Nr. 6733<\/b><\/em><\/h4>","protected":false},"excerpt":{"rendered":"<p>Zabytkowa szkatu\u0142ka Japo\u0144ska , pude\u0142ko zagadka pochodz\u0105ce z Hakone, Himitsu-bako w stylu Hakone Yosegi, wykonane z drewna z tradycyjn\u0105 japo\u0144sk\u0105 mozaik\u0105 zwan\u0105 Yosegi. Szkatu\u0142ka we wzorach geometrycznych, kt\u00f3re powstaj\u0105 z po\u0142\u0105czenia r\u00f3\u017cnych rodzaj\u00f3w naturalnie barwionych gatunk\u00f3w drewna. Otwieranie szuflady powoduje r\u00f3wnie\u017c otwarcie jej g\u00f3rnej pokrywy. Otwieranie i zamykanie szuflady sygnalizowane jest d\u017awi\u0119kiem. Posiada ma\u0142e przetarcie [&hellip;]<\/p>\n","protected":false},"featured_media":62406,"template":"","meta":{"_seopress_robots_primary_cat":"","_seopress_titles_title":"","_seopress_titles_desc":"","_seopress_robots_index":"","site-sidebar-layout":"default","site-content-layout":"","ast-site-content-layout":"default","site-content-style":"default","site-sidebar-style":"default","ast-global-header-display":"","ast-banner-title-visibility":"","ast-main-header-display":"","ast-hfb-above-header-display":"","ast-hfb-below-header-display":"","ast-hfb-mobile-header-display":"","site-post-title":"","ast-breadcrumbs-content":"","ast-featured-img":"","footer-sml-layout":"","ast-disable-related-posts":"","theme-transparent-header-meta":"default","adv-header-id-meta":"","stick-header-meta":"default","header-above-stick-meta":"","header-main-stick-meta":"","header-below-stick-meta":"","astra-migrate-meta-layouts":"set","ast-page-background-enabled":"default","ast-page-background-meta":{"desktop":{"background-color":"var(--ast-global-color-4)","background-image":"","background-repeat":"repeat","background-position":"center center","background-size":"auto","background-attachment":"scroll","background-type":"","background-media":"","overlay-type":"","overlay-color":"","overlay-opacity":"","overlay-gradient":""},"tablet":{"background-color":"","background-image":"","background-repeat":"repeat","background-position":"center center","background-size":"auto","background-attachment":"scroll","background-type":"","background-media":"","overlay-type":"","overlay-color":"","overlay-opacity":"","overlay-gradient":""},"mobile":{"background-color":"","background-image":"","background-repeat":"repeat","background-position":"center center","background-size":"auto","background-attachment":"scroll","background-type":"","background-media":"","overlay-type":"","overlay-color":"","overlay-opacity":"","overlay-gradient":""}},"ast-content-background-meta":{"desktop":{"background-color":"var(--ast-global-color-5)","background-image":"","background-repeat":"repeat","background-position":"center center","background-size":"auto","background-attachment":"scroll","background-type":"","background-media":"","overlay-type":"","overlay-color":"","overlay-opacity":"","overlay-gradient":""},"tablet":{"background-color":"var(--ast-global-color-5)","background-image":"","background-repeat":"repeat","background-position":"center center","background-size":"auto","background-attachment":"scroll","background-type":"","background-media":"","overlay-type":"","overlay-color":"","overlay-opacity":"","overlay-gradient":""},"mobile":{"background-color":"var(--ast-global-color-5)","background-image":"","background-repeat":"repeat","background-position":"center center","background-size":"auto","background-attachment":"scroll","background-type":"","background-media":"","overlay-type":"","overlay-color":"","overlay-opacity":"","overlay-gradient":""}}},"product_brand":[],"product_cat":[27,91],"product_tag":[],"class_list":{"0":"post-62403","1":"product","2":"type-product","3":"status-publish","4":"has-post-thumbnail","6":"product_cat-dekoracyjne","7":"product_cat-szkatulki","8":"product_shipping_class-wysylka-19zl","9":"desktop-align-left","10":"tablet-align-left","11":"mobile-align-left","12":"ast-product-gallery-layout-vertical-slider","13":"ast-product-tabs-layout-horizontal","14":"ast-qv-on-image","16":"first","17":"instock","18":"sold-individually","19":"shipping-taxable","20":"purchasable","21":"product-type-simple"},"_links":{"self":[{"href":"https:\/\/antart.com.pl\/en\/wp-json\/wp\/v2\/product\/62403","targetHints":{"allow":["GET"]}}],"collection":[{"href":"https:\/\/antart.com.pl\/en\/wp-json\/wp\/v2\/product"}],"about":[{"href":"https:\/\/antart.com.pl\/en\/wp-json\/wp\/v2\/types\/product"}],"wp:featuredmedia":[{"embeddable":true,"href":"https:\/\/antart.com.pl\/en\/wp-json\/wp\/v2\/media\/62406"}],"wp:attachment":[{"href":"https:\/\/antart.com.pl\/en\/wp-json\/wp\/v2\/media?parent=62403"}],"wp:term":[{"taxonomy":"product_brand","embeddable":true,"href":"https:\/\/antart.com.pl\/en\/wp-json\/wp\/v2\/product_brand?post=62403"},{"taxonomy":"product_cat","embeddable":true,"href":"https:\/\/antart.com.pl\/en\/wp-json\/wp\/v2\/product_cat?post=62403"},{"taxonomy":"product_tag","embeddable":true,"href":"https:\/\/antart.com.pl\/en\/wp-json\/wp\/v2\/product_tag?post=62403"}],"curies":[{"name":"wp","href":"https:\/\/api.w.org\/{rel}","templated":true}]}}