{"id":62571,"date":"2026-01-29T18:35:54","date_gmt":"2026-01-29T17:35:54","guid":{"rendered":"https:\/\/antart.com.pl\/?post_type=product&#038;p=62571"},"modified":"2026-01-26T18:44:58","modified_gmt":"2026-01-26T17:44:58","slug":"cabinet-in-the-english-style-narrow-from-the-1940s-50s","status":"publish","type":"product","link":"https:\/\/antart.com.pl\/en\/produkt\/sekretarzyk-w-stylu-angielski-waski-z-lat-40-50-tych\/","title":{"rendered":"English-style, narrow cabinet from the 1940s-1950s"},"content":{"rendered":"<h4 style=\"text-align: center;\"><em><strong>English-style, narrow cabinet from the 1940s-1950s<\/strong><\/em><\/h4>\n<h4 style=\"text-align: center;\"><em><strong>A stylish English style slimline secretary, dating from the 1940s\/50s. It has details and finish characteristic of the period.<\/strong><\/em><\/h4>\n<h4 style=\"text-align: center;\"><em><strong>The cabinet has 4 capacious drawers and decorative brass fittings.<\/strong><\/em><\/h4>\n<h4 style=\"text-align: center;\"><em><strong>The furniture is in good condition, usable.<\/strong><\/em><\/h4>\n<h4><em><strong>Dimensions:<\/strong><\/em><\/h4>\n<ul>\n<li>\n<h4><em><strong>height: 106.5cm<\/strong><\/em><\/h4>\n<\/li>\n<li>\n<h4><em><strong>width: 62 cm<\/strong><\/em><\/h4>\n<\/li>\n<li>\n<h4><em><strong>depth: 56 cm<\/strong><\/em><\/h4>\n<\/li>\n<\/ul>\n<h4><em><strong>Work top<\/strong><\/em><\/h4>\n<ul>\n<li>\n<h4><em><strong>height to tabletop: 75cm<\/strong><\/em><\/h4>\n<\/li>\n<li>\n<h4><em><strong>depth of tabletop: 33cm<\/strong><\/em><\/h4>\n<\/li>\n<\/ul>\n<h4 style=\"text-align: center;\"><em><strong>The photos show the actual condition of the item.<\/strong><\/em><\/h4>\n<h4><em><strong>Order no. 10664<\/strong><\/em><\/h4>","protected":false},"excerpt":{"rendered":"<p>Sekretarzyk w stylu angielski, w\u0105ski z lat 40\/50-tych Stylowa sekretarzyka w stylu angielskim, w\u0105ska, pochodz\u0105ca z lat 40.\/50. XX wieku. Posiada charakterystyczne dla tego okresu detale i wyko\u0144czenie. Sekretarzyk posiada 4 pojemne szuflady oraz dekoracyjne okucia z mosi\u0105dzu. Mebel jest w dobrym stanie, nadaje si\u0119 do u\u017cytku. Wymiary: wysoko\u015b\u0107: 106,5cm szeroko\u015b\u0107: 62 cm g\u0142\u0119boko\u015b\u0107: 56 [&hellip;]<\/p>\n","protected":false},"featured_media":62498,"template":"","meta":{"_seopress_robots_primary_cat":"","_seopress_titles_title":"","_seopress_titles_desc":"","_seopress_robots_index":"","site-sidebar-layout":"default","site-content-layout":"","ast-site-content-layout":"default","site-content-style":"default","site-sidebar-style":"default","ast-global-header-display":"","ast-banner-title-visibility":"","ast-main-header-display":"","ast-hfb-above-header-display":"","ast-hfb-below-header-display":"","ast-hfb-mobile-header-display":"","site-post-title":"","ast-breadcrumbs-content":"","ast-featured-img":"","footer-sml-layout":"","ast-disable-related-posts":"","theme-transparent-header-meta":"default","adv-header-id-meta":"","stick-header-meta":"default","header-above-stick-meta":"","header-main-stick-meta":"","header-below-stick-meta":"","astra-migrate-meta-layouts":"set","ast-page-background-enabled":"default","ast-page-background-meta":{"desktop":{"background-color":"var(--ast-global-color-4)","background-image":"","background-repeat":"repeat","background-position":"center center","background-size":"auto","background-attachment":"scroll","background-type":"","background-media":"","overlay-type":"","overlay-color":"","overlay-opacity":"","overlay-gradient":""},"tablet":{"background-color":"","background-image":"","background-repeat":"repeat","background-position":"center center","background-size":"auto","background-attachment":"scroll","background-type":"","background-media":"","overlay-type":"","overlay-color":"","overlay-opacity":"","overlay-gradient":""},"mobile":{"background-color":"","background-image":"","background-repeat":"repeat","background-position":"center center","background-size":"auto","background-attachment":"scroll","background-type":"","background-media":"","overlay-type":"","overlay-color":"","overlay-opacity":"","overlay-gradient":""}},"ast-content-background-meta":{"desktop":{"background-color":"var(--ast-global-color-5)","background-image":"","background-repeat":"repeat","background-position":"center center","background-size":"auto","background-attachment":"scroll","background-type":"","background-media":"","overlay-type":"","overlay-color":"","overlay-opacity":"","overlay-gradient":""},"tablet":{"background-color":"var(--ast-global-color-5)","background-image":"","background-repeat":"repeat","background-position":"center center","background-size":"auto","background-attachment":"scroll","background-type":"","background-media":"","overlay-type":"","overlay-color":"","overlay-opacity":"","overlay-gradient":""},"mobile":{"background-color":"var(--ast-global-color-5)","background-image":"","background-repeat":"repeat","background-position":"center center","background-size":"auto","background-attachment":"scroll","background-type":"","background-media":"","overlay-type":"","overlay-color":"","overlay-opacity":"","overlay-gradient":""}}},"product_brand":[],"product_cat":[55,32],"product_tag":[],"class_list":{"0":"post-62571","1":"product","2":"type-product","3":"status-publish","4":"has-post-thumbnail","6":"product_cat-biurka-sekretery","7":"product_cat-meble","8":"product_shipping_class-wysylka-po-uzgodnieniu","9":"desktop-align-left","10":"tablet-align-left","11":"mobile-align-left","12":"ast-product-gallery-layout-vertical-slider","13":"ast-product-tabs-layout-horizontal","14":"ast-qv-on-image","16":"first","17":"instock","18":"sold-individually","19":"shipping-taxable","20":"purchasable","21":"product-type-simple"},"_links":{"self":[{"href":"https:\/\/antart.com.pl\/en\/wp-json\/wp\/v2\/product\/62571","targetHints":{"allow":["GET"]}}],"collection":[{"href":"https:\/\/antart.com.pl\/en\/wp-json\/wp\/v2\/product"}],"about":[{"href":"https:\/\/antart.com.pl\/en\/wp-json\/wp\/v2\/types\/product"}],"wp:featuredmedia":[{"embeddable":true,"href":"https:\/\/antart.com.pl\/en\/wp-json\/wp\/v2\/media\/62498"}],"wp:attachment":[{"href":"https:\/\/antart.com.pl\/en\/wp-json\/wp\/v2\/media?parent=62571"}],"wp:term":[{"taxonomy":"product_brand","embeddable":true,"href":"https:\/\/antart.com.pl\/en\/wp-json\/wp\/v2\/product_brand?post=62571"},{"taxonomy":"product_cat","embeddable":true,"href":"https:\/\/antart.com.pl\/en\/wp-json\/wp\/v2\/product_cat?post=62571"},{"taxonomy":"product_tag","embeddable":true,"href":"https:\/\/antart.com.pl\/en\/wp-json\/wp\/v2\/product_tag?post=62571"}],"curies":[{"name":"wp","href":"https:\/\/api.w.org\/{rel}","templated":true}]}}