{"id":62600,"date":"2026-01-30T19:02:37","date_gmt":"2026-01-30T18:02:37","guid":{"rendered":"https:\/\/antart.com.pl\/?post_type=product&#038;p=62600"},"modified":"2026-01-26T19:04:29","modified_gmt":"2026-01-26T18:04:29","slug":"vintage-coffee-table-with-tiles-2","status":"publish","type":"product","link":"https:\/\/antart.com.pl\/en\/produkt\/stolik-kawowy-vintage-z-plytkami-2\/","title":{"rendered":"Vintage coffee table with tiles"},"content":{"rendered":"<h4 style=\"text-align: center;\"><em>Vintage coffee table with tiles<\/em><\/h4>\n<h4 style=\"text-align: center;\"><em>Stylish used coffee table with tiles. Interesting vintage design with decorative patterns on the tiles. The table could be a good addition to a living room or other room.<\/em><\/h4>\n<h4 style=\"text-align: center;\"><em>There is a crack on one tile.<\/em><\/h4>\n<h4><em><b>Dimensions:<\/b><\/em><\/h4>\n<ul>\n<li>\n<h4><em>height: 39 cm<\/em><\/h4>\n<\/li>\n<li>\n<h4><em>width: 60.5cm<\/em><\/h4>\n<\/li>\n<li>\n<h4><em>length: 31.5 cm<\/em><\/h4>\n<\/li>\n<\/ul>\n<h4 style=\"text-align: center;\"><em><b>The photos show the actual condition of the item.<\/b><\/em><\/h4>\n<h4><em><b>No.10662<\/b><\/em><\/h4>","protected":false},"excerpt":{"rendered":"<p>Stolik kawowy vintage z p\u0142ytkami Stylowy, u\u017cywany stolik kawowy z p\u0142ytkami. Ciekawy vintage&#8217;owy design z dekoracyjnymi wzorami na p\u0142ytkach. Stolik mo\u017ce by\u0107 dobrym uzupe\u0142nieniem do salonu lub innego pomieszczenia. Na jednej p\u0142ytce jest p\u0119kni\u0119cie. Wymiary: wysoko\u015b\u0107: 39 cm szeroko\u015b\u0107: 60,5cm d\u0142ugo\u015b\u0107: 31,5 cm Zdj\u0119cia przedstawiaj\u0105 stan faktyczny przedmiotu. nr.10662<\/p>","protected":false},"featured_media":62603,"template":"","meta":{"_seopress_robots_primary_cat":"","_seopress_titles_title":"","_seopress_titles_desc":"","_seopress_robots_index":"","site-sidebar-layout":"default","site-content-layout":"","ast-site-content-layout":"default","site-content-style":"default","site-sidebar-style":"default","ast-global-header-display":"","ast-banner-title-visibility":"","ast-main-header-display":"","ast-hfb-above-header-display":"","ast-hfb-below-header-display":"","ast-hfb-mobile-header-display":"","site-post-title":"","ast-breadcrumbs-content":"","ast-featured-img":"","footer-sml-layout":"","ast-disable-related-posts":"","theme-transparent-header-meta":"default","adv-header-id-meta":"","stick-header-meta":"default","header-above-stick-meta":"","header-main-stick-meta":"","header-below-stick-meta":"","astra-migrate-meta-layouts":"set","ast-page-background-enabled":"default","ast-page-background-meta":{"desktop":{"background-color":"var(--ast-global-color-4)","background-image":"","background-repeat":"repeat","background-position":"center center","background-size":"auto","background-attachment":"scroll","background-type":"","background-media":"","overlay-type":"","overlay-color":"","overlay-opacity":"","overlay-gradient":""},"tablet":{"background-color":"","background-image":"","background-repeat":"repeat","background-position":"center center","background-size":"auto","background-attachment":"scroll","background-type":"","background-media":"","overlay-type":"","overlay-color":"","overlay-opacity":"","overlay-gradient":""},"mobile":{"background-color":"","background-image":"","background-repeat":"repeat","background-position":"center center","background-size":"auto","background-attachment":"scroll","background-type":"","background-media":"","overlay-type":"","overlay-color":"","overlay-opacity":"","overlay-gradient":""}},"ast-content-background-meta":{"desktop":{"background-color":"var(--ast-global-color-5)","background-image":"","background-repeat":"repeat","background-position":"center center","background-size":"auto","background-attachment":"scroll","background-type":"","background-media":"","overlay-type":"","overlay-color":"","overlay-opacity":"","overlay-gradient":""},"tablet":{"background-color":"var(--ast-global-color-5)","background-image":"","background-repeat":"repeat","background-position":"center center","background-size":"auto","background-attachment":"scroll","background-type":"","background-media":"","overlay-type":"","overlay-color":"","overlay-opacity":"","overlay-gradient":""},"mobile":{"background-color":"var(--ast-global-color-5)","background-image":"","background-repeat":"repeat","background-position":"center center","background-size":"auto","background-attachment":"scroll","background-type":"","background-media":"","overlay-type":"","overlay-color":"","overlay-opacity":"","overlay-gradient":""}}},"product_brand":[],"product_cat":[32,33],"product_tag":[],"class_list":{"0":"post-62600","1":"product","2":"type-product","3":"status-publish","4":"has-post-thumbnail","6":"product_cat-meble","7":"product_cat-stoly-stoliki","8":"product_shipping_class-wysylka-50zl","9":"desktop-align-left","10":"tablet-align-left","11":"mobile-align-left","12":"ast-product-gallery-layout-vertical-slider","13":"ast-product-tabs-layout-horizontal","14":"ast-qv-on-image","16":"first","17":"instock","18":"sold-individually","19":"shipping-taxable","20":"purchasable","21":"product-type-simple"},"_links":{"self":[{"href":"https:\/\/antart.com.pl\/en\/wp-json\/wp\/v2\/product\/62600","targetHints":{"allow":["GET"]}}],"collection":[{"href":"https:\/\/antart.com.pl\/en\/wp-json\/wp\/v2\/product"}],"about":[{"href":"https:\/\/antart.com.pl\/en\/wp-json\/wp\/v2\/types\/product"}],"wp:featuredmedia":[{"embeddable":true,"href":"https:\/\/antart.com.pl\/en\/wp-json\/wp\/v2\/media\/62603"}],"wp:attachment":[{"href":"https:\/\/antart.com.pl\/en\/wp-json\/wp\/v2\/media?parent=62600"}],"wp:term":[{"taxonomy":"product_brand","embeddable":true,"href":"https:\/\/antart.com.pl\/en\/wp-json\/wp\/v2\/product_brand?post=62600"},{"taxonomy":"product_cat","embeddable":true,"href":"https:\/\/antart.com.pl\/en\/wp-json\/wp\/v2\/product_cat?post=62600"},{"taxonomy":"product_tag","embeddable":true,"href":"https:\/\/antart.com.pl\/en\/wp-json\/wp\/v2\/product_tag?post=62600"}],"curies":[{"name":"wp","href":"https:\/\/api.w.org\/{rel}","templated":true}]}}