{"id":63390,"date":"2026-01-31T19:57:47","date_gmt":"2026-01-31T18:57:47","guid":{"rendered":"https:\/\/antart.com.pl\/?post_type=product&#038;p=63390"},"modified":"2026-04-01T20:17:07","modified_gmt":"2026-04-01T18:17:07","slug":"armchair-biedermeier-beech-wood-from-the-50s-60s-on-springs","status":"publish","type":"product","link":"https:\/\/antart.com.pl\/en\/produkt\/fotel-biedermeier-drewno-bukowe-z-lat-50-60-tych-na-sprezynach\/","title":{"rendered":"Biedermeier armchair beech wood from the 1950s\/60s on springs"},"content":{"rendered":"<p style=\"text-align: center;\"><em><strong>Biedermeier armchair beech wood from the 1950s\/60s on springs<\/strong><\/em><\/p>\n<p style=\"text-align: center;\"><em><strong>A stylish Biedermeier style armchair made of beech wood, dating from the 1950s and 1960s. The armchair has springs for comfortable use. The presented piece of furniture is in good condition and can be an interesting element of interior design.<\/strong><\/em><\/p>\n<p><em><strong>Dimensions :<\/strong><\/em><\/p>\n<ul>\n<li><em><strong>height: 105.5 cm<\/strong><\/em><\/li>\n<li><em><strong>width: 60 cm<\/strong><\/em><\/li>\n<li><em><strong>depth: 61 cm<\/strong><\/em><\/li>\n<li><em><strong>height to seat: 49 cm<\/strong><\/em><\/li>\n<li><em><strong>seat width: 46 cm<\/strong><\/em><\/li>\n<li><em><strong>seat depth 50 cm<\/strong><\/em><\/li>\n<\/ul>\n<p>&nbsp;<\/p>\n<p style=\"text-align: center;\"><em><strong>The photos show the actual condition of the item.<\/strong><\/em><\/p>\n<p><em><strong>Order no. 10746<\/strong><\/em><\/p>","protected":false},"excerpt":{"rendered":"<p>Fotel Biedermeier drewno bukowe z lat 50\/60-tych na spr\u0119\u017cynach Stylowy fotel w stylu biedermeier wykonany z drewna bukowego, pochodz\u0105cy z lat 50. i 60. XX wieku. Fotel posiada spr\u0119\u017cyny, kt\u00f3re zapewniaj\u0105 wygod\u0119 u\u017cytkowania. Prezentowany mebel jest w dobrym stanie i mo\u017ce stanowi\u0107 ciekawy element wystroju wn\u0119trza. Wymiary : wysoko\u015b\u0107: 105,5 cm szeroko\u015b\u0107: 60 cm g\u0142\u0119boko\u015b\u0107: [&hellip;]<\/p>\n","protected":false},"featured_media":63321,"template":"","meta":{"_seopress_robots_primary_cat":"","_seopress_titles_title":"","_seopress_titles_desc":"","_seopress_robots_index":"","site-sidebar-layout":"default","site-content-layout":"","ast-site-content-layout":"default","site-content-style":"default","site-sidebar-style":"default","ast-global-header-display":"","ast-banner-title-visibility":"","ast-main-header-display":"","ast-hfb-above-header-display":"","ast-hfb-below-header-display":"","ast-hfb-mobile-header-display":"","site-post-title":"","ast-breadcrumbs-content":"","ast-featured-img":"","footer-sml-layout":"","ast-disable-related-posts":"","theme-transparent-header-meta":"default","adv-header-id-meta":"","stick-header-meta":"default","header-above-stick-meta":"","header-main-stick-meta":"","header-below-stick-meta":"","astra-migrate-meta-layouts":"set","ast-page-background-enabled":"default","ast-page-background-meta":{"desktop":{"background-color":"var(--ast-global-color-4)","background-image":"","background-repeat":"repeat","background-position":"center center","background-size":"auto","background-attachment":"scroll","background-type":"","background-media":"","overlay-type":"","overlay-color":"","overlay-opacity":"","overlay-gradient":""},"tablet":{"background-color":"","background-image":"","background-repeat":"repeat","background-position":"center center","background-size":"auto","background-attachment":"scroll","background-type":"","background-media":"","overlay-type":"","overlay-color":"","overlay-opacity":"","overlay-gradient":""},"mobile":{"background-color":"","background-image":"","background-repeat":"repeat","background-position":"center center","background-size":"auto","background-attachment":"scroll","background-type":"","background-media":"","overlay-type":"","overlay-color":"","overlay-opacity":"","overlay-gradient":""}},"ast-content-background-meta":{"desktop":{"background-color":"var(--ast-global-color-5)","background-image":"","background-repeat":"repeat","background-position":"center center","background-size":"auto","background-attachment":"scroll","background-type":"","background-media":"","overlay-type":"","overlay-color":"","overlay-opacity":"","overlay-gradient":""},"tablet":{"background-color":"var(--ast-global-color-5)","background-image":"","background-repeat":"repeat","background-position":"center center","background-size":"auto","background-attachment":"scroll","background-type":"","background-media":"","overlay-type":"","overlay-color":"","overlay-opacity":"","overlay-gradient":""},"mobile":{"background-color":"var(--ast-global-color-5)","background-image":"","background-repeat":"repeat","background-position":"center center","background-size":"auto","background-attachment":"scroll","background-type":"","background-media":"","overlay-type":"","overlay-color":"","overlay-opacity":"","overlay-gradient":""}}},"product_brand":[],"product_cat":[39,32],"product_tag":[],"class_list":{"0":"post-63390","1":"product","2":"type-product","3":"status-publish","4":"has-post-thumbnail","6":"product_cat-fotele-puf","7":"product_cat-meble","8":"product_shipping_class-wysylka-100zl","9":"desktop-align-left","10":"tablet-align-left","11":"mobile-align-left","12":"ast-product-gallery-layout-vertical-slider","13":"ast-product-tabs-layout-horizontal","14":"ast-qv-on-image","16":"first","17":"instock","18":"sale","19":"sold-individually","20":"shipping-taxable","21":"purchasable","22":"product-type-simple"},"_links":{"self":[{"href":"https:\/\/antart.com.pl\/en\/wp-json\/wp\/v2\/product\/63390","targetHints":{"allow":["GET"]}}],"collection":[{"href":"https:\/\/antart.com.pl\/en\/wp-json\/wp\/v2\/product"}],"about":[{"href":"https:\/\/antart.com.pl\/en\/wp-json\/wp\/v2\/types\/product"}],"wp:featuredmedia":[{"embeddable":true,"href":"https:\/\/antart.com.pl\/en\/wp-json\/wp\/v2\/media\/63321"}],"wp:attachment":[{"href":"https:\/\/antart.com.pl\/en\/wp-json\/wp\/v2\/media?parent=63390"}],"wp:term":[{"taxonomy":"product_brand","embeddable":true,"href":"https:\/\/antart.com.pl\/en\/wp-json\/wp\/v2\/product_brand?post=63390"},{"taxonomy":"product_cat","embeddable":true,"href":"https:\/\/antart.com.pl\/en\/wp-json\/wp\/v2\/product_cat?post=63390"},{"taxonomy":"product_tag","embeddable":true,"href":"https:\/\/antart.com.pl\/en\/wp-json\/wp\/v2\/product_tag?post=63390"}],"curies":[{"name":"wp","href":"https:\/\/api.w.org\/{rel}","templated":true}]}}