{"id":63616,"date":"2026-02-04T13:41:14","date_gmt":"2026-02-04T12:41:14","guid":{"rendered":"https:\/\/antart.com.pl\/?post_type=product&#038;p=63616"},"modified":"2026-02-04T09:25:09","modified_gmt":"2026-02-04T08:25:09","slug":"stojak-wiszacy-gazetnik-z-dniami-tygodnia-drewniany-vintage","status":"publish","type":"product","link":"https:\/\/antart.com.pl\/en\/produkt\/stojak-wiszacy-gazetnik-z-dniami-tygodnia-drewniany-vintage\/","title":{"rendered":"Hanging stand, vintage wooden day of the week newspaper holder"},"content":{"rendered":"<h4 style=\"text-align: center;\"><em><strong>Hanging stand, vintage wooden day of the week newspaper holder<\/strong><\/em><\/h4>\n<h4 style=\"text-align: center;\"><em><strong>Drewniany, vintage stojak na gazety lub ksi\u0105\u017cki z tygodniowymi dniami. Stojak posiada stylowe, drewniane wyko\u0144czenie i metalowe elementy. Mo\u017ce s\u0142u\u017cy\u0107 jako praktyczny i dekoracyjny mebel do przechowywania prasy lub ksi\u0105\u017cek.<\/strong><\/em><\/h4>\n<h4><em><strong>Dimensions<\/strong><\/em><\/h4>\n<ul>\n<li>\n<h4><em><strong>wysoko\u015b\u0107 ca\u0142kowita: 74cm<\/strong><\/em><\/h4>\n<\/li>\n<li>\n<h4><em><strong>width: 24cm<\/strong><\/em><\/h4>\n<\/li>\n<\/ul>\n<h4><\/h4>\n<h4 style=\"text-align: center;\"><em><strong>The photos show the actual condition of the item.<\/strong><\/em><\/h4>\n<h4><\/h4>\n<h4><em><strong>Art. nr. 10737<\/strong><\/em><\/h4>","protected":false},"excerpt":{"rendered":"<p>Stojak wisz\u0105cy, gazetnik z dniami tygodnia drewniany vintage Drewniany, vintage stojak na gazety lub ksi\u0105\u017cki z tygodniowymi dniami. Stojak posiada stylowe, drewniane wyko\u0144czenie i metalowe elementy. Mo\u017ce s\u0142u\u017cy\u0107 jako praktyczny i dekoracyjny mebel do przechowywania prasy lub ksi\u0105\u017cek. Wymiary wysoko\u015b\u0107 ca\u0142kowita: 74cm szeroko\u015b\u0107: 24cm Zdj\u0119cia przedstawiaj\u0105 stan faktyczny przedmiotu. Art. nr. 10737<\/p>","protected":false},"featured_media":63489,"template":"","meta":{"_seopress_robots_primary_cat":"none","_seopress_titles_title":"","_seopress_titles_desc":"","_seopress_robots_index":"","site-sidebar-layout":"default","site-content-layout":"","ast-site-content-layout":"default","site-content-style":"default","site-sidebar-style":"default","ast-global-header-display":"","ast-banner-title-visibility":"","ast-main-header-display":"","ast-hfb-above-header-display":"","ast-hfb-below-header-display":"","ast-hfb-mobile-header-display":"","site-post-title":"","ast-breadcrumbs-content":"","ast-featured-img":"","footer-sml-layout":"","ast-disable-related-posts":"","theme-transparent-header-meta":"default","adv-header-id-meta":"","stick-header-meta":"default","header-above-stick-meta":"","header-main-stick-meta":"","header-below-stick-meta":"","astra-migrate-meta-layouts":"set","ast-page-background-enabled":"default","ast-page-background-meta":{"desktop":{"background-color":"var(--ast-global-color-4)","background-image":"","background-repeat":"repeat","background-position":"center center","background-size":"auto","background-attachment":"scroll","background-type":"","background-media":"","overlay-type":"","overlay-color":"","overlay-opacity":"","overlay-gradient":""},"tablet":{"background-color":"","background-image":"","background-repeat":"repeat","background-position":"center center","background-size":"auto","background-attachment":"scroll","background-type":"","background-media":"","overlay-type":"","overlay-color":"","overlay-opacity":"","overlay-gradient":""},"mobile":{"background-color":"","background-image":"","background-repeat":"repeat","background-position":"center center","background-size":"auto","background-attachment":"scroll","background-type":"","background-media":"","overlay-type":"","overlay-color":"","overlay-opacity":"","overlay-gradient":""}},"ast-content-background-meta":{"desktop":{"background-color":"var(--ast-global-color-5)","background-image":"","background-repeat":"repeat","background-position":"center center","background-size":"auto","background-attachment":"scroll","background-type":"","background-media":"","overlay-type":"","overlay-color":"","overlay-opacity":"","overlay-gradient":""},"tablet":{"background-color":"var(--ast-global-color-5)","background-image":"","background-repeat":"repeat","background-position":"center center","background-size":"auto","background-attachment":"scroll","background-type":"","background-media":"","overlay-type":"","overlay-color":"","overlay-opacity":"","overlay-gradient":""},"mobile":{"background-color":"var(--ast-global-color-5)","background-image":"","background-repeat":"repeat","background-position":"center center","background-size":"auto","background-attachment":"scroll","background-type":"","background-media":"","overlay-type":"","overlay-color":"","overlay-opacity":"","overlay-gradient":""}}},"product_brand":[],"product_cat":[93,32],"product_tag":[],"class_list":{"0":"post-63616","1":"product","2":"type-product","3":"status-publish","4":"has-post-thumbnail","6":"product_cat-gazetnik","7":"product_cat-meble","8":"product_shipping_class-wysylka-40zl","9":"desktop-align-left","10":"tablet-align-left","11":"mobile-align-left","12":"ast-product-gallery-layout-vertical-slider","13":"ast-product-tabs-layout-horizontal","14":"ast-qv-on-image","16":"first","17":"instock","18":"sold-individually","19":"shipping-taxable","20":"purchasable","21":"product-type-simple"},"_links":{"self":[{"href":"https:\/\/antart.com.pl\/en\/wp-json\/wp\/v2\/product\/63616","targetHints":{"allow":["GET"]}}],"collection":[{"href":"https:\/\/antart.com.pl\/en\/wp-json\/wp\/v2\/product"}],"about":[{"href":"https:\/\/antart.com.pl\/en\/wp-json\/wp\/v2\/types\/product"}],"wp:featuredmedia":[{"embeddable":true,"href":"https:\/\/antart.com.pl\/en\/wp-json\/wp\/v2\/media\/63489"}],"wp:attachment":[{"href":"https:\/\/antart.com.pl\/en\/wp-json\/wp\/v2\/media?parent=63616"}],"wp:term":[{"taxonomy":"product_brand","embeddable":true,"href":"https:\/\/antart.com.pl\/en\/wp-json\/wp\/v2\/product_brand?post=63616"},{"taxonomy":"product_cat","embeddable":true,"href":"https:\/\/antart.com.pl\/en\/wp-json\/wp\/v2\/product_cat?post=63616"},{"taxonomy":"product_tag","embeddable":true,"href":"https:\/\/antart.com.pl\/en\/wp-json\/wp\/v2\/product_tag?post=63616"}],"curies":[{"name":"wp","href":"https:\/\/api.w.org\/{rel}","templated":true}]}}