{"id":63635,"date":"2026-02-04T10:29:51","date_gmt":"2026-02-04T09:29:51","guid":{"rendered":"https:\/\/antart.com.pl\/?post_type=product&#038;p=63635"},"modified":"2026-02-04T10:29:52","modified_gmt":"2026-02-04T09:29:52","slug":"china-table-solid-wood-from-the-xixth-century","status":"publish","type":"product","link":"https:\/\/antart.com.pl\/en\/produkt\/stol-klapiak-chinski-lite-drewno-z-xix-wieku\/","title":{"rendered":"Table, Chinese klapiak solid wood from the 10th century"},"content":{"rendered":"<h4 style=\"text-align: center;\"><em><b>Table, Chinese klapiak solid wood from the 10th century<\/b><\/em><\/h4>\n<h4 style=\"text-align: center;\"><em>A solid wooden table with drop top, dating back to the 19th century. Its stylish Chinese design and dark wooden finish give it a unique character. This table will be a perfect addition to a classic or vintage interior design.<\/em><\/h4>\n<h4><em><b>Dimensions<\/b><\/em><\/h4>\n<p>&nbsp;<\/p>\n<h4><em><b>Folded table:\u00a0<\/b><\/em><\/h4>\n<ul>\n<li>\n<h4><em>length: 87.5cm<\/em><\/h4>\n<\/li>\n<li>\n<h4><em>width: 48cm<\/em><\/h4>\n<\/li>\n<li>\n<h4><em>height: 86<\/em><\/h4>\n<\/li>\n<\/ul>\n<h4><em><b>Unfolded table<\/b><\/em><\/h4>\n<ul>\n<li>\n<h4><em>diameter of tabletop: 105cm<\/em><\/h4>\n<\/li>\n<li>\n<h4><em>height: 86cm<\/em><\/h4>\n<\/li>\n<\/ul>\n<h4><em><b>Pull-out drawer on two sides<\/b><\/em><\/h4>\n<ul>\n<li>\n<h4><em>length: 87cm<\/em><\/h4>\n<\/li>\n<li>\n<h4><em>width: 32cm<\/em><\/h4>\n<\/li>\n<li>\n<h4><em>height: 10cm<\/em><\/h4>\n<\/li>\n<\/ul>\n<h4 style=\"text-align: center;\"><\/h4>\n<h4 style=\"text-align: center;\"><em><b>The photos show the actual condition of the item.<\/b><\/em><\/h4>\n<h4><\/h4>\n<h4><em><b>NO. ART 10731<\/b><\/em><\/h4>","protected":false},"excerpt":{"rendered":"<p>St\u00f3\u0142, klapiak chi\u0144ski lite drewno z XiX wieku Solidny, drewniany stolik z opuszczanym blatem, pochodz\u0105cy z XIX wieku. Jego stylowy, chi\u0144ski design i ciemne, drewniane wyko\u0144czenie nadaj\u0105 mu niepowtarzalny charakter. Stolik ten b\u0119dzie doskona\u0142ym uzupe\u0142nieniem klasycznego lub vintage&#8217;owego wystroju wn\u0119trza. Wymiary &nbsp; St\u00f3\u0142 z\u0142o\u017cony:\u00a0 d\u0142ugo\u015b\u0107: 87,5cm szeroko\u015b\u0107: 48cm wysoko\u015b\u0107: 86 St\u00f3\u0142 roz\u0142o\u017cony \u015brednica blatu: 105cm [&hellip;]<\/p>\n","protected":false},"featured_media":63575,"template":"","meta":{"_seopress_robots_primary_cat":"","_seopress_titles_title":"","_seopress_titles_desc":"","_seopress_robots_index":"","site-sidebar-layout":"default","site-content-layout":"","ast-site-content-layout":"default","site-content-style":"default","site-sidebar-style":"default","ast-global-header-display":"","ast-banner-title-visibility":"","ast-main-header-display":"","ast-hfb-above-header-display":"","ast-hfb-below-header-display":"","ast-hfb-mobile-header-display":"","site-post-title":"","ast-breadcrumbs-content":"","ast-featured-img":"","footer-sml-layout":"","ast-disable-related-posts":"","theme-transparent-header-meta":"default","adv-header-id-meta":"","stick-header-meta":"default","header-above-stick-meta":"","header-main-stick-meta":"","header-below-stick-meta":"","astra-migrate-meta-layouts":"set","ast-page-background-enabled":"default","ast-page-background-meta":{"desktop":{"background-color":"var(--ast-global-color-4)","background-image":"","background-repeat":"repeat","background-position":"center center","background-size":"auto","background-attachment":"scroll","background-type":"","background-media":"","overlay-type":"","overlay-color":"","overlay-opacity":"","overlay-gradient":""},"tablet":{"background-color":"","background-image":"","background-repeat":"repeat","background-position":"center center","background-size":"auto","background-attachment":"scroll","background-type":"","background-media":"","overlay-type":"","overlay-color":"","overlay-opacity":"","overlay-gradient":""},"mobile":{"background-color":"","background-image":"","background-repeat":"repeat","background-position":"center center","background-size":"auto","background-attachment":"scroll","background-type":"","background-media":"","overlay-type":"","overlay-color":"","overlay-opacity":"","overlay-gradient":""}},"ast-content-background-meta":{"desktop":{"background-color":"var(--ast-global-color-5)","background-image":"","background-repeat":"repeat","background-position":"center center","background-size":"auto","background-attachment":"scroll","background-type":"","background-media":"","overlay-type":"","overlay-color":"","overlay-opacity":"","overlay-gradient":""},"tablet":{"background-color":"var(--ast-global-color-5)","background-image":"","background-repeat":"repeat","background-position":"center center","background-size":"auto","background-attachment":"scroll","background-type":"","background-media":"","overlay-type":"","overlay-color":"","overlay-opacity":"","overlay-gradient":""},"mobile":{"background-color":"var(--ast-global-color-5)","background-image":"","background-repeat":"repeat","background-position":"center center","background-size":"auto","background-attachment":"scroll","background-type":"","background-media":"","overlay-type":"","overlay-color":"","overlay-opacity":"","overlay-gradient":""}}},"product_brand":[],"product_cat":[32,33],"product_tag":[],"class_list":{"0":"post-63635","1":"product","2":"type-product","3":"status-publish","4":"has-post-thumbnail","6":"product_cat-meble","7":"product_cat-stoly-stoliki","8":"product_shipping_class-wysylka-180zl","9":"desktop-align-left","10":"tablet-align-left","11":"mobile-align-left","12":"ast-product-gallery-layout-vertical-slider","13":"ast-product-tabs-layout-horizontal","14":"ast-qv-on-image","16":"first","17":"instock","18":"sold-individually","19":"shipping-taxable","20":"purchasable","21":"product-type-simple"},"_links":{"self":[{"href":"https:\/\/antart.com.pl\/en\/wp-json\/wp\/v2\/product\/63635","targetHints":{"allow":["GET"]}}],"collection":[{"href":"https:\/\/antart.com.pl\/en\/wp-json\/wp\/v2\/product"}],"about":[{"href":"https:\/\/antart.com.pl\/en\/wp-json\/wp\/v2\/types\/product"}],"wp:featuredmedia":[{"embeddable":true,"href":"https:\/\/antart.com.pl\/en\/wp-json\/wp\/v2\/media\/63575"}],"wp:attachment":[{"href":"https:\/\/antart.com.pl\/en\/wp-json\/wp\/v2\/media?parent=63635"}],"wp:term":[{"taxonomy":"product_brand","embeddable":true,"href":"https:\/\/antart.com.pl\/en\/wp-json\/wp\/v2\/product_brand?post=63635"},{"taxonomy":"product_cat","embeddable":true,"href":"https:\/\/antart.com.pl\/en\/wp-json\/wp\/v2\/product_cat?post=63635"},{"taxonomy":"product_tag","embeddable":true,"href":"https:\/\/antart.com.pl\/en\/wp-json\/wp\/v2\/product_tag?post=63635"}],"curies":[{"name":"wp","href":"https:\/\/api.w.org\/{rel}","templated":true}]}}