{"id":63641,"date":"2026-02-04T11:29:54","date_gmt":"2026-02-04T10:29:54","guid":{"rendered":"https:\/\/antart.com.pl\/?post_type=product&#038;p=63641"},"modified":"2026-02-04T11:29:55","modified_gmt":"2026-02-04T10:29:55","slug":"hollywood-regency-style-metal-chandelier-from-the-60s-70s-italy","status":"publish","type":"product","link":"https:\/\/antart.com.pl\/en\/produkt\/zyrandol-metalowy-w-stylu-hollywood-regency-z-lat-60-70-tych-wlochy\/","title":{"rendered":"Hollywood Regency style metal chandelier from 1960s\/70s Italy"},"content":{"rendered":"<h4 style=\"text-align: center;\"><em><b>Hollywood Regency style metal chandelier from 1960s\/70s Italy<\/b><\/em><\/h4>\n<h4 style=\"text-align: center;\"><em>A stylish Hollywood-style chandelier from 1960s\/70s Italy. Made of metal in shades of bronze and gold, decorated with leaves and cereal ears.<\/em><\/h4>\n<h4 style=\"text-align: center;\"><em>\u00a0It is ideal for retro or glamour interiors.<\/em><\/h4>\n<h4><em>Dimensions:<\/em><\/h4>\n<ul>\n<li>\n<h4><em>total height of lamp: 75cm<\/em><\/h4>\n<\/li>\n<li>\n<h4><em>diameter: 50cm<\/em><\/h4>\n<\/li>\n<\/ul>\n<h4 style=\"text-align: center;\"><em><b>The photos show the actual condition of the item.<\/b><\/em><\/h4>\n<h4><\/h4>\n<h4><em><b>Order no. 10729<\/b><\/em><\/h4>","protected":false},"excerpt":{"rendered":"<p>\u017byrandol metalowy w stylu Hollywood Regency z lat 60\/70-tych W\u0142ochy Stylowy \u017cyrandol w stylu hollywoodzkim z lat 60.\/70. we W\u0142oszech. Wykonany z metalu w odcieniach br\u0105zu i z\u0142ota, ozdobiony li\u015b\u0107mi i k\u0142osami zb\u00f3\u017c. \u00a0Idealnie pasuje do wn\u0119trz w stylu retro lub glamour. Wymiary: wysoko\u015b\u0107 ca\u0142kowita lampy: 75cm \u015brednica: 50cm Zdj\u0119cia przedstawiaj\u0105 stan faktyczny przedmiotu. Art. [&hellip;]<\/p>\n","protected":false},"featured_media":63664,"template":"","meta":{"_seopress_robots_primary_cat":"","_seopress_titles_title":"","_seopress_titles_desc":"","_seopress_robots_index":"","site-sidebar-layout":"default","site-content-layout":"","ast-site-content-layout":"default","site-content-style":"default","site-sidebar-style":"default","ast-global-header-display":"","ast-banner-title-visibility":"","ast-main-header-display":"","ast-hfb-above-header-display":"","ast-hfb-below-header-display":"","ast-hfb-mobile-header-display":"","site-post-title":"","ast-breadcrumbs-content":"","ast-featured-img":"","footer-sml-layout":"","ast-disable-related-posts":"","theme-transparent-header-meta":"default","adv-header-id-meta":"","stick-header-meta":"default","header-above-stick-meta":"","header-main-stick-meta":"","header-below-stick-meta":"","astra-migrate-meta-layouts":"set","ast-page-background-enabled":"default","ast-page-background-meta":{"desktop":{"background-color":"var(--ast-global-color-4)","background-image":"","background-repeat":"repeat","background-position":"center center","background-size":"auto","background-attachment":"scroll","background-type":"","background-media":"","overlay-type":"","overlay-color":"","overlay-opacity":"","overlay-gradient":""},"tablet":{"background-color":"","background-image":"","background-repeat":"repeat","background-position":"center center","background-size":"auto","background-attachment":"scroll","background-type":"","background-media":"","overlay-type":"","overlay-color":"","overlay-opacity":"","overlay-gradient":""},"mobile":{"background-color":"","background-image":"","background-repeat":"repeat","background-position":"center center","background-size":"auto","background-attachment":"scroll","background-type":"","background-media":"","overlay-type":"","overlay-color":"","overlay-opacity":"","overlay-gradient":""}},"ast-content-background-meta":{"desktop":{"background-color":"var(--ast-global-color-5)","background-image":"","background-repeat":"repeat","background-position":"center center","background-size":"auto","background-attachment":"scroll","background-type":"","background-media":"","overlay-type":"","overlay-color":"","overlay-opacity":"","overlay-gradient":""},"tablet":{"background-color":"var(--ast-global-color-5)","background-image":"","background-repeat":"repeat","background-position":"center center","background-size":"auto","background-attachment":"scroll","background-type":"","background-media":"","overlay-type":"","overlay-color":"","overlay-opacity":"","overlay-gradient":""},"mobile":{"background-color":"var(--ast-global-color-5)","background-image":"","background-repeat":"repeat","background-position":"center center","background-size":"auto","background-attachment":"scroll","background-type":"","background-media":"","overlay-type":"","overlay-color":"","overlay-opacity":"","overlay-gradient":""}}},"product_brand":[],"product_cat":[42,30,325],"product_tag":[],"class_list":{"0":"post-63641","1":"product","2":"type-product","3":"status-publish","4":"has-post-thumbnail","6":"product_cat-lampy-sufitowe","7":"product_cat-oswietlenie","8":"product_cat-zyrandole","9":"product_shipping_class-wysylka-50zl","10":"desktop-align-left","11":"tablet-align-left","12":"mobile-align-left","13":"ast-product-gallery-layout-vertical-slider","14":"ast-product-tabs-layout-horizontal","15":"ast-qv-on-image","17":"first","18":"instock","19":"sold-individually","20":"shipping-taxable","21":"purchasable","22":"product-type-simple"},"_links":{"self":[{"href":"https:\/\/antart.com.pl\/en\/wp-json\/wp\/v2\/product\/63641","targetHints":{"allow":["GET"]}}],"collection":[{"href":"https:\/\/antart.com.pl\/en\/wp-json\/wp\/v2\/product"}],"about":[{"href":"https:\/\/antart.com.pl\/en\/wp-json\/wp\/v2\/types\/product"}],"wp:featuredmedia":[{"embeddable":true,"href":"https:\/\/antart.com.pl\/en\/wp-json\/wp\/v2\/media\/63664"}],"wp:attachment":[{"href":"https:\/\/antart.com.pl\/en\/wp-json\/wp\/v2\/media?parent=63641"}],"wp:term":[{"taxonomy":"product_brand","embeddable":true,"href":"https:\/\/antart.com.pl\/en\/wp-json\/wp\/v2\/product_brand?post=63641"},{"taxonomy":"product_cat","embeddable":true,"href":"https:\/\/antart.com.pl\/en\/wp-json\/wp\/v2\/product_cat?post=63641"},{"taxonomy":"product_tag","embeddable":true,"href":"https:\/\/antart.com.pl\/en\/wp-json\/wp\/v2\/product_tag?post=63641"}],"curies":[{"name":"wp","href":"https:\/\/api.w.org\/{rel}","templated":true}]}}