{"id":63767,"date":"2026-02-05T12:28:12","date_gmt":"2026-02-05T11:28:12","guid":{"rendered":"https:\/\/antart.com.pl\/?post_type=product&#038;p=63767"},"modified":"2026-02-04T12:41:50","modified_gmt":"2026-02-04T11:41:50","slug":"krzeslo-tekowe-metalowe-giete-nogo-wlochy-lata-80-te-vintage-designe","status":"publish","type":"product","link":"https:\/\/antart.com.pl\/en\/produkt\/krzeslo-tekowe-metalowe-giete-nogo-wlochy-lata-80-te-vintage-designe\/","title":{"rendered":"Teak chair, metal bent nogo Italy 1980s vintage designe"},"content":{"rendered":"<h4 style=\"text-align: center;\"><em>Teak chair, metal bent nogo Italy 1980s vintage designe<\/em><\/h4>\n<h4 style=\"text-align: center;\"><em>Stylowe krzes\u0142o na metalowych gi\u0119tych nogach w stylu vintage z lat 80. Mebel wykonany z wysokiej jako\u015bci sklejki drewna tekowego oraz czarnej sk\u00f3ry eko, kt\u00f3re nadaje mu niepowtarzalny charakter. Idealny do uzupe\u0142nienia aran\u017cacji wn\u0119trza w stylu retro lub industrialnym.<\/em><\/h4>\n<h4 style=\"text-align: center;\"><em>Krzes\u0142a posiadaj\u0105 \u015blady u\u017cytkowania na oparciach.<\/em><\/h4>\n<h4><em><b>Approximate dimensions:<\/b><\/em><\/h4>\n<ul>\n<li>\n<h4><em>Wysoko\u015b\u0107 81 cm<\/em><\/h4>\n<\/li>\n<li>\n<h4><em>szeroko\u015b\u0107 47cm<\/em><\/h4>\n<\/li>\n<li>\n<h4><em>depth 50 cm<\/em><\/h4>\n<\/li>\n<li>\n<h4><em>wysoko\u015b\u0107 do siedziska 48cm<\/em><\/h4>\n<\/li>\n<li>\n<h4><em>seat width 45 cm<\/em><\/h4>\n<\/li>\n<li>\n<h4><em>seat depth 38 cm<\/em><\/h4>\n<\/li>\n<\/ul>\n<h4><em><b>Posiadam 5 krzese\u0142.<\/b><\/em><\/h4>\n<h4><em><b>The price is for 1 piece.<\/b><\/em><\/h4>\n<h4 style=\"text-align: center;\"><em><b>The photos show the actual condition of the item.<\/b><\/em><\/h4>\n<h4><em><b>Art. nr. 10726<\/b><\/em><\/h4>","protected":false},"excerpt":{"rendered":"<p>Krzes\u0142o tekowe, metalowe gi\u0119te nogo W\u0142ochy lata 80-te vintage designe Stylowe krzes\u0142o na metalowych gi\u0119tych nogach w stylu vintage z lat 80. Mebel wykonany z wysokiej jako\u015bci sklejki drewna tekowego oraz czarnej sk\u00f3ry eko, kt\u00f3re nadaje mu niepowtarzalny charakter. Idealny do uzupe\u0142nienia aran\u017cacji wn\u0119trza w stylu retro lub industrialnym. Krzes\u0142a posiadaj\u0105 \u015blady u\u017cytkowania na oparciach. [&hellip;]<\/p>\n","protected":false},"featured_media":63736,"template":"","meta":{"_seopress_robots_primary_cat":"","_seopress_titles_title":"","_seopress_titles_desc":"","_seopress_robots_index":"","site-sidebar-layout":"default","site-content-layout":"","ast-site-content-layout":"default","site-content-style":"default","site-sidebar-style":"default","ast-global-header-display":"","ast-banner-title-visibility":"","ast-main-header-display":"","ast-hfb-above-header-display":"","ast-hfb-below-header-display":"","ast-hfb-mobile-header-display":"","site-post-title":"","ast-breadcrumbs-content":"","ast-featured-img":"","footer-sml-layout":"","ast-disable-related-posts":"","theme-transparent-header-meta":"default","adv-header-id-meta":"","stick-header-meta":"default","header-above-stick-meta":"","header-main-stick-meta":"","header-below-stick-meta":"","astra-migrate-meta-layouts":"set","ast-page-background-enabled":"default","ast-page-background-meta":{"desktop":{"background-color":"var(--ast-global-color-4)","background-image":"","background-repeat":"repeat","background-position":"center center","background-size":"auto","background-attachment":"scroll","background-type":"","background-media":"","overlay-type":"","overlay-color":"","overlay-opacity":"","overlay-gradient":""},"tablet":{"background-color":"","background-image":"","background-repeat":"repeat","background-position":"center center","background-size":"auto","background-attachment":"scroll","background-type":"","background-media":"","overlay-type":"","overlay-color":"","overlay-opacity":"","overlay-gradient":""},"mobile":{"background-color":"","background-image":"","background-repeat":"repeat","background-position":"center center","background-size":"auto","background-attachment":"scroll","background-type":"","background-media":"","overlay-type":"","overlay-color":"","overlay-opacity":"","overlay-gradient":""}},"ast-content-background-meta":{"desktop":{"background-color":"var(--ast-global-color-5)","background-image":"","background-repeat":"repeat","background-position":"center center","background-size":"auto","background-attachment":"scroll","background-type":"","background-media":"","overlay-type":"","overlay-color":"","overlay-opacity":"","overlay-gradient":""},"tablet":{"background-color":"var(--ast-global-color-5)","background-image":"","background-repeat":"repeat","background-position":"center center","background-size":"auto","background-attachment":"scroll","background-type":"","background-media":"","overlay-type":"","overlay-color":"","overlay-opacity":"","overlay-gradient":""},"mobile":{"background-color":"var(--ast-global-color-5)","background-image":"","background-repeat":"repeat","background-position":"center center","background-size":"auto","background-attachment":"scroll","background-type":"","background-media":"","overlay-type":"","overlay-color":"","overlay-opacity":"","overlay-gradient":""}}},"product_brand":[],"product_cat":[36,32],"product_tag":[],"class_list":{"0":"post-63767","1":"product","2":"type-product","3":"status-publish","4":"has-post-thumbnail","6":"product_cat-krzesla-taborety","7":"product_cat-meble","8":"product_shipping_class-wysylka-80zl","9":"desktop-align-left","10":"tablet-align-left","11":"mobile-align-left","12":"ast-product-gallery-layout-vertical-slider","13":"ast-product-tabs-layout-horizontal","14":"ast-qv-on-image","16":"first","17":"instock","18":"shipping-taxable","19":"purchasable","20":"product-type-simple"},"_links":{"self":[{"href":"https:\/\/antart.com.pl\/en\/wp-json\/wp\/v2\/product\/63767","targetHints":{"allow":["GET"]}}],"collection":[{"href":"https:\/\/antart.com.pl\/en\/wp-json\/wp\/v2\/product"}],"about":[{"href":"https:\/\/antart.com.pl\/en\/wp-json\/wp\/v2\/types\/product"}],"wp:featuredmedia":[{"embeddable":true,"href":"https:\/\/antart.com.pl\/en\/wp-json\/wp\/v2\/media\/63736"}],"wp:attachment":[{"href":"https:\/\/antart.com.pl\/en\/wp-json\/wp\/v2\/media?parent=63767"}],"wp:term":[{"taxonomy":"product_brand","embeddable":true,"href":"https:\/\/antart.com.pl\/en\/wp-json\/wp\/v2\/product_brand?post=63767"},{"taxonomy":"product_cat","embeddable":true,"href":"https:\/\/antart.com.pl\/en\/wp-json\/wp\/v2\/product_cat?post=63767"},{"taxonomy":"product_tag","embeddable":true,"href":"https:\/\/antart.com.pl\/en\/wp-json\/wp\/v2\/product_tag?post=63767"}],"curies":[{"name":"wp","href":"https:\/\/api.w.org\/{rel}","templated":true}]}}