{"id":63878,"date":"2026-02-06T13:22:08","date_gmt":"2026-02-06T12:22:08","guid":{"rendered":"https:\/\/antart.com.pl\/?post_type=product&#038;p=63878"},"modified":"2026-02-04T13:29:44","modified_gmt":"2026-02-04T12:29:44","slug":"stolik-kawowy-okragly-z-intarsjowanym-blatem-w-stylu-ludwikowskim-francja","status":"publish","type":"product","link":"https:\/\/antart.com.pl\/en\/produkt\/stolik-kawowy-okragly-z-intarsjowanym-blatem-w-stylu-ludwikowskim-francja\/","title":{"rendered":"Round coffee table with inlaid top in Louisville style France"},"content":{"rendered":"<h4 style=\"text-align: center;\"><em><strong>Round coffee table with inlaid top in Louisville style France<\/strong><\/em><\/h4>\n<h4 style=\"text-align: center;\"><em><strong>Stylowy, okr\u0105g\u0142y stolik kawowy z rze\u017abionym, intarsjowanym blatem w stylu francuskim Ludwika. Pi\u0119kne, drewniane wyko\u0144czenie nadaje mu elegancki wygl\u0105d.<\/strong><\/em><\/h4>\n<h4 style=\"text-align: center;\"><em><strong>Mebel posiada pi\u0119kny, drewniany wz\u00f3r, kt\u00f3ry nadaje mu elegancki wygl\u0105d. Stolik jest u\u017cywany, ale wci\u0105\u017c w dobrym stanie. Mo\u017ce stanowi\u0107 ciekawy dodatek do salonu lub innego pomieszczenia.<\/strong><\/em><\/h4>\n<h4><em><strong>Dimensions<\/strong><\/em><\/h4>\n<ul>\n<li>\n<h4><em><strong>diameter: 56 cm<\/strong><\/em><\/h4>\n<\/li>\n<li>\n<h4><em><strong>height: 60 cm<\/strong><\/em><\/h4>\n<\/li>\n<\/ul>\n<h4 style=\"text-align: center;\"><\/h4>\n<h4 style=\"text-align: center;\"><em><strong>The photos show the actual condition of the item.<\/strong><\/em><\/h4>\n<h4><\/h4>\n<h4><em><strong>nr.10722<\/strong><\/em><\/h4>","protected":false},"excerpt":{"rendered":"<p>Stolik kawowy okr\u0105g\u0142y z intarsjowanym blatem w stylu ludwikowskim Francja Stylowy, okr\u0105g\u0142y stolik kawowy z rze\u017abionym, intarsjowanym blatem w stylu francuskim Ludwika. Pi\u0119kne, drewniane wyko\u0144czenie nadaje mu elegancki wygl\u0105d. Mebel posiada pi\u0119kny, drewniany wz\u00f3r, kt\u00f3ry nadaje mu elegancki wygl\u0105d. Stolik jest u\u017cywany, ale wci\u0105\u017c w dobrym stanie. Mo\u017ce stanowi\u0107 ciekawy dodatek do salonu lub innego [&hellip;]<\/p>\n","protected":false},"featured_media":63797,"template":"","meta":{"_seopress_robots_primary_cat":"","_seopress_titles_title":"","_seopress_titles_desc":"","_seopress_robots_index":"","site-sidebar-layout":"default","site-content-layout":"","ast-site-content-layout":"default","site-content-style":"default","site-sidebar-style":"default","ast-global-header-display":"","ast-banner-title-visibility":"","ast-main-header-display":"","ast-hfb-above-header-display":"","ast-hfb-below-header-display":"","ast-hfb-mobile-header-display":"","site-post-title":"","ast-breadcrumbs-content":"","ast-featured-img":"","footer-sml-layout":"","ast-disable-related-posts":"","theme-transparent-header-meta":"default","adv-header-id-meta":"","stick-header-meta":"default","header-above-stick-meta":"","header-main-stick-meta":"","header-below-stick-meta":"","astra-migrate-meta-layouts":"set","ast-page-background-enabled":"default","ast-page-background-meta":{"desktop":{"background-color":"var(--ast-global-color-4)","background-image":"","background-repeat":"repeat","background-position":"center center","background-size":"auto","background-attachment":"scroll","background-type":"","background-media":"","overlay-type":"","overlay-color":"","overlay-opacity":"","overlay-gradient":""},"tablet":{"background-color":"","background-image":"","background-repeat":"repeat","background-position":"center center","background-size":"auto","background-attachment":"scroll","background-type":"","background-media":"","overlay-type":"","overlay-color":"","overlay-opacity":"","overlay-gradient":""},"mobile":{"background-color":"","background-image":"","background-repeat":"repeat","background-position":"center center","background-size":"auto","background-attachment":"scroll","background-type":"","background-media":"","overlay-type":"","overlay-color":"","overlay-opacity":"","overlay-gradient":""}},"ast-content-background-meta":{"desktop":{"background-color":"var(--ast-global-color-5)","background-image":"","background-repeat":"repeat","background-position":"center center","background-size":"auto","background-attachment":"scroll","background-type":"","background-media":"","overlay-type":"","overlay-color":"","overlay-opacity":"","overlay-gradient":""},"tablet":{"background-color":"var(--ast-global-color-5)","background-image":"","background-repeat":"repeat","background-position":"center center","background-size":"auto","background-attachment":"scroll","background-type":"","background-media":"","overlay-type":"","overlay-color":"","overlay-opacity":"","overlay-gradient":""},"mobile":{"background-color":"var(--ast-global-color-5)","background-image":"","background-repeat":"repeat","background-position":"center center","background-size":"auto","background-attachment":"scroll","background-type":"","background-media":"","overlay-type":"","overlay-color":"","overlay-opacity":"","overlay-gradient":""}}},"product_brand":[],"product_cat":[32,33],"product_tag":[],"class_list":{"0":"post-63878","1":"product","2":"type-product","3":"status-publish","4":"has-post-thumbnail","6":"product_cat-meble","7":"product_cat-stoly-stoliki","8":"product_shipping_class-wysylka-60zl","9":"desktop-align-left","10":"tablet-align-left","11":"mobile-align-left","12":"ast-product-gallery-layout-vertical-slider","13":"ast-product-tabs-layout-horizontal","14":"ast-qv-on-image","16":"first","17":"instock","18":"sold-individually","19":"shipping-taxable","20":"purchasable","21":"product-type-simple"},"_links":{"self":[{"href":"https:\/\/antart.com.pl\/en\/wp-json\/wp\/v2\/product\/63878","targetHints":{"allow":["GET"]}}],"collection":[{"href":"https:\/\/antart.com.pl\/en\/wp-json\/wp\/v2\/product"}],"about":[{"href":"https:\/\/antart.com.pl\/en\/wp-json\/wp\/v2\/types\/product"}],"wp:featuredmedia":[{"embeddable":true,"href":"https:\/\/antart.com.pl\/en\/wp-json\/wp\/v2\/media\/63797"}],"wp:attachment":[{"href":"https:\/\/antart.com.pl\/en\/wp-json\/wp\/v2\/media?parent=63878"}],"wp:term":[{"taxonomy":"product_brand","embeddable":true,"href":"https:\/\/antart.com.pl\/en\/wp-json\/wp\/v2\/product_brand?post=63878"},{"taxonomy":"product_cat","embeddable":true,"href":"https:\/\/antart.com.pl\/en\/wp-json\/wp\/v2\/product_cat?post=63878"},{"taxonomy":"product_tag","embeddable":true,"href":"https:\/\/antart.com.pl\/en\/wp-json\/wp\/v2\/product_tag?post=63878"}],"curies":[{"name":"wp","href":"https:\/\/api.w.org\/{rel}","templated":true}]}}