{"id":63881,"date":"2026-02-06T13:39:59","date_gmt":"2026-02-06T12:39:59","guid":{"rendered":"https:\/\/antart.com.pl\/?post_type=product&#038;p=63881"},"modified":"2026-02-04T13:44:46","modified_gmt":"2026-02-04T12:44:46","slug":"szafka-pomocnik-chiny-xix-xx-wiek-lite-drewno-palisander","status":"publish","type":"product","link":"https:\/\/antart.com.pl\/en\/produkt\/szafka-pomocnik-chiny-xix-xx-wiek-lite-drewno-palisander\/","title":{"rendered":"Pedestal cabinet China 19th\/20th century solid wood rosewood"},"content":{"rendered":"<h4 style=\"text-align: center;\"><em>Pedestal cabinet China 19th\/20th century solid wood rosewood<\/em><\/h4>\n<h4 style=\"text-align: center;\"><em>Stylowy, antyczny pomocnik z litego drewna palisandrowego z Chin z XIX\/XX wieku. Mebel posiada jeden szuflad\u0119 i ozdobn\u0105 ram\u0119. Posiada \u015blady u\u017cytkowania, ale zachowuje sw\u00f3j unikatowy charakter.<\/em><\/h4>\n<h4><em>Dimensions:<\/em><\/h4>\n<ul>\n<li>\n<h4><em>height 82 cm<\/em><\/h4>\n<\/li>\n<li>\n<h4><em>width 38 cm<\/em><\/h4>\n<\/li>\n<li>\n<h4><em>38 cm deep<\/em><\/h4>\n<\/li>\n<\/ul>\n<h4 style=\"text-align: center;\"><em>The photos show the actual condition of the item.<\/em><\/h4>\n<h4><em>NR. ART 10721<\/em><\/h4>","protected":false},"excerpt":{"rendered":"<p>Szafka pomocnik Chiny XIX\/XX wiek lite drewno palisander Stylowy, antyczny pomocnik z litego drewna palisandrowego z Chin z XIX\/XX wieku. Mebel posiada jeden szuflad\u0119 i ozdobn\u0105 ram\u0119. Posiada \u015blady u\u017cytkowania, ale zachowuje sw\u00f3j unikatowy charakter. Wymiary: wysoko\u015b\u0107 82 cm szeroko\u015b\u0107 38 cm g\u0142\u0119boko\u015b\u0107 38 cm Zdj\u0119cia przedstawiaj\u0105 stan faktyczny przedmiotu. NR. ART 10721<\/p>","protected":false},"featured_media":63804,"template":"","meta":{"_seopress_robots_primary_cat":"","_seopress_titles_title":"","_seopress_titles_desc":"","_seopress_robots_index":"","site-sidebar-layout":"default","site-content-layout":"","ast-site-content-layout":"default","site-content-style":"default","site-sidebar-style":"default","ast-global-header-display":"","ast-banner-title-visibility":"","ast-main-header-display":"","ast-hfb-above-header-display":"","ast-hfb-below-header-display":"","ast-hfb-mobile-header-display":"","site-post-title":"","ast-breadcrumbs-content":"","ast-featured-img":"","footer-sml-layout":"","ast-disable-related-posts":"","theme-transparent-header-meta":"default","adv-header-id-meta":"","stick-header-meta":"default","header-above-stick-meta":"","header-main-stick-meta":"","header-below-stick-meta":"","astra-migrate-meta-layouts":"set","ast-page-background-enabled":"default","ast-page-background-meta":{"desktop":{"background-color":"var(--ast-global-color-4)","background-image":"","background-repeat":"repeat","background-position":"center center","background-size":"auto","background-attachment":"scroll","background-type":"","background-media":"","overlay-type":"","overlay-color":"","overlay-opacity":"","overlay-gradient":""},"tablet":{"background-color":"","background-image":"","background-repeat":"repeat","background-position":"center center","background-size":"auto","background-attachment":"scroll","background-type":"","background-media":"","overlay-type":"","overlay-color":"","overlay-opacity":"","overlay-gradient":""},"mobile":{"background-color":"","background-image":"","background-repeat":"repeat","background-position":"center center","background-size":"auto","background-attachment":"scroll","background-type":"","background-media":"","overlay-type":"","overlay-color":"","overlay-opacity":"","overlay-gradient":""}},"ast-content-background-meta":{"desktop":{"background-color":"var(--ast-global-color-5)","background-image":"","background-repeat":"repeat","background-position":"center center","background-size":"auto","background-attachment":"scroll","background-type":"","background-media":"","overlay-type":"","overlay-color":"","overlay-opacity":"","overlay-gradient":""},"tablet":{"background-color":"var(--ast-global-color-5)","background-image":"","background-repeat":"repeat","background-position":"center center","background-size":"auto","background-attachment":"scroll","background-type":"","background-media":"","overlay-type":"","overlay-color":"","overlay-opacity":"","overlay-gradient":""},"mobile":{"background-color":"var(--ast-global-color-5)","background-image":"","background-repeat":"repeat","background-position":"center center","background-size":"auto","background-attachment":"scroll","background-type":"","background-media":"","overlay-type":"","overlay-color":"","overlay-opacity":"","overlay-gradient":""}}},"product_brand":[],"product_cat":[37,32,38],"product_tag":[],"class_list":{"0":"post-63881","1":"product","2":"type-product","3":"status-publish","4":"has-post-thumbnail","6":"product_cat-komody","7":"product_cat-meble","8":"product_cat-szafy-szafki","9":"product_shipping_class-wysylka-60zl","10":"desktop-align-left","11":"tablet-align-left","12":"mobile-align-left","13":"ast-product-gallery-layout-vertical-slider","14":"ast-product-tabs-layout-horizontal","15":"ast-qv-on-image","17":"first","18":"instock","19":"sold-individually","20":"shipping-taxable","21":"purchasable","22":"product-type-simple"},"_links":{"self":[{"href":"https:\/\/antart.com.pl\/en\/wp-json\/wp\/v2\/product\/63881","targetHints":{"allow":["GET"]}}],"collection":[{"href":"https:\/\/antart.com.pl\/en\/wp-json\/wp\/v2\/product"}],"about":[{"href":"https:\/\/antart.com.pl\/en\/wp-json\/wp\/v2\/types\/product"}],"wp:featuredmedia":[{"embeddable":true,"href":"https:\/\/antart.com.pl\/en\/wp-json\/wp\/v2\/media\/63804"}],"wp:attachment":[{"href":"https:\/\/antart.com.pl\/en\/wp-json\/wp\/v2\/media?parent=63881"}],"wp:term":[{"taxonomy":"product_brand","embeddable":true,"href":"https:\/\/antart.com.pl\/en\/wp-json\/wp\/v2\/product_brand?post=63881"},{"taxonomy":"product_cat","embeddable":true,"href":"https:\/\/antart.com.pl\/en\/wp-json\/wp\/v2\/product_cat?post=63881"},{"taxonomy":"product_tag","embeddable":true,"href":"https:\/\/antart.com.pl\/en\/wp-json\/wp\/v2\/product_tag?post=63881"}],"curies":[{"name":"wp","href":"https:\/\/api.w.org\/{rel}","templated":true}]}}