{"id":63884,"date":"2026-02-06T14:08:04","date_gmt":"2026-02-06T13:08:04","guid":{"rendered":"https:\/\/antart.com.pl\/?post_type=product&#038;p=63884"},"modified":"2026-02-04T14:18:26","modified_gmt":"2026-02-04T13:18:26","slug":"fotel-tron-w-stylu-ludwikowskim-na-sprezynach","status":"publish","type":"product","link":"https:\/\/antart.com.pl\/en\/produkt\/fotel-tron-w-stylu-ludwikowskim-na-sprezynach\/","title":{"rendered":"Armchair, Louisville-style throne on springs"},"content":{"rendered":"<h4 style=\"text-align: center;\"><strong><em>Armchair, Louisville-style throne on springs<\/em><\/strong><\/h4>\n<h4 style=\"text-align: center;\"><strong><em>Stylowy fotel w stylu Ludwika XV, na spr\u0119\u017cynach, z drewnian\u0105, rze\u017abion\u0105 ram\u0105 w ciemnym odcieniu. Tapicerka w pionowe pasy w kolorach czerwieni i be\u017cu, dodaj\u0105ca elegancji temu meblu.<\/em><\/strong><\/h4>\n<h4 style=\"text-align: center;\"><strong><em>Tapicerka posiada dziurki i zaci\u0105gni\u0119cia. Tapicerka do wymiany.<\/em><\/strong><\/h4>\n<h4><strong><em>Dimensions:<\/em><\/strong><\/h4>\n<ul>\n<li>\n<h4><strong><em>height: 102 cm<\/em><\/strong><\/h4>\n<\/li>\n<li>\n<h4><strong><em>width: 76 cm<\/em><\/strong><\/h4>\n<\/li>\n<li>\n<h4><strong><em>depth: 60 cm<\/em><\/strong><\/h4>\n<\/li>\n<li>\n<h4><strong><em>height to seat: 43 cm<\/em><\/strong><\/h4>\n<\/li>\n<li>\n<h4><strong><em>seat width: 58 cm<\/em><\/strong><\/h4>\n<\/li>\n<li>\n<h4><strong><em>seat depth 53 cm<\/em><\/strong><\/h4>\n<\/li>\n<\/ul>\n<h4 style=\"text-align: center;\"><strong><em>The photos show the actual condition of the item.<\/em><\/strong><\/h4>\n<h4><strong><em>Art. nr. 10720<\/em><\/strong><\/h4>","protected":false},"excerpt":{"rendered":"<p>Fotel, tron w stylu ludwikowskim na spr\u0119\u017cynach Stylowy fotel w stylu Ludwika XV, na spr\u0119\u017cynach, z drewnian\u0105, rze\u017abion\u0105 ram\u0105 w ciemnym odcieniu. Tapicerka w pionowe pasy w kolorach czerwieni i be\u017cu, dodaj\u0105ca elegancji temu meblu. Tapicerka posiada dziurki i zaci\u0105gni\u0119cia. Tapicerka do wymiany. Wymiary: wysoko\u015b\u0107: 102 cm szeroko\u015b\u0107: 76 cm g\u0142\u0119boko\u015b\u0107: 60 cm wysoko\u015b\u0107 do [&hellip;]<\/p>\n","protected":false},"featured_media":63821,"template":"","meta":{"_seopress_robots_primary_cat":"","_seopress_titles_title":"","_seopress_titles_desc":"","_seopress_robots_index":"","site-sidebar-layout":"default","site-content-layout":"","ast-site-content-layout":"default","site-content-style":"default","site-sidebar-style":"default","ast-global-header-display":"","ast-banner-title-visibility":"","ast-main-header-display":"","ast-hfb-above-header-display":"","ast-hfb-below-header-display":"","ast-hfb-mobile-header-display":"","site-post-title":"","ast-breadcrumbs-content":"","ast-featured-img":"","footer-sml-layout":"","ast-disable-related-posts":"","theme-transparent-header-meta":"default","adv-header-id-meta":"","stick-header-meta":"default","header-above-stick-meta":"","header-main-stick-meta":"","header-below-stick-meta":"","astra-migrate-meta-layouts":"set","ast-page-background-enabled":"default","ast-page-background-meta":{"desktop":{"background-color":"var(--ast-global-color-4)","background-image":"","background-repeat":"repeat","background-position":"center center","background-size":"auto","background-attachment":"scroll","background-type":"","background-media":"","overlay-type":"","overlay-color":"","overlay-opacity":"","overlay-gradient":""},"tablet":{"background-color":"","background-image":"","background-repeat":"repeat","background-position":"center center","background-size":"auto","background-attachment":"scroll","background-type":"","background-media":"","overlay-type":"","overlay-color":"","overlay-opacity":"","overlay-gradient":""},"mobile":{"background-color":"","background-image":"","background-repeat":"repeat","background-position":"center center","background-size":"auto","background-attachment":"scroll","background-type":"","background-media":"","overlay-type":"","overlay-color":"","overlay-opacity":"","overlay-gradient":""}},"ast-content-background-meta":{"desktop":{"background-color":"var(--ast-global-color-5)","background-image":"","background-repeat":"repeat","background-position":"center center","background-size":"auto","background-attachment":"scroll","background-type":"","background-media":"","overlay-type":"","overlay-color":"","overlay-opacity":"","overlay-gradient":""},"tablet":{"background-color":"var(--ast-global-color-5)","background-image":"","background-repeat":"repeat","background-position":"center center","background-size":"auto","background-attachment":"scroll","background-type":"","background-media":"","overlay-type":"","overlay-color":"","overlay-opacity":"","overlay-gradient":""},"mobile":{"background-color":"var(--ast-global-color-5)","background-image":"","background-repeat":"repeat","background-position":"center center","background-size":"auto","background-attachment":"scroll","background-type":"","background-media":"","overlay-type":"","overlay-color":"","overlay-opacity":"","overlay-gradient":""}}},"product_brand":[],"product_cat":[39,32],"product_tag":[],"class_list":{"0":"post-63884","1":"product","2":"type-product","3":"status-publish","4":"has-post-thumbnail","6":"product_cat-fotele-puf","7":"product_cat-meble","8":"product_shipping_class-wysylka-100zl","9":"desktop-align-left","10":"tablet-align-left","11":"mobile-align-left","12":"ast-product-gallery-layout-vertical-slider","13":"ast-product-tabs-layout-horizontal","14":"ast-qv-on-image","16":"first","17":"instock","18":"sold-individually","19":"shipping-taxable","20":"purchasable","21":"product-type-simple"},"_links":{"self":[{"href":"https:\/\/antart.com.pl\/en\/wp-json\/wp\/v2\/product\/63884","targetHints":{"allow":["GET"]}}],"collection":[{"href":"https:\/\/antart.com.pl\/en\/wp-json\/wp\/v2\/product"}],"about":[{"href":"https:\/\/antart.com.pl\/en\/wp-json\/wp\/v2\/types\/product"}],"wp:featuredmedia":[{"embeddable":true,"href":"https:\/\/antart.com.pl\/en\/wp-json\/wp\/v2\/media\/63821"}],"wp:attachment":[{"href":"https:\/\/antart.com.pl\/en\/wp-json\/wp\/v2\/media?parent=63884"}],"wp:term":[{"taxonomy":"product_brand","embeddable":true,"href":"https:\/\/antart.com.pl\/en\/wp-json\/wp\/v2\/product_brand?post=63884"},{"taxonomy":"product_cat","embeddable":true,"href":"https:\/\/antart.com.pl\/en\/wp-json\/wp\/v2\/product_cat?post=63884"},{"taxonomy":"product_tag","embeddable":true,"href":"https:\/\/antart.com.pl\/en\/wp-json\/wp\/v2\/product_tag?post=63884"}],"curies":[{"name":"wp","href":"https:\/\/api.w.org\/{rel}","templated":true}]}}