{"id":64140,"date":"2026-02-08T11:53:50","date_gmt":"2026-02-08T10:53:50","guid":{"rendered":"https:\/\/antart.com.pl\/?post_type=product&#038;p=64140"},"modified":"2026-02-05T12:07:47","modified_gmt":"2026-02-05T11:07:47","slug":"serving-cabinet-rosewood-veneer-1970s-1980s","status":"publish","type":"product","link":"https:\/\/antart.com.pl\/en\/produkt\/witryna-serwantka-fornir-palisander-z-lat-70-80-tych\/","title":{"rendered":"Portrait cabinet, rosewood veneer 1970s\/1980s"},"content":{"rendered":"<h4 style=\"text-align: center;\"><em><strong>Portrait cabinet, rosewood veneer 1970s\/1980s<\/strong><\/em><\/h4>\n<h4 style=\"text-align: center;\"><em><strong>A stylish display cabinet in rosewood, veneered with a wood panel rhodes from the 1970s\/80s. It has beautiful decorative patterns on the fronts that give it an elegant look. Perfect for a modern or classic interior.<\/strong><\/em><\/h4>\n<h4 style=\"text-align: center;\"><em><strong>The illuminated vitrine gives a glow to the room and the back wall is lined with a mirror.<\/strong><\/em><\/h4>\n<h4><em><strong>Dimensions:<\/strong><\/em><\/h4>\n<ul>\n<li>\n<h4><em><strong>height: 116 cm<\/strong><\/em><\/h4>\n<\/li>\n<li>\n<h4><em><strong>width: 88 cm<\/strong><\/em><\/h4>\n<\/li>\n<li>\n<h4><em><strong>depth : 30 cm<\/strong><\/em><\/h4>\n<\/li>\n<\/ul>\n<h4 style=\"text-align: center;\"><em><strong>The photos show the actual state of the object<\/strong><\/em><\/h4>\n<h4><em><strong>Order no. 10708<\/strong><\/em><\/h4>","protected":false},"excerpt":{"rendered":"<p>Witryna, serwantka \u00a0fornir palisander z lat 70\/80-tych Stylowa witryna w kolorze palisandru, fornirowany p\u0142yt\u0105 z drewna rodem z lat 70\/80- tych. Posiada pi\u0119kne, dekoracyjne wzory na frontach, kt\u00f3re nadaj\u0105 mu elegancki wygl\u0105d. Doskona\u0142y do nowoczesnego lub klasycznego wn\u0119trza. Witryna pod\u015bwietlana nadaj\u0105ca blask w pomieszczeniu oraz tylna \u015bciana wy\u0142o\u017cona jest lustrem. Wymiary: wysoko\u015b\u0107: 116 cm szeroko\u015b\u0107: [&hellip;]<\/p>\n","protected":false},"featured_media":64081,"template":"","meta":{"_seopress_robots_primary_cat":"none","_seopress_titles_title":"","_seopress_titles_desc":"","_seopress_robots_index":"","site-sidebar-layout":"default","site-content-layout":"","ast-site-content-layout":"default","site-content-style":"default","site-sidebar-style":"default","ast-global-header-display":"","ast-banner-title-visibility":"","ast-main-header-display":"","ast-hfb-above-header-display":"","ast-hfb-below-header-display":"","ast-hfb-mobile-header-display":"","site-post-title":"","ast-breadcrumbs-content":"","ast-featured-img":"","footer-sml-layout":"","ast-disable-related-posts":"","theme-transparent-header-meta":"default","adv-header-id-meta":"","stick-header-meta":"default","header-above-stick-meta":"","header-main-stick-meta":"","header-below-stick-meta":"","astra-migrate-meta-layouts":"set","ast-page-background-enabled":"default","ast-page-background-meta":{"desktop":{"background-color":"var(--ast-global-color-4)","background-image":"","background-repeat":"repeat","background-position":"center center","background-size":"auto","background-attachment":"scroll","background-type":"","background-media":"","overlay-type":"","overlay-color":"","overlay-opacity":"","overlay-gradient":""},"tablet":{"background-color":"","background-image":"","background-repeat":"repeat","background-position":"center center","background-size":"auto","background-attachment":"scroll","background-type":"","background-media":"","overlay-type":"","overlay-color":"","overlay-opacity":"","overlay-gradient":""},"mobile":{"background-color":"","background-image":"","background-repeat":"repeat","background-position":"center center","background-size":"auto","background-attachment":"scroll","background-type":"","background-media":"","overlay-type":"","overlay-color":"","overlay-opacity":"","overlay-gradient":""}},"ast-content-background-meta":{"desktop":{"background-color":"var(--ast-global-color-5)","background-image":"","background-repeat":"repeat","background-position":"center center","background-size":"auto","background-attachment":"scroll","background-type":"","background-media":"","overlay-type":"","overlay-color":"","overlay-opacity":"","overlay-gradient":""},"tablet":{"background-color":"var(--ast-global-color-5)","background-image":"","background-repeat":"repeat","background-position":"center center","background-size":"auto","background-attachment":"scroll","background-type":"","background-media":"","overlay-type":"","overlay-color":"","overlay-opacity":"","overlay-gradient":""},"mobile":{"background-color":"var(--ast-global-color-5)","background-image":"","background-repeat":"repeat","background-position":"center center","background-size":"auto","background-attachment":"scroll","background-type":"","background-media":"","overlay-type":"","overlay-color":"","overlay-opacity":"","overlay-gradient":""}}},"product_brand":[],"product_cat":[32,79],"product_tag":[],"class_list":{"0":"post-64140","1":"product","2":"type-product","3":"status-publish","4":"has-post-thumbnail","6":"product_cat-meble","7":"product_cat-serwantki-witryny","8":"product_shipping_class-wysylka-140zl","9":"desktop-align-left","10":"tablet-align-left","11":"mobile-align-left","12":"ast-product-gallery-layout-vertical-slider","13":"ast-product-tabs-layout-horizontal","14":"ast-qv-on-image","16":"first","17":"instock","18":"sold-individually","19":"shipping-taxable","20":"purchasable","21":"product-type-simple"},"_links":{"self":[{"href":"https:\/\/antart.com.pl\/en\/wp-json\/wp\/v2\/product\/64140","targetHints":{"allow":["GET"]}}],"collection":[{"href":"https:\/\/antart.com.pl\/en\/wp-json\/wp\/v2\/product"}],"about":[{"href":"https:\/\/antart.com.pl\/en\/wp-json\/wp\/v2\/types\/product"}],"wp:featuredmedia":[{"embeddable":true,"href":"https:\/\/antart.com.pl\/en\/wp-json\/wp\/v2\/media\/64081"}],"wp:attachment":[{"href":"https:\/\/antart.com.pl\/en\/wp-json\/wp\/v2\/media?parent=64140"}],"wp:term":[{"taxonomy":"product_brand","embeddable":true,"href":"https:\/\/antart.com.pl\/en\/wp-json\/wp\/v2\/product_brand?post=64140"},{"taxonomy":"product_cat","embeddable":true,"href":"https:\/\/antart.com.pl\/en\/wp-json\/wp\/v2\/product_cat?post=64140"},{"taxonomy":"product_tag","embeddable":true,"href":"https:\/\/antart.com.pl\/en\/wp-json\/wp\/v2\/product_tag?post=64140"}],"curies":[{"name":"wp","href":"https:\/\/api.w.org\/{rel}","templated":true}]}}