{"id":64155,"date":"2026-02-09T13:08:01","date_gmt":"2026-02-09T12:08:01","guid":{"rendered":"https:\/\/antart.com.pl\/?post_type=product&#038;p=64155"},"modified":"2026-02-05T13:32:25","modified_gmt":"2026-02-05T12:32:25","slug":"komplet-4-stolikow-edwardianskie-drewnianych-z-1900r","status":"publish","type":"product","link":"https:\/\/antart.com.pl\/en\/produkt\/komplet-4-stolikow-edwardianskie-drewnianych-z-1900r\/","title":{"rendered":"Set of 4 Edwardian wooden tables from 1900"},"content":{"rendered":"<h4 style=\"text-align: center;\"><em><strong>Set of 4 Edwardian wooden tables from 1900<\/strong><\/em><\/h4>\n<h4 style=\"text-align: center;\"><em><strong>Zestaw czterech drewnianych stolik\u00f3w w stylu edwardia\u0144skim z 1900 roku. Stoliki maj\u0105 ciemne, drewniane blaty i nogi.<\/strong><\/em><\/h4>\n<h4 style=\"text-align: center;\"><em><strong>Stoliki bogato zdobione, r\u0119cznie malowane motywem kwiatowym.<\/strong><\/em><\/h4>\n<h4 style=\"text-align: center;\"><em><strong>Meble s\u0105 w u\u017cywanym stanie, ale nadal w dobrym stanie i gotowe do u\u017cytku.<\/strong><\/em><\/h4>\n<h4 style=\"text-align: center;\"><em><strong>Jeden stolik posiada uczerniony rant.<\/strong><\/em><\/h4>\n<h4><em><strong>Dimensions:<\/strong><\/em><\/h4>\n<p>&nbsp;<\/p>\n<h4><em><strong>1 table<\/strong><\/em><\/h4>\n<ul>\n<li><em><strong>length: 58cm<\/strong><\/em><\/li>\n<li><em><strong>szeroko\u015b\u0107:42 cm<\/strong><\/em><\/li>\n<li><em><strong>height: 73 cm<\/strong><\/em><\/li>\n<\/ul>\n<p>&nbsp;<\/p>\n<h4><em><strong>2 table<\/strong><\/em><\/h4>\n<p>&nbsp;<\/p>\n<ul>\n<li><em><strong>length: 47 cm<\/strong><\/em><\/li>\n<li><em><strong>width: 37 cm<\/strong><\/em><\/li>\n<li><em><strong>height: 70 cm<\/strong><\/em><\/li>\n<\/ul>\n<p>&nbsp;<\/p>\n<h4><em><strong>3 table<\/strong><\/em><\/h4>\n<p>&nbsp;<\/p>\n<ul>\n<li><em><strong>length: 40cm<\/strong><\/em><\/li>\n<li><em><strong>szeroko\u015b\u0107:32cm<\/strong><\/em><\/li>\n<li><em><strong>height: 68 cm<\/strong><\/em><\/li>\n<\/ul>\n<p>&nbsp;<\/p>\n<h4><em><strong>4 stolik<\/strong><\/em><\/h4>\n<p>&nbsp;<\/p>\n<ul>\n<li><em><strong>length: 33cm<\/strong><\/em><\/li>\n<li><em><strong>szeroko\u015b\u0107:29cm<\/strong><\/em><\/li>\n<li><em><strong>height: 66 cm<\/strong><\/em><\/li>\n<\/ul>\n<p>&nbsp;<\/p>\n<h4 style=\"text-align: center;\"><em><strong>The photos show the actual state of the object<\/strong><\/em><\/h4>\n<h4><em><strong>nr.10704<\/strong><\/em><\/h4>","protected":false},"excerpt":{"rendered":"<p>Komplet 4 stolik\u00f3w edwardia\u0144skie drewnianych z 1900r Zestaw czterech drewnianych stolik\u00f3w w stylu edwardia\u0144skim z 1900 roku. Stoliki maj\u0105 ciemne, drewniane blaty i nogi. Stoliki bogato zdobione, r\u0119cznie malowane motywem kwiatowym. Meble s\u0105 w u\u017cywanym stanie, ale nadal w dobrym stanie i gotowe do u\u017cytku. Jeden stolik posiada uczerniony rant. Wymiary: &nbsp; 1 stolik d\u0142ugo\u015b\u0107: [&hellip;]<\/p>\n","protected":false},"featured_media":64165,"template":"","meta":{"_seopress_robots_primary_cat":"","_seopress_titles_title":"","_seopress_titles_desc":"","_seopress_robots_index":"","site-sidebar-layout":"default","site-content-layout":"","ast-site-content-layout":"default","site-content-style":"default","site-sidebar-style":"default","ast-global-header-display":"","ast-banner-title-visibility":"","ast-main-header-display":"","ast-hfb-above-header-display":"","ast-hfb-below-header-display":"","ast-hfb-mobile-header-display":"","site-post-title":"","ast-breadcrumbs-content":"","ast-featured-img":"","footer-sml-layout":"","ast-disable-related-posts":"","theme-transparent-header-meta":"default","adv-header-id-meta":"","stick-header-meta":"default","header-above-stick-meta":"","header-main-stick-meta":"","header-below-stick-meta":"","astra-migrate-meta-layouts":"set","ast-page-background-enabled":"default","ast-page-background-meta":{"desktop":{"background-color":"var(--ast-global-color-4)","background-image":"","background-repeat":"repeat","background-position":"center center","background-size":"auto","background-attachment":"scroll","background-type":"","background-media":"","overlay-type":"","overlay-color":"","overlay-opacity":"","overlay-gradient":""},"tablet":{"background-color":"","background-image":"","background-repeat":"repeat","background-position":"center center","background-size":"auto","background-attachment":"scroll","background-type":"","background-media":"","overlay-type":"","overlay-color":"","overlay-opacity":"","overlay-gradient":""},"mobile":{"background-color":"","background-image":"","background-repeat":"repeat","background-position":"center center","background-size":"auto","background-attachment":"scroll","background-type":"","background-media":"","overlay-type":"","overlay-color":"","overlay-opacity":"","overlay-gradient":""}},"ast-content-background-meta":{"desktop":{"background-color":"var(--ast-global-color-5)","background-image":"","background-repeat":"repeat","background-position":"center center","background-size":"auto","background-attachment":"scroll","background-type":"","background-media":"","overlay-type":"","overlay-color":"","overlay-opacity":"","overlay-gradient":""},"tablet":{"background-color":"var(--ast-global-color-5)","background-image":"","background-repeat":"repeat","background-position":"center center","background-size":"auto","background-attachment":"scroll","background-type":"","background-media":"","overlay-type":"","overlay-color":"","overlay-opacity":"","overlay-gradient":""},"mobile":{"background-color":"var(--ast-global-color-5)","background-image":"","background-repeat":"repeat","background-position":"center center","background-size":"auto","background-attachment":"scroll","background-type":"","background-media":"","overlay-type":"","overlay-color":"","overlay-opacity":"","overlay-gradient":""}}},"product_brand":[],"product_cat":[32,33],"product_tag":[],"class_list":{"0":"post-64155","1":"product","2":"type-product","3":"status-publish","4":"has-post-thumbnail","6":"product_cat-meble","7":"product_cat-stoly-stoliki","8":"product_shipping_class-wysylka-70zl","9":"desktop-align-left","10":"tablet-align-left","11":"mobile-align-left","12":"ast-product-gallery-layout-vertical-slider","13":"ast-product-tabs-layout-horizontal","14":"ast-qv-on-image","16":"first","17":"instock","18":"sold-individually","19":"shipping-taxable","20":"purchasable","21":"product-type-simple"},"_links":{"self":[{"href":"https:\/\/antart.com.pl\/en\/wp-json\/wp\/v2\/product\/64155","targetHints":{"allow":["GET"]}}],"collection":[{"href":"https:\/\/antart.com.pl\/en\/wp-json\/wp\/v2\/product"}],"about":[{"href":"https:\/\/antart.com.pl\/en\/wp-json\/wp\/v2\/types\/product"}],"wp:featuredmedia":[{"embeddable":true,"href":"https:\/\/antart.com.pl\/en\/wp-json\/wp\/v2\/media\/64165"}],"wp:attachment":[{"href":"https:\/\/antart.com.pl\/en\/wp-json\/wp\/v2\/media?parent=64155"}],"wp:term":[{"taxonomy":"product_brand","embeddable":true,"href":"https:\/\/antart.com.pl\/en\/wp-json\/wp\/v2\/product_brand?post=64155"},{"taxonomy":"product_cat","embeddable":true,"href":"https:\/\/antart.com.pl\/en\/wp-json\/wp\/v2\/product_cat?post=64155"},{"taxonomy":"product_tag","embeddable":true,"href":"https:\/\/antart.com.pl\/en\/wp-json\/wp\/v2\/product_tag?post=64155"}],"curies":[{"name":"wp","href":"https:\/\/api.w.org\/{rel}","templated":true}]}}