{"id":64454,"date":"2026-02-06T09:56:01","date_gmt":"2026-02-06T08:56:01","guid":{"rendered":"https:\/\/antart.com.pl\/?post_type=product&#038;p=64454"},"modified":"2026-02-06T09:56:02","modified_gmt":"2026-02-06T08:56:02","slug":"taca-platerowana-foie-gras-wiktorianska","status":"publish","type":"product","link":"https:\/\/antart.com.pl\/en\/produkt\/taca-platerowana-foie-gras-wiktorianska\/","title":{"rendered":"Foie Gras Victorian plated tray"},"content":{"rendered":"<h4 style=\"text-align: center;\"><em><b>Taca platerowana lustrzana w stylu Wiktoria\u0144skim wykonana z metalu platerowanym srebrem z lustrzanym dnem. Taca owalna, osadzona na czterech n\u00f3\u017ckach w kszta\u0142cie kul, z dwoma dekoracyjnymi uchwytami w kszta\u0142cie g\u0119si, posiada szklany \u015brodek (wyci\u0105gany) z motywem kaczki i napisem \u201eFoie Gras\u201d. S\u0142u\u017cy do serwowania drobnych przek\u0105sek, Foie Gras. Posiada przetarcie i p\u0119kni\u0119cia na g\u0119siach.<\/b><\/em><\/h4>\n<h4><\/h4>\n<h4><em><b>Dimensions<\/b><\/em><\/h4>\n<ul>\n<li>\n<h4><em><b>Height: 6.5cm.<\/b><\/em><\/h4>\n<\/li>\n<li>\n<h4><em><b>Length: 31cm.<\/b><\/em><\/h4>\n<\/li>\n<li>\n<h4><em><b>Width: 15cm.<\/b><\/em><\/h4>\n<\/li>\n<\/ul>\n<h4 style=\"text-align: center;\"><em><b>The photos show the actual state of the object<\/b><\/em><\/h4>\n<h4 style=\"text-align: center;\"><em><b>Additional photos upon request<\/b><\/em><\/h4>\n<h4 style=\"text-align: center;\"><em><b>All our items on display are available in our warehouse.<\/b><\/em><\/h4>\n<h4 style=\"text-align: center;\"><em><b>Can be viewed by appointment.<\/b><\/em><\/h4>\n<h4 style=\"text-align: center;\"><\/h4>\n<h4><em><b>Nr. 6792<\/b><\/em><\/h4>","protected":false},"excerpt":{"rendered":"<p>Taca platerowana lustrzana w stylu Wiktoria\u0144skim wykonana z metalu platerowanym srebrem z lustrzanym dnem. Taca owalna, osadzona na czterech n\u00f3\u017ckach w kszta\u0142cie kul, z dwoma dekoracyjnymi uchwytami w kszta\u0142cie g\u0119si, posiada szklany \u015brodek (wyci\u0105gany) z motywem kaczki i napisem \u201eFoie Gras\u201d. S\u0142u\u017cy do serwowania drobnych przek\u0105sek, Foie Gras. Posiada przetarcie i p\u0119kni\u0119cia na g\u0119siach. Wymiary [&hellip;]<\/p>\n","protected":false},"featured_media":64457,"template":"","meta":{"_seopress_robots_primary_cat":"","_seopress_titles_title":"","_seopress_titles_desc":"","_seopress_robots_index":"","site-sidebar-layout":"default","site-content-layout":"","ast-site-content-layout":"default","site-content-style":"default","site-sidebar-style":"default","ast-global-header-display":"","ast-banner-title-visibility":"","ast-main-header-display":"","ast-hfb-above-header-display":"","ast-hfb-below-header-display":"","ast-hfb-mobile-header-display":"","site-post-title":"","ast-breadcrumbs-content":"","ast-featured-img":"","footer-sml-layout":"","ast-disable-related-posts":"","theme-transparent-header-meta":"default","adv-header-id-meta":"","stick-header-meta":"default","header-above-stick-meta":"","header-main-stick-meta":"","header-below-stick-meta":"","astra-migrate-meta-layouts":"set","ast-page-background-enabled":"default","ast-page-background-meta":{"desktop":{"background-color":"var(--ast-global-color-4)","background-image":"","background-repeat":"repeat","background-position":"center center","background-size":"auto","background-attachment":"scroll","background-type":"","background-media":"","overlay-type":"","overlay-color":"","overlay-opacity":"","overlay-gradient":""},"tablet":{"background-color":"","background-image":"","background-repeat":"repeat","background-position":"center center","background-size":"auto","background-attachment":"scroll","background-type":"","background-media":"","overlay-type":"","overlay-color":"","overlay-opacity":"","overlay-gradient":""},"mobile":{"background-color":"","background-image":"","background-repeat":"repeat","background-position":"center center","background-size":"auto","background-attachment":"scroll","background-type":"","background-media":"","overlay-type":"","overlay-color":"","overlay-opacity":"","overlay-gradient":""}},"ast-content-background-meta":{"desktop":{"background-color":"var(--ast-global-color-5)","background-image":"","background-repeat":"repeat","background-position":"center center","background-size":"auto","background-attachment":"scroll","background-type":"","background-media":"","overlay-type":"","overlay-color":"","overlay-opacity":"","overlay-gradient":""},"tablet":{"background-color":"var(--ast-global-color-5)","background-image":"","background-repeat":"repeat","background-position":"center center","background-size":"auto","background-attachment":"scroll","background-type":"","background-media":"","overlay-type":"","overlay-color":"","overlay-opacity":"","overlay-gradient":""},"mobile":{"background-color":"var(--ast-global-color-5)","background-image":"","background-repeat":"repeat","background-position":"center center","background-size":"auto","background-attachment":"scroll","background-type":"","background-media":"","overlay-type":"","overlay-color":"","overlay-opacity":"","overlay-gradient":""}}},"product_brand":[],"product_cat":[27,73],"product_tag":[],"class_list":{"0":"post-64454","1":"product","2":"type-product","3":"status-publish","4":"has-post-thumbnail","6":"product_cat-dekoracyjne","7":"product_cat-popielnice","8":"product_shipping_class-wysylka-19zl","9":"desktop-align-left","10":"tablet-align-left","11":"mobile-align-left","12":"ast-product-gallery-layout-vertical-slider","13":"ast-product-tabs-layout-horizontal","14":"ast-qv-on-image","16":"first","17":"instock","18":"sold-individually","19":"shipping-taxable","20":"purchasable","21":"product-type-simple"},"_links":{"self":[{"href":"https:\/\/antart.com.pl\/en\/wp-json\/wp\/v2\/product\/64454","targetHints":{"allow":["GET"]}}],"collection":[{"href":"https:\/\/antart.com.pl\/en\/wp-json\/wp\/v2\/product"}],"about":[{"href":"https:\/\/antart.com.pl\/en\/wp-json\/wp\/v2\/types\/product"}],"wp:featuredmedia":[{"embeddable":true,"href":"https:\/\/antart.com.pl\/en\/wp-json\/wp\/v2\/media\/64457"}],"wp:attachment":[{"href":"https:\/\/antart.com.pl\/en\/wp-json\/wp\/v2\/media?parent=64454"}],"wp:term":[{"taxonomy":"product_brand","embeddable":true,"href":"https:\/\/antart.com.pl\/en\/wp-json\/wp\/v2\/product_brand?post=64454"},{"taxonomy":"product_cat","embeddable":true,"href":"https:\/\/antart.com.pl\/en\/wp-json\/wp\/v2\/product_cat?post=64454"},{"taxonomy":"product_tag","embeddable":true,"href":"https:\/\/antart.com.pl\/en\/wp-json\/wp\/v2\/product_tag?post=64454"}],"curies":[{"name":"wp","href":"https:\/\/api.w.org\/{rel}","templated":true}]}}