{"id":64889,"date":"2026-02-06T19:05:38","date_gmt":"2026-02-06T18:05:38","guid":{"rendered":"https:\/\/antart.com.pl\/?post_type=product&#038;p=64889"},"modified":"2026-04-01T20:37:14","modified_gmt":"2026-04-01T18:37:14","slug":"wooden-framed-mirror-in-mahogany-panel-bevelled-tabletop","status":"publish","type":"product","link":"https:\/\/antart.com.pl\/en\/produkt\/lustro-w-drewnianej-ramie-w-mahoniu-tafla-fazowane-tabletkowe\/","title":{"rendered":"Mirror in wooden frame in mahogany, bevelled-panelled panel"},"content":{"rendered":"<h4 style=\"text-align: center;\"><em><strong>Mirror in wooden frame in mahogany, bevelled-panelled panel<\/strong><\/em><\/h4>\n<h4 style=\"text-align: center;\"><em><strong>Mahogany-coloured wooden framed mirror with bevelled panel.<\/strong><\/em><\/h4>\n<h4 style=\"text-align: center;\"><em><strong>The mirror panel has natural ageing.<\/strong><\/em><\/h4>\n<h4 style=\"text-align: center;\"><em><strong>An elegant and stylish piece of furniture that will work perfectly in any interior.<\/strong><\/em><\/h4>\n<h4><em><strong>Dimensions<\/strong><\/em><\/h4>\n<h4><em><strong>Composite mirror<\/strong><\/em><\/h4>\n<ul>\n<li>\n<h4><em><strong>width: 48cm<\/strong><\/em><\/h4>\n<\/li>\n<li>\n<h4><em><strong>height: 79cm<\/strong><\/em><\/h4>\n<\/li>\n<\/ul>\n<h4><em><strong>Unfolded mirror<\/strong><\/em><\/h4>\n<ul>\n<li>\n<h4><em><strong>width: 96cm<\/strong><\/em><\/h4>\n<\/li>\n<li>\n<h4><em><strong>height: 79cm<\/strong><\/em><\/h4>\n<\/li>\n<\/ul>\n<h4 style=\"text-align: center;\"><em><strong>The photos show the actual state of the object<\/strong><\/em><\/h4>\n<h4><em><strong>NO. ART 10695<\/strong><\/em><\/h4>","protected":false},"excerpt":{"rendered":"<p>Lustro w drewnianej ramie w mahoniu, tafla fazowane- tabletkowe Lustro w drewnianej ramie w kolorze mahoniu z fazowan\u0105 tafl\u0105. Tafla lustra ma naturalne postarzenia. Elegancki i stylowy mebel, kt\u00f3ry doskonale sprawdzi si\u0119 w ka\u017cdym wn\u0119trzu. Wymiary Lustro z\u0142o\u017cone szeroko\u015b\u0107: 48cm wysoko\u015b\u0107: 79cm Lustro roz\u0142o\u017cone szeroko\u015b\u0107: 96cm wysoko\u015b\u0107: 79cm Zdj\u0119cia przedstawiaj\u0105 stan faktyczny przedmiotu NR. ART [&hellip;]<\/p>\n","protected":false},"featured_media":64897,"template":"","meta":{"_seopress_robots_primary_cat":"","_seopress_titles_title":"","_seopress_titles_desc":"","_seopress_robots_index":"","site-sidebar-layout":"default","site-content-layout":"","ast-site-content-layout":"default","site-content-style":"default","site-sidebar-style":"default","ast-global-header-display":"","ast-banner-title-visibility":"","ast-main-header-display":"","ast-hfb-above-header-display":"","ast-hfb-below-header-display":"","ast-hfb-mobile-header-display":"","site-post-title":"","ast-breadcrumbs-content":"","ast-featured-img":"","footer-sml-layout":"","ast-disable-related-posts":"","theme-transparent-header-meta":"default","adv-header-id-meta":"","stick-header-meta":"default","header-above-stick-meta":"","header-main-stick-meta":"","header-below-stick-meta":"","astra-migrate-meta-layouts":"set","ast-page-background-enabled":"default","ast-page-background-meta":{"desktop":{"background-color":"var(--ast-global-color-4)","background-image":"","background-repeat":"repeat","background-position":"center center","background-size":"auto","background-attachment":"scroll","background-type":"","background-media":"","overlay-type":"","overlay-color":"","overlay-opacity":"","overlay-gradient":""},"tablet":{"background-color":"","background-image":"","background-repeat":"repeat","background-position":"center center","background-size":"auto","background-attachment":"scroll","background-type":"","background-media":"","overlay-type":"","overlay-color":"","overlay-opacity":"","overlay-gradient":""},"mobile":{"background-color":"","background-image":"","background-repeat":"repeat","background-position":"center center","background-size":"auto","background-attachment":"scroll","background-type":"","background-media":"","overlay-type":"","overlay-color":"","overlay-opacity":"","overlay-gradient":""}},"ast-content-background-meta":{"desktop":{"background-color":"var(--ast-global-color-5)","background-image":"","background-repeat":"repeat","background-position":"center center","background-size":"auto","background-attachment":"scroll","background-type":"","background-media":"","overlay-type":"","overlay-color":"","overlay-opacity":"","overlay-gradient":""},"tablet":{"background-color":"var(--ast-global-color-5)","background-image":"","background-repeat":"repeat","background-position":"center center","background-size":"auto","background-attachment":"scroll","background-type":"","background-media":"","overlay-type":"","overlay-color":"","overlay-opacity":"","overlay-gradient":""},"mobile":{"background-color":"var(--ast-global-color-5)","background-image":"","background-repeat":"repeat","background-position":"center center","background-size":"auto","background-attachment":"scroll","background-type":"","background-media":"","overlay-type":"","overlay-color":"","overlay-opacity":"","overlay-gradient":""}}},"product_brand":[],"product_cat":[27,84],"product_tag":[],"class_list":{"0":"post-64889","1":"product","2":"type-product","3":"status-publish","4":"has-post-thumbnail","6":"product_cat-dekoracyjne","7":"product_cat-lustra","8":"product_shipping_class-wysylka-100zl","9":"desktop-align-left","10":"tablet-align-left","11":"mobile-align-left","12":"ast-product-gallery-layout-vertical-slider","13":"ast-product-tabs-layout-horizontal","14":"ast-qv-on-image","16":"first","17":"instock","18":"sale","19":"sold-individually","20":"shipping-taxable","21":"purchasable","22":"product-type-simple"},"_links":{"self":[{"href":"https:\/\/antart.com.pl\/en\/wp-json\/wp\/v2\/product\/64889","targetHints":{"allow":["GET"]}}],"collection":[{"href":"https:\/\/antart.com.pl\/en\/wp-json\/wp\/v2\/product"}],"about":[{"href":"https:\/\/antart.com.pl\/en\/wp-json\/wp\/v2\/types\/product"}],"wp:featuredmedia":[{"embeddable":true,"href":"https:\/\/antart.com.pl\/en\/wp-json\/wp\/v2\/media\/64897"}],"wp:attachment":[{"href":"https:\/\/antart.com.pl\/en\/wp-json\/wp\/v2\/media?parent=64889"}],"wp:term":[{"taxonomy":"product_brand","embeddable":true,"href":"https:\/\/antart.com.pl\/en\/wp-json\/wp\/v2\/product_brand?post=64889"},{"taxonomy":"product_cat","embeddable":true,"href":"https:\/\/antart.com.pl\/en\/wp-json\/wp\/v2\/product_cat?post=64889"},{"taxonomy":"product_tag","embeddable":true,"href":"https:\/\/antart.com.pl\/en\/wp-json\/wp\/v2\/product_tag?post=64889"}],"curies":[{"name":"wp","href":"https:\/\/api.w.org\/{rel}","templated":true}]}}