{"id":64911,"date":"2026-02-11T17:27:12","date_gmt":"2026-02-11T16:27:12","guid":{"rendered":"https:\/\/antart.com.pl\/?post_type=product&#038;p=64911"},"modified":"2026-02-07T17:56:53","modified_gmt":"2026-02-07T16:56:53","slug":"display-table-in-walnut-wood-bevelled-glass-krosova-anny","status":"publish","type":"product","link":"https:\/\/antart.com.pl\/en\/produkt\/stolik-gablota-z-drewna-orzecha-szklo-fazowane-krolowej-anny\/","title":{"rendered":"Table, walnut wood display case, Queen Anne bevelled glass"},"content":{"rendered":"<h4 style=\"text-align: center;\"><em><strong>Table, walnut wood display case, Queen Anne bevelled glass<\/strong><\/em><\/h4>\n<h4 style=\"text-align: center;\"><em><strong>A stylish coffee table with a walnut wooden case and glass top. It features an elegant Queen Anne style form with carved legs. Ideal for the living room or bedroom, adding character and class to any interior.<\/strong><\/em><\/h4>\n<h4 style=\"text-align: center;\"><em><strong>An additional advantage of the display case is that it opens from one side.<\/strong><\/em><\/h4>\n<h4><em><strong>Dimensions<\/strong><\/em><\/h4>\n<ul>\n<li>\n<h4><em><strong>length: 73cm<\/strong><\/em><\/h4>\n<\/li>\n<li>\n<h4><em><strong>width: 56cm<\/strong><\/em><\/h4>\n<\/li>\n<li>\n<h4><em><strong>Height: 75cm<\/strong><\/em><\/h4>\n<\/li>\n<li>\n<h4><em><strong>height of display case in centre: 13cm<\/strong><\/em><\/h4>\n<\/li>\n<\/ul>\n<h4 style=\"text-align: center;\"><em><strong>The photos show the actual condition of the item.<\/strong><\/em><\/h4>\n<h4><em><strong>No.10694<\/strong><\/em><\/h4>","protected":false},"excerpt":{"rendered":"<p>Stolik, gablota z drewna orzecha, szk\u0142o fazowane Kr\u00f3lowej Anny Stylowy stolik kawowy z drewnian\u0105 obudow\u0105 z orzecha w\u0142oskiego oraz szklanym blatem. Posiada eleganck\u0105 form\u0119 w stylu kr\u00f3lowej Anny z rze\u017abionymi nogami. Idealny do salonu lub sypialni, dodaj\u0105cy charakteru i klasy ka\u017cdemu wn\u0119trzu. Dodatkowym atutem gablotki jest otwierana z jednej strony. Wymiary d\u0142ugo\u015b\u0107: 73cm szeroko\u015b\u0107: 56cm [&hellip;]<\/p>\n","protected":false},"featured_media":65034,"template":"","meta":{"_seopress_robots_primary_cat":"none","_seopress_titles_title":"","_seopress_titles_desc":"","_seopress_robots_index":"","site-sidebar-layout":"default","site-content-layout":"","ast-site-content-layout":"default","site-content-style":"default","site-sidebar-style":"default","ast-global-header-display":"","ast-banner-title-visibility":"","ast-main-header-display":"","ast-hfb-above-header-display":"","ast-hfb-below-header-display":"","ast-hfb-mobile-header-display":"","site-post-title":"","ast-breadcrumbs-content":"","ast-featured-img":"","footer-sml-layout":"","ast-disable-related-posts":"","theme-transparent-header-meta":"default","adv-header-id-meta":"","stick-header-meta":"default","header-above-stick-meta":"","header-main-stick-meta":"","header-below-stick-meta":"","astra-migrate-meta-layouts":"set","ast-page-background-enabled":"default","ast-page-background-meta":{"desktop":{"background-color":"var(--ast-global-color-4)","background-image":"","background-repeat":"repeat","background-position":"center center","background-size":"auto","background-attachment":"scroll","background-type":"","background-media":"","overlay-type":"","overlay-color":"","overlay-opacity":"","overlay-gradient":""},"tablet":{"background-color":"","background-image":"","background-repeat":"repeat","background-position":"center center","background-size":"auto","background-attachment":"scroll","background-type":"","background-media":"","overlay-type":"","overlay-color":"","overlay-opacity":"","overlay-gradient":""},"mobile":{"background-color":"","background-image":"","background-repeat":"repeat","background-position":"center center","background-size":"auto","background-attachment":"scroll","background-type":"","background-media":"","overlay-type":"","overlay-color":"","overlay-opacity":"","overlay-gradient":""}},"ast-content-background-meta":{"desktop":{"background-color":"var(--ast-global-color-5)","background-image":"","background-repeat":"repeat","background-position":"center center","background-size":"auto","background-attachment":"scroll","background-type":"","background-media":"","overlay-type":"","overlay-color":"","overlay-opacity":"","overlay-gradient":""},"tablet":{"background-color":"var(--ast-global-color-5)","background-image":"","background-repeat":"repeat","background-position":"center center","background-size":"auto","background-attachment":"scroll","background-type":"","background-media":"","overlay-type":"","overlay-color":"","overlay-opacity":"","overlay-gradient":""},"mobile":{"background-color":"var(--ast-global-color-5)","background-image":"","background-repeat":"repeat","background-position":"center center","background-size":"auto","background-attachment":"scroll","background-type":"","background-media":"","overlay-type":"","overlay-color":"","overlay-opacity":"","overlay-gradient":""}}},"product_brand":[],"product_cat":[32,33],"product_tag":[],"class_list":{"0":"post-64911","1":"product","2":"type-product","3":"status-publish","4":"has-post-thumbnail","6":"product_cat-meble","7":"product_cat-stoly-stoliki","8":"product_shipping_class-wysylka-120zl","9":"desktop-align-left","10":"tablet-align-left","11":"mobile-align-left","12":"ast-product-gallery-layout-vertical-slider","13":"ast-product-tabs-layout-horizontal","14":"ast-qv-on-image","16":"first","17":"instock","18":"sold-individually","19":"shipping-taxable","20":"purchasable","21":"product-type-simple"},"_links":{"self":[{"href":"https:\/\/antart.com.pl\/en\/wp-json\/wp\/v2\/product\/64911","targetHints":{"allow":["GET"]}}],"collection":[{"href":"https:\/\/antart.com.pl\/en\/wp-json\/wp\/v2\/product"}],"about":[{"href":"https:\/\/antart.com.pl\/en\/wp-json\/wp\/v2\/types\/product"}],"wp:featuredmedia":[{"embeddable":true,"href":"https:\/\/antart.com.pl\/en\/wp-json\/wp\/v2\/media\/65034"}],"wp:attachment":[{"href":"https:\/\/antart.com.pl\/en\/wp-json\/wp\/v2\/media?parent=64911"}],"wp:term":[{"taxonomy":"product_brand","embeddable":true,"href":"https:\/\/antart.com.pl\/en\/wp-json\/wp\/v2\/product_brand?post=64911"},{"taxonomy":"product_cat","embeddable":true,"href":"https:\/\/antart.com.pl\/en\/wp-json\/wp\/v2\/product_cat?post=64911"},{"taxonomy":"product_tag","embeddable":true,"href":"https:\/\/antart.com.pl\/en\/wp-json\/wp\/v2\/product_tag?post=64911"}],"curies":[{"name":"wp","href":"https:\/\/api.w.org\/{rel}","templated":true}]}}