{"id":65049,"date":"2026-02-09T09:40:50","date_gmt":"2026-02-09T08:40:50","guid":{"rendered":"https:\/\/antart.com.pl\/?post_type=product&#038;p=65049"},"modified":"2026-02-09T09:40:52","modified_gmt":"2026-02-09T08:40:52","slug":"zabytkowa-drewniana-figurka-stojak-na-bizuterie-vintage","status":"publish","type":"product","link":"https:\/\/antart.com.pl\/en\/produkt\/zabytkowa-drewniana-figurka-stojak-na-bizuterie-vintage\/","title":{"rendered":"Zabytkowa drewniana figurka, stojak na bi\u017cuteri\u0119 Vintage"},"content":{"rendered":"<h3 style=\"text-align: center;\"><em><b>Zabytkowa figurka kolekcjonerska, stojak na bi\u017cuteri\u0119, w stylu Vintage, wykonana z drewna. Stojak o sto\u017ckowym kszta\u0142cie, z g\u0142ow\u0105 i metalowymi detalami oraz z bujnymi , rudymi w\u0142osami.<\/b><\/em><\/h3>\n<h3><\/h3>\n<h3><em><b>Dimensions<\/b><\/em><\/h3>\n<ul>\n<li>\n<h3><em><b>Height: 27cm.<\/b><\/em><\/h3>\n<\/li>\n<li>\n<h3><em><b>Base diameter: 6.5cm.<\/b><\/em><\/h3>\n<\/li>\n<\/ul>\n<h3 style=\"text-align: center;\"><em><b>The photos show the actual state of the object<\/b><\/em><\/h3>\n<h3 style=\"text-align: center;\"><em><b>Additional photos upon request<\/b><\/em><\/h3>\n<h3 style=\"text-align: center;\"><em><b>All our items on display are available in our warehouse.<\/b><\/em><\/h3>\n<h3 style=\"text-align: center;\"><em><b>Can be viewed by appointment.<\/b><\/em><\/h3>\n<h3><\/h3>\n<h3><em><b>Nr.6830<\/b><\/em><\/h3>","protected":false},"excerpt":{"rendered":"<p>Zabytkowa figurka kolekcjonerska, stojak na bi\u017cuteri\u0119, w stylu Vintage, wykonana z drewna. Stojak o sto\u017ckowym kszta\u0142cie, z g\u0142ow\u0105 i metalowymi detalami oraz z bujnymi , rudymi w\u0142osami. Wymiary Wysoko\u015b\u0107: 27cm. \u015arednica podstawy: 6,5cm. Zdj\u0119cia przedstawiaj\u0105 stan faktyczny przedmiotu Dodatkowe zdj\u0119cia na pro\u015bb\u0119 zainteresowanych Wszystkie nasze przedmioty wystawione s\u0105 dost\u0119pne w naszym magazynie. Mo\u017cna obejrze\u0107 po [&hellip;]<\/p>\n","protected":false},"featured_media":65052,"template":"","meta":{"_seopress_robots_primary_cat":"","_seopress_titles_title":"","_seopress_titles_desc":"","_seopress_robots_index":"","site-sidebar-layout":"default","site-content-layout":"","ast-site-content-layout":"default","site-content-style":"default","site-sidebar-style":"default","ast-global-header-display":"","ast-banner-title-visibility":"","ast-main-header-display":"","ast-hfb-above-header-display":"","ast-hfb-below-header-display":"","ast-hfb-mobile-header-display":"","site-post-title":"","ast-breadcrumbs-content":"","ast-featured-img":"","footer-sml-layout":"","ast-disable-related-posts":"","theme-transparent-header-meta":"default","adv-header-id-meta":"","stick-header-meta":"default","header-above-stick-meta":"","header-main-stick-meta":"","header-below-stick-meta":"","astra-migrate-meta-layouts":"set","ast-page-background-enabled":"default","ast-page-background-meta":{"desktop":{"background-color":"var(--ast-global-color-4)","background-image":"","background-repeat":"repeat","background-position":"center center","background-size":"auto","background-attachment":"scroll","background-type":"","background-media":"","overlay-type":"","overlay-color":"","overlay-opacity":"","overlay-gradient":""},"tablet":{"background-color":"","background-image":"","background-repeat":"repeat","background-position":"center center","background-size":"auto","background-attachment":"scroll","background-type":"","background-media":"","overlay-type":"","overlay-color":"","overlay-opacity":"","overlay-gradient":""},"mobile":{"background-color":"","background-image":"","background-repeat":"repeat","background-position":"center center","background-size":"auto","background-attachment":"scroll","background-type":"","background-media":"","overlay-type":"","overlay-color":"","overlay-opacity":"","overlay-gradient":""}},"ast-content-background-meta":{"desktop":{"background-color":"var(--ast-global-color-5)","background-image":"","background-repeat":"repeat","background-position":"center center","background-size":"auto","background-attachment":"scroll","background-type":"","background-media":"","overlay-type":"","overlay-color":"","overlay-opacity":"","overlay-gradient":""},"tablet":{"background-color":"var(--ast-global-color-5)","background-image":"","background-repeat":"repeat","background-position":"center center","background-size":"auto","background-attachment":"scroll","background-type":"","background-media":"","overlay-type":"","overlay-color":"","overlay-opacity":"","overlay-gradient":""},"mobile":{"background-color":"var(--ast-global-color-5)","background-image":"","background-repeat":"repeat","background-position":"center center","background-size":"auto","background-attachment":"scroll","background-type":"","background-media":"","overlay-type":"","overlay-color":"","overlay-opacity":"","overlay-gradient":""}}},"product_brand":[],"product_cat":[27,29,45],"product_tag":[],"class_list":{"0":"post-65049","1":"product","2":"type-product","3":"status-publish","4":"has-post-thumbnail","6":"product_cat-dekoracyjne","7":"product_cat-figurki","8":"product_cat-pozostale-dekoracyjne","9":"product_shipping_class-wysylka-19zl","10":"desktop-align-left","11":"tablet-align-left","12":"mobile-align-left","13":"ast-product-gallery-layout-vertical-slider","14":"ast-product-tabs-layout-horizontal","15":"ast-qv-on-image","17":"first","18":"instock","19":"sold-individually","20":"shipping-taxable","21":"purchasable","22":"product-type-simple"},"_links":{"self":[{"href":"https:\/\/antart.com.pl\/en\/wp-json\/wp\/v2\/product\/65049","targetHints":{"allow":["GET"]}}],"collection":[{"href":"https:\/\/antart.com.pl\/en\/wp-json\/wp\/v2\/product"}],"about":[{"href":"https:\/\/antart.com.pl\/en\/wp-json\/wp\/v2\/types\/product"}],"wp:featuredmedia":[{"embeddable":true,"href":"https:\/\/antart.com.pl\/en\/wp-json\/wp\/v2\/media\/65052"}],"wp:attachment":[{"href":"https:\/\/antart.com.pl\/en\/wp-json\/wp\/v2\/media?parent=65049"}],"wp:term":[{"taxonomy":"product_brand","embeddable":true,"href":"https:\/\/antart.com.pl\/en\/wp-json\/wp\/v2\/product_brand?post=65049"},{"taxonomy":"product_cat","embeddable":true,"href":"https:\/\/antart.com.pl\/en\/wp-json\/wp\/v2\/product_cat?post=65049"},{"taxonomy":"product_tag","embeddable":true,"href":"https:\/\/antart.com.pl\/en\/wp-json\/wp\/v2\/product_tag?post=65049"}],"curies":[{"name":"wp","href":"https:\/\/api.w.org\/{rel}","templated":true}]}}