{"id":65061,"date":"2026-02-09T09:55:44","date_gmt":"2026-02-09T08:55:44","guid":{"rendered":"https:\/\/antart.com.pl\/?post_type=product&#038;p=65061"},"modified":"2026-02-09T09:55:45","modified_gmt":"2026-02-09T08:55:45","slug":"zestaw-szklanych-talerzykow-z-dekoracyjna-patera-vintage","status":"publish","type":"product","link":"https:\/\/antart.com.pl\/en\/produkt\/zestaw-szklanych-talerzykow-z-dekoracyjna-patera-vintage\/","title":{"rendered":"Vintage glass plate set with decorative platter"},"content":{"rendered":"<h4 style=\"text-align: center;\"><em><b>Zestaw talerzyk\u00f3w w stylu Vintage wykonanych z wysokiej jako\u015bci szk\u0142a. Talerzyki ma\u0142e, okr\u0105g\u0142e, ozdobione dekoracyjnym wzorem li\u015bci, wyko\u0144czone z\u0142oceniem na rancie. Talerzyki umieszczone w paterze z metalowym, z\u0142otym uchwytem. Posiada przetarcie na z\u0142oceniu.<\/b><\/em><\/h4>\n<h4><\/h4>\n<h4><em><b>W zestawie 6szt ma\u0142ych talerzyk\u00f3w i patera z uchwytem.<\/b><\/em><\/h4>\n<h4><em><b>Price per set.<\/b><\/em><\/h4>\n<h4><\/h4>\n<h4><em><b>Dimensions<\/b><\/em><\/h4>\n<h4><em><b>Plate<\/b><\/em><\/h4>\n<ul>\n<li>\n<h4><em><b>Height: 1.5cm.<\/b><\/em><\/h4>\n<\/li>\n<li>\n<h4><em><b>Diameter: 10cm.<\/b><\/em><\/h4>\n<\/li>\n<\/ul>\n<h4><em><b>Patera z uchwytem<\/b><\/em><\/h4>\n<ul>\n<li>\n<h4><em><b>Wysoko\u015b\u0107 ca\u0142kowita: 11,5cm.<\/b><\/em><\/h4>\n<\/li>\n<li>\n<h4><em><b>Wysoko\u015b\u0107 patery: 3cm.<\/b><\/em><\/h4>\n<\/li>\n<li>\n<h4><em><b>Diameter: 14cm.<\/b><\/em><\/h4>\n<\/li>\n<\/ul>\n<h4 style=\"text-align: center;\"><em><b>The photos show the actual state of the object<\/b><\/em><\/h4>\n<h4 style=\"text-align: center;\"><em><b>Additional photos upon request<\/b><\/em><\/h4>\n<h4 style=\"text-align: center;\"><em><b>All our items on display are available in our warehouse.<\/b><\/em><\/h4>\n<h4 style=\"text-align: center;\"><em><b>Can be viewed by appointment.<\/b><\/em><\/h4>\n<h4 style=\"text-align: center;\"><\/h4>\n<h4><em><b>Nr. 6831<\/b><\/em><\/h4>","protected":false},"excerpt":{"rendered":"<p>Zestaw talerzyk\u00f3w w stylu Vintage wykonanych z wysokiej jako\u015bci szk\u0142a. Talerzyki ma\u0142e, okr\u0105g\u0142e, ozdobione dekoracyjnym wzorem li\u015bci, wyko\u0144czone z\u0142oceniem na rancie. Talerzyki umieszczone w paterze z metalowym, z\u0142otym uchwytem. Posiada przetarcie na z\u0142oceniu. W zestawie 6szt ma\u0142ych talerzyk\u00f3w i patera z uchwytem. Cena za zestaw. Wymiary Talerzyk Wysoko\u015b\u0107: 1,5cm. \u015arednica: 10cm. Patera z uchwytem Wysoko\u015b\u0107 [&hellip;]<\/p>\n","protected":false},"featured_media":65064,"template":"","meta":{"_seopress_robots_primary_cat":"","_seopress_titles_title":"","_seopress_titles_desc":"","_seopress_robots_index":"","site-sidebar-layout":"default","site-content-layout":"","ast-site-content-layout":"default","site-content-style":"default","site-sidebar-style":"default","ast-global-header-display":"","ast-banner-title-visibility":"","ast-main-header-display":"","ast-hfb-above-header-display":"","ast-hfb-below-header-display":"","ast-hfb-mobile-header-display":"","site-post-title":"","ast-breadcrumbs-content":"","ast-featured-img":"","footer-sml-layout":"","ast-disable-related-posts":"","theme-transparent-header-meta":"default","adv-header-id-meta":"","stick-header-meta":"default","header-above-stick-meta":"","header-main-stick-meta":"","header-below-stick-meta":"","astra-migrate-meta-layouts":"set","ast-page-background-enabled":"default","ast-page-background-meta":{"desktop":{"background-color":"var(--ast-global-color-4)","background-image":"","background-repeat":"repeat","background-position":"center center","background-size":"auto","background-attachment":"scroll","background-type":"","background-media":"","overlay-type":"","overlay-color":"","overlay-opacity":"","overlay-gradient":""},"tablet":{"background-color":"","background-image":"","background-repeat":"repeat","background-position":"center center","background-size":"auto","background-attachment":"scroll","background-type":"","background-media":"","overlay-type":"","overlay-color":"","overlay-opacity":"","overlay-gradient":""},"mobile":{"background-color":"","background-image":"","background-repeat":"repeat","background-position":"center center","background-size":"auto","background-attachment":"scroll","background-type":"","background-media":"","overlay-type":"","overlay-color":"","overlay-opacity":"","overlay-gradient":""}},"ast-content-background-meta":{"desktop":{"background-color":"var(--ast-global-color-5)","background-image":"","background-repeat":"repeat","background-position":"center center","background-size":"auto","background-attachment":"scroll","background-type":"","background-media":"","overlay-type":"","overlay-color":"","overlay-opacity":"","overlay-gradient":""},"tablet":{"background-color":"var(--ast-global-color-5)","background-image":"","background-repeat":"repeat","background-position":"center center","background-size":"auto","background-attachment":"scroll","background-type":"","background-media":"","overlay-type":"","overlay-color":"","overlay-opacity":"","overlay-gradient":""},"mobile":{"background-color":"var(--ast-global-color-5)","background-image":"","background-repeat":"repeat","background-position":"center center","background-size":"auto","background-attachment":"scroll","background-type":"","background-media":"","overlay-type":"","overlay-color":"","overlay-opacity":"","overlay-gradient":""}}},"product_brand":[],"product_cat":[24,60],"product_tag":[],"class_list":{"0":"post-65061","1":"product","2":"type-product","3":"status-publish","4":"has-post-thumbnail","6":"product_cat-kuchnia","7":"product_cat-talerzyki","8":"product_shipping_class-wysylka-19zl","9":"desktop-align-left","10":"tablet-align-left","11":"mobile-align-left","12":"ast-product-gallery-layout-vertical-slider","13":"ast-product-tabs-layout-horizontal","14":"ast-qv-on-image","16":"first","17":"instock","18":"sold-individually","19":"shipping-taxable","20":"purchasable","21":"product-type-simple"},"_links":{"self":[{"href":"https:\/\/antart.com.pl\/en\/wp-json\/wp\/v2\/product\/65061","targetHints":{"allow":["GET"]}}],"collection":[{"href":"https:\/\/antart.com.pl\/en\/wp-json\/wp\/v2\/product"}],"about":[{"href":"https:\/\/antart.com.pl\/en\/wp-json\/wp\/v2\/types\/product"}],"wp:featuredmedia":[{"embeddable":true,"href":"https:\/\/antart.com.pl\/en\/wp-json\/wp\/v2\/media\/65064"}],"wp:attachment":[{"href":"https:\/\/antart.com.pl\/en\/wp-json\/wp\/v2\/media?parent=65061"}],"wp:term":[{"taxonomy":"product_brand","embeddable":true,"href":"https:\/\/antart.com.pl\/en\/wp-json\/wp\/v2\/product_brand?post=65061"},{"taxonomy":"product_cat","embeddable":true,"href":"https:\/\/antart.com.pl\/en\/wp-json\/wp\/v2\/product_cat?post=65061"},{"taxonomy":"product_tag","embeddable":true,"href":"https:\/\/antart.com.pl\/en\/wp-json\/wp\/v2\/product_tag?post=65061"}],"curies":[{"name":"wp","href":"https:\/\/api.w.org\/{rel}","templated":true}]}}