{"id":65653,"date":"2026-02-11T12:07:52","date_gmt":"2026-02-11T11:07:52","guid":{"rendered":"https:\/\/antart.com.pl\/?post_type=product&#038;p=65653"},"modified":"2026-02-11T12:07:53","modified_gmt":"2026-02-11T11:07:53","slug":"stolik-stolik-kawowy-minimalistyczny-niklowany-z-gruba-szyba","status":"publish","type":"product","link":"https:\/\/antart.com.pl\/en\/produkt\/stolik-stolik-kawowy-minimalistyczny-niklowany-z-gruba-szyba\/","title":{"rendered":"Table, minimalist nickel-plated coffee table with thick glass"},"content":{"rendered":"<h4 style=\"text-align: center;\"><em><strong>Table, minimalist nickel-plated coffee table with thick glass<\/strong><\/em><\/h4>\n<h4 style=\"text-align: center;\"><em><strong>Minimalistyczny, elegancki stolik kawowy z grubym szklanym blatem i metalow\u0105, niklowan\u0105 ram\u0105. Prosty, nowoczesny design pasuj\u0105cy do r\u00f3\u017cnych aran\u017cacji wn\u0119trz.<\/strong><\/em><\/h4>\n<h4 style=\"text-align: center;\"><em><strong>Stolik posiada rys\u0119 wi\u0119ksz\u0105 na szkle.<\/strong><\/em><\/h4>\n<h4><em><strong>Dimensions<\/strong><\/em><\/h4>\n<ul>\n<li>\n<h4><em><strong>d\u0142ugo\u015b\u0107: 50,5cm<\/strong><\/em><\/h4>\n<\/li>\n<li>\n<h4><em><strong>width: 40cm<\/strong><\/em><\/h4>\n<\/li>\n<li>\n<h4><em><strong>Table height: 40 cm<\/strong><\/em><\/h4>\n<\/li>\n<\/ul>\n<h4 style=\"text-align: center;\"><em><strong>The photos show the actual condition of the item.<\/strong><\/em><\/h4>\n<h4><em><strong>nr.10691<\/strong><\/em><\/h4>","protected":false},"excerpt":{"rendered":"<p>Stolik, stolik kawowy minimalistyczny niklowany z grub\u0105 szyb\u0105 Minimalistyczny, elegancki stolik kawowy z grubym szklanym blatem i metalow\u0105, niklowan\u0105 ram\u0105. Prosty, nowoczesny design pasuj\u0105cy do r\u00f3\u017cnych aran\u017cacji wn\u0119trz. Stolik posiada rys\u0119 wi\u0119ksz\u0105 na szkle. Wymiary d\u0142ugo\u015b\u0107: 50,5cm szeroko\u015b\u0107: 40cm Wysoko\u015b\u0107 stolika: 40 cm Zdj\u0119cia przedstawiaj\u0105 stan faktyczny przedmiotu. nr.10691<\/p>","protected":false},"featured_media":65577,"template":"","meta":{"_seopress_robots_primary_cat":"","_seopress_titles_title":"","_seopress_titles_desc":"","_seopress_robots_index":"","site-sidebar-layout":"default","site-content-layout":"","ast-site-content-layout":"default","site-content-style":"default","site-sidebar-style":"default","ast-global-header-display":"","ast-banner-title-visibility":"","ast-main-header-display":"","ast-hfb-above-header-display":"","ast-hfb-below-header-display":"","ast-hfb-mobile-header-display":"","site-post-title":"","ast-breadcrumbs-content":"","ast-featured-img":"","footer-sml-layout":"","ast-disable-related-posts":"","theme-transparent-header-meta":"default","adv-header-id-meta":"","stick-header-meta":"default","header-above-stick-meta":"","header-main-stick-meta":"","header-below-stick-meta":"","astra-migrate-meta-layouts":"set","ast-page-background-enabled":"default","ast-page-background-meta":{"desktop":{"background-color":"var(--ast-global-color-4)","background-image":"","background-repeat":"repeat","background-position":"center center","background-size":"auto","background-attachment":"scroll","background-type":"","background-media":"","overlay-type":"","overlay-color":"","overlay-opacity":"","overlay-gradient":""},"tablet":{"background-color":"","background-image":"","background-repeat":"repeat","background-position":"center center","background-size":"auto","background-attachment":"scroll","background-type":"","background-media":"","overlay-type":"","overlay-color":"","overlay-opacity":"","overlay-gradient":""},"mobile":{"background-color":"","background-image":"","background-repeat":"repeat","background-position":"center center","background-size":"auto","background-attachment":"scroll","background-type":"","background-media":"","overlay-type":"","overlay-color":"","overlay-opacity":"","overlay-gradient":""}},"ast-content-background-meta":{"desktop":{"background-color":"var(--ast-global-color-5)","background-image":"","background-repeat":"repeat","background-position":"center center","background-size":"auto","background-attachment":"scroll","background-type":"","background-media":"","overlay-type":"","overlay-color":"","overlay-opacity":"","overlay-gradient":""},"tablet":{"background-color":"var(--ast-global-color-5)","background-image":"","background-repeat":"repeat","background-position":"center center","background-size":"auto","background-attachment":"scroll","background-type":"","background-media":"","overlay-type":"","overlay-color":"","overlay-opacity":"","overlay-gradient":""},"mobile":{"background-color":"var(--ast-global-color-5)","background-image":"","background-repeat":"repeat","background-position":"center center","background-size":"auto","background-attachment":"scroll","background-type":"","background-media":"","overlay-type":"","overlay-color":"","overlay-opacity":"","overlay-gradient":""}}},"product_brand":[],"product_cat":[32,33],"product_tag":[],"class_list":{"0":"post-65653","1":"product","2":"type-product","3":"status-publish","4":"has-post-thumbnail","6":"product_cat-meble","7":"product_cat-stoly-stoliki","8":"product_shipping_class-wysylka-40zl","9":"desktop-align-left","10":"tablet-align-left","11":"mobile-align-left","12":"ast-product-gallery-layout-vertical-slider","13":"ast-product-tabs-layout-horizontal","14":"ast-qv-on-image","16":"first","17":"instock","18":"sold-individually","19":"shipping-taxable","20":"purchasable","21":"product-type-simple"},"_links":{"self":[{"href":"https:\/\/antart.com.pl\/en\/wp-json\/wp\/v2\/product\/65653","targetHints":{"allow":["GET"]}}],"collection":[{"href":"https:\/\/antart.com.pl\/en\/wp-json\/wp\/v2\/product"}],"about":[{"href":"https:\/\/antart.com.pl\/en\/wp-json\/wp\/v2\/types\/product"}],"wp:featuredmedia":[{"embeddable":true,"href":"https:\/\/antart.com.pl\/en\/wp-json\/wp\/v2\/media\/65577"}],"wp:attachment":[{"href":"https:\/\/antart.com.pl\/en\/wp-json\/wp\/v2\/media?parent=65653"}],"wp:term":[{"taxonomy":"product_brand","embeddable":true,"href":"https:\/\/antart.com.pl\/en\/wp-json\/wp\/v2\/product_brand?post=65653"},{"taxonomy":"product_cat","embeddable":true,"href":"https:\/\/antart.com.pl\/en\/wp-json\/wp\/v2\/product_cat?post=65653"},{"taxonomy":"product_tag","embeddable":true,"href":"https:\/\/antart.com.pl\/en\/wp-json\/wp\/v2\/product_tag?post=65653"}],"curies":[{"name":"wp","href":"https:\/\/api.w.org\/{rel}","templated":true}]}}