{"id":65753,"date":"2026-02-13T14:27:37","date_gmt":"2026-02-13T13:27:37","guid":{"rendered":"https:\/\/antart.com.pl\/?post_type=product&#038;p=65753"},"modified":"2026-02-11T14:36:05","modified_gmt":"2026-02-11T13:36:05","slug":"lampka-podlogowa-lumina-zelig-proj-waltera-moniciego-z-lat-80-tych","status":"publish","type":"product","link":"https:\/\/antart.com.pl\/en\/produkt\/lampka-podlogowa-lumina-zelig-proj-waltera-moniciego-z-lat-80-tych\/","title":{"rendered":"Lumina Zelig floor lamp by Walter Monici from the 1980s"},"content":{"rendered":"<h4 style=\"text-align: center;\"><em><strong>Lumina Zelig floor lamp by Walter Monici from the 1980s<\/strong><\/em><\/h4>\n<h4 style=\"text-align: center;\"><em><strong>Pi\u0119kna, stylowa lampa pod\u0142ogowa Lumina Zelig, klasyczna w\u0142oska lampa zaprojektowana przez\u00a0Waltera Moniciego w latach 80. XX wieku. Ten postmodernistyczny projekt charakteryzuje si\u0119 unikalnym systemem przeciwwagi, kt\u00f3ry pozwala na p\u0142ynn\u0105 regulacj\u0119 ramion i utrzymanie ich w dowolnej pozycji.<\/strong><\/em><\/h4>\n<h4><em><strong>Dimensions:<\/strong><\/em><\/h4>\n<ul>\n<li>\n<h4><em><strong>wysoko\u015b\u0107 ca\u0142kowita: 132 cm<\/strong><\/em><\/h4>\n<\/li>\n<li>\n<h4><em><strong>wysoko\u015b\u0107 minimalna: 73cm<\/strong><\/em><\/h4>\n<\/li>\n<li>\n<h4><em><strong>base diameter: 19cm<\/strong><\/em><\/h4>\n<\/li>\n<\/ul>\n<h4><em><strong>art. nr. 10682<\/strong><\/em><\/h4>","protected":false},"excerpt":{"rendered":"<p>Lampka pod\u0142ogowa Lumina Zelig proj. Waltera Moniciego z lat 80-tych Pi\u0119kna, stylowa lampa pod\u0142ogowa Lumina Zelig, klasyczna w\u0142oska lampa zaprojektowana przez\u00a0Waltera Moniciego w latach 80. XX wieku. Ten postmodernistyczny projekt charakteryzuje si\u0119 unikalnym systemem przeciwwagi, kt\u00f3ry pozwala na p\u0142ynn\u0105 regulacj\u0119 ramion i utrzymanie ich w dowolnej pozycji. Wymiary: wysoko\u015b\u0107 ca\u0142kowita: 132 cm wysoko\u015b\u0107 minimalna: 73cm [&hellip;]<\/p>\n","protected":false},"featured_media":65735,"template":"","meta":{"_seopress_robots_primary_cat":"","_seopress_titles_title":"","_seopress_titles_desc":"","_seopress_robots_index":"","site-sidebar-layout":"default","site-content-layout":"","ast-site-content-layout":"default","site-content-style":"default","site-sidebar-style":"default","ast-global-header-display":"","ast-banner-title-visibility":"","ast-main-header-display":"","ast-hfb-above-header-display":"","ast-hfb-below-header-display":"","ast-hfb-mobile-header-display":"","site-post-title":"","ast-breadcrumbs-content":"","ast-featured-img":"","footer-sml-layout":"","ast-disable-related-posts":"","theme-transparent-header-meta":"default","adv-header-id-meta":"","stick-header-meta":"default","header-above-stick-meta":"","header-main-stick-meta":"","header-below-stick-meta":"","astra-migrate-meta-layouts":"set","ast-page-background-enabled":"default","ast-page-background-meta":{"desktop":{"background-color":"var(--ast-global-color-4)","background-image":"","background-repeat":"repeat","background-position":"center center","background-size":"auto","background-attachment":"scroll","background-type":"","background-media":"","overlay-type":"","overlay-color":"","overlay-opacity":"","overlay-gradient":""},"tablet":{"background-color":"","background-image":"","background-repeat":"repeat","background-position":"center center","background-size":"auto","background-attachment":"scroll","background-type":"","background-media":"","overlay-type":"","overlay-color":"","overlay-opacity":"","overlay-gradient":""},"mobile":{"background-color":"","background-image":"","background-repeat":"repeat","background-position":"center center","background-size":"auto","background-attachment":"scroll","background-type":"","background-media":"","overlay-type":"","overlay-color":"","overlay-opacity":"","overlay-gradient":""}},"ast-content-background-meta":{"desktop":{"background-color":"var(--ast-global-color-5)","background-image":"","background-repeat":"repeat","background-position":"center center","background-size":"auto","background-attachment":"scroll","background-type":"","background-media":"","overlay-type":"","overlay-color":"","overlay-opacity":"","overlay-gradient":""},"tablet":{"background-color":"var(--ast-global-color-5)","background-image":"","background-repeat":"repeat","background-position":"center center","background-size":"auto","background-attachment":"scroll","background-type":"","background-media":"","overlay-type":"","overlay-color":"","overlay-opacity":"","overlay-gradient":""},"mobile":{"background-color":"var(--ast-global-color-5)","background-image":"","background-repeat":"repeat","background-position":"center center","background-size":"auto","background-attachment":"scroll","background-type":"","background-media":"","overlay-type":"","overlay-color":"","overlay-opacity":"","overlay-gradient":""}}},"product_brand":[],"product_cat":[52,30],"product_tag":[],"class_list":{"0":"post-65753","1":"product","2":"type-product","3":"status-publish","4":"has-post-thumbnail","6":"product_cat-lampy-stojace","7":"product_cat-oswietlenie","8":"product_shipping_class-wysylka-80zl","9":"desktop-align-left","10":"tablet-align-left","11":"mobile-align-left","12":"ast-product-gallery-layout-vertical-slider","13":"ast-product-tabs-layout-horizontal","14":"ast-qv-on-image","16":"first","17":"instock","18":"sold-individually","19":"shipping-taxable","20":"purchasable","21":"product-type-simple"},"_links":{"self":[{"href":"https:\/\/antart.com.pl\/en\/wp-json\/wp\/v2\/product\/65753","targetHints":{"allow":["GET"]}}],"collection":[{"href":"https:\/\/antart.com.pl\/en\/wp-json\/wp\/v2\/product"}],"about":[{"href":"https:\/\/antart.com.pl\/en\/wp-json\/wp\/v2\/types\/product"}],"wp:featuredmedia":[{"embeddable":true,"href":"https:\/\/antart.com.pl\/en\/wp-json\/wp\/v2\/media\/65735"}],"wp:attachment":[{"href":"https:\/\/antart.com.pl\/en\/wp-json\/wp\/v2\/media?parent=65753"}],"wp:term":[{"taxonomy":"product_brand","embeddable":true,"href":"https:\/\/antart.com.pl\/en\/wp-json\/wp\/v2\/product_brand?post=65753"},{"taxonomy":"product_cat","embeddable":true,"href":"https:\/\/antart.com.pl\/en\/wp-json\/wp\/v2\/product_cat?post=65753"},{"taxonomy":"product_tag","embeddable":true,"href":"https:\/\/antart.com.pl\/en\/wp-json\/wp\/v2\/product_tag?post=65753"}],"curies":[{"name":"wp","href":"https:\/\/api.w.org\/{rel}","templated":true}]}}