{"id":66264,"date":"2026-02-12T12:39:30","date_gmt":"2026-02-12T11:39:30","guid":{"rendered":"https:\/\/antart.com.pl\/?post_type=product&#038;p=66264"},"modified":"2026-02-12T12:39:32","modified_gmt":"2026-02-12T11:39:32","slug":"rosenthal-lotus-blau-decorative-platter","status":"publish","type":"product","link":"https:\/\/antart.com.pl\/en\/produkt\/patera-dekoracyjna-rosenthal-lotus-blau\/","title":{"rendered":"Rosenthal Lotus Blau decorative platter"},"content":{"rendered":"<h4 style=\"text-align: center;\"><em><b>Decorative platter from the renowned Rosenthal Studio Line from the Lotus Blau series , designed by the Danish artist Bjorn Wiinblad in 1964, made of top quality white porcelain. Decorated with the \u201eBlau\u201d pattern, the platter is characterised by a delicate geometric motif reminiscent of lotus leaves in a blue shade.<\/b><\/em><\/h4>\n<h4><\/h4>\n<h4><em><b>I have 2pcs for sale.<\/b><\/em><\/h4>\n<h4><em><b>Price is for 1pc.<\/b><\/em><\/h4>\n<h4><\/h4>\n<h4><em><b>Dimensions<\/b><\/em><\/h4>\n<ul>\n<li>\n<h4><em><b>Height: 3cm.<\/b><\/em><\/h4>\n<\/li>\n<li>\n<h4><em><b>Length: 33cm.<\/b><\/em><\/h4>\n<\/li>\n<li>\n<h4><em><b>Width: 20cm.<\/b><\/em><\/h4>\n<\/li>\n<\/ul>\n<h4 style=\"text-align: center;\"><em><b>The photos show the actual state of the object<\/b><\/em><\/h4>\n<h4 style=\"text-align: center;\"><em><b>Additional photos upon request<\/b><\/em><\/h4>\n<h4 style=\"text-align: center;\"><em><b>All our items on display are available in our warehouse.<\/b><\/em><\/h4>\n<h4 style=\"text-align: center;\"><em><b>Can be viewed by appointment.<\/b><\/em><\/h4>\n<h4><\/h4>\n<h4><em><b>No. 6902<\/b><\/em><\/h4>","protected":false},"excerpt":{"rendered":"<p>Patera dekoracyjna renomowanej wytw\u00f3rni Rosenthal Studio Line z serii Lotus Blau , zaprojektowana przez du\u0144skiego artyst\u0119 Bjorna Wiinblada w 1964r, wykonana z najwy\u017cszej jako\u015bci bia\u0142ej porcelany. Patera ozdobione wzorem \u201eBlau\u201d, charakteryzuje si\u0119 delikatnym, geometrycznym motywem przypominaj\u0105cy li\u015bcie lotosu w niebieskim odcieniu. Posiadam w sprzeda\u017cy 2szt. Cena dotyczy 1szt. Wymiary Wysoko\u015b\u0107: 3cm. D\u0142ugo\u015b\u0107: 33cm. Szeroko\u015b\u0107: 20cm. [&hellip;]<\/p>\n","protected":false},"featured_media":66270,"template":"","meta":{"_seopress_robots_primary_cat":"","_seopress_titles_title":"","_seopress_titles_desc":"","_seopress_robots_index":"","site-sidebar-layout":"default","site-content-layout":"","ast-site-content-layout":"default","site-content-style":"default","site-sidebar-style":"default","ast-global-header-display":"","ast-banner-title-visibility":"","ast-main-header-display":"","ast-hfb-above-header-display":"","ast-hfb-below-header-display":"","ast-hfb-mobile-header-display":"","site-post-title":"","ast-breadcrumbs-content":"","ast-featured-img":"","footer-sml-layout":"","ast-disable-related-posts":"","theme-transparent-header-meta":"default","adv-header-id-meta":"","stick-header-meta":"default","header-above-stick-meta":"","header-main-stick-meta":"","header-below-stick-meta":"","astra-migrate-meta-layouts":"set","ast-page-background-enabled":"default","ast-page-background-meta":{"desktop":{"background-color":"var(--ast-global-color-4)","background-image":"","background-repeat":"repeat","background-position":"center center","background-size":"auto","background-attachment":"scroll","background-type":"","background-media":"","overlay-type":"","overlay-color":"","overlay-opacity":"","overlay-gradient":""},"tablet":{"background-color":"","background-image":"","background-repeat":"repeat","background-position":"center center","background-size":"auto","background-attachment":"scroll","background-type":"","background-media":"","overlay-type":"","overlay-color":"","overlay-opacity":"","overlay-gradient":""},"mobile":{"background-color":"","background-image":"","background-repeat":"repeat","background-position":"center center","background-size":"auto","background-attachment":"scroll","background-type":"","background-media":"","overlay-type":"","overlay-color":"","overlay-opacity":"","overlay-gradient":""}},"ast-content-background-meta":{"desktop":{"background-color":"var(--ast-global-color-5)","background-image":"","background-repeat":"repeat","background-position":"center center","background-size":"auto","background-attachment":"scroll","background-type":"","background-media":"","overlay-type":"","overlay-color":"","overlay-opacity":"","overlay-gradient":""},"tablet":{"background-color":"var(--ast-global-color-5)","background-image":"","background-repeat":"repeat","background-position":"center center","background-size":"auto","background-attachment":"scroll","background-type":"","background-media":"","overlay-type":"","overlay-color":"","overlay-opacity":"","overlay-gradient":""},"mobile":{"background-color":"var(--ast-global-color-5)","background-image":"","background-repeat":"repeat","background-position":"center center","background-size":"auto","background-attachment":"scroll","background-type":"","background-media":"","overlay-type":"","overlay-color":"","overlay-opacity":"","overlay-gradient":""}}},"product_brand":[],"product_cat":[24,46],"product_tag":[],"class_list":{"0":"post-66264","1":"product","2":"type-product","3":"status-publish","4":"has-post-thumbnail","6":"product_cat-kuchnia","7":"product_cat-talerze-patery","8":"product_shipping_class-wysylka-19zl","9":"desktop-align-left","10":"tablet-align-left","11":"mobile-align-left","12":"ast-product-gallery-layout-vertical-slider","13":"ast-product-tabs-layout-horizontal","14":"ast-qv-on-image","16":"first","17":"instock","18":"shipping-taxable","19":"purchasable","20":"product-type-simple"},"_links":{"self":[{"href":"https:\/\/antart.com.pl\/en\/wp-json\/wp\/v2\/product\/66264","targetHints":{"allow":["GET"]}}],"collection":[{"href":"https:\/\/antart.com.pl\/en\/wp-json\/wp\/v2\/product"}],"about":[{"href":"https:\/\/antart.com.pl\/en\/wp-json\/wp\/v2\/types\/product"}],"wp:featuredmedia":[{"embeddable":true,"href":"https:\/\/antart.com.pl\/en\/wp-json\/wp\/v2\/media\/66270"}],"wp:attachment":[{"href":"https:\/\/antart.com.pl\/en\/wp-json\/wp\/v2\/media?parent=66264"}],"wp:term":[{"taxonomy":"product_brand","embeddable":true,"href":"https:\/\/antart.com.pl\/en\/wp-json\/wp\/v2\/product_brand?post=66264"},{"taxonomy":"product_cat","embeddable":true,"href":"https:\/\/antart.com.pl\/en\/wp-json\/wp\/v2\/product_cat?post=66264"},{"taxonomy":"product_tag","embeddable":true,"href":"https:\/\/antart.com.pl\/en\/wp-json\/wp\/v2\/product_tag?post=66264"}],"curies":[{"name":"wp","href":"https:\/\/api.w.org\/{rel}","templated":true}]}}