{"id":66291,"date":"2026-02-14T12:50:09","date_gmt":"2026-02-14T11:50:09","guid":{"rendered":"https:\/\/antart.com.pl\/?post_type=product&#038;p=66291"},"modified":"2026-02-12T12:59:00","modified_gmt":"2026-02-12T11:59:00","slug":"postument-kwietnik-lite-drewno-w-stylu-francuski-z-1900-roku","status":"publish","type":"product","link":"https:\/\/antart.com.pl\/en\/produkt\/postument-kwietnik-lite-drewno-w-stylu-francuski-z-1900-roku\/","title":{"rendered":"Pedestal\/French style solid wood flower bed 1900."},"content":{"rendered":"<h4 style=\"text-align: center;\"><em><strong>Pedestal\/French style solid wood flower bed 1900.<\/strong><\/em><\/h4>\n<h4 style=\"text-align: center;\"><em><strong>Drewniany, rze\u017abiony w stylu francuskim, wysoki cok\u00f3\u0142\/kwietnik z 1900 roku. Posiada charakterystyczne, zdobione elementy, kt\u00f3re nadaj\u0105 mu elegancki i stylowy wygl\u0105d.<\/strong><\/em><\/h4>\n<h4 style=\"text-align: center;\"><em><strong>Blat marmurowy posiada zarysowanie.<\/strong><\/em><\/h4>\n<h4><em><strong>Dimensions:<\/strong><\/em><\/h4>\n<ul>\n<li>\n<h4><em><strong>height: 48cm<\/strong><\/em><\/h4>\n<\/li>\n<li>\n<h4><em><strong>length: 30cm<\/strong><\/em><\/h4>\n<\/li>\n<li>\n<h4><em><strong>width: 30cm<\/strong><\/em><\/h4>\n<\/li>\n<\/ul>\n<h4 style=\"text-align: center;\"><em><strong>The photos show the actual state of the object<\/strong><\/em><\/h4>\n<h4><em><strong>nr. art. 10653<\/strong><\/em><\/h4>","protected":false},"excerpt":{"rendered":"<p>Postument\/ Kwietnik lite drewno w stylu francuski. z 1900 roku Drewniany, rze\u017abiony w stylu francuskim, wysoki cok\u00f3\u0142\/kwietnik z 1900 roku. Posiada charakterystyczne, zdobione elementy, kt\u00f3re nadaj\u0105 mu elegancki i stylowy wygl\u0105d. Blat marmurowy posiada zarysowanie. Wymiary: wysoko\u015b\u0107: 48cm d\u0142ugo\u015b\u0107: 30cm szeroko\u015b\u0107: 30cm Zdj\u0119cia przedstawiaj\u0105 stan faktyczny przedmiotu nr. art. 10653<\/p>","protected":false},"featured_media":66095,"template":"","meta":{"_seopress_robots_primary_cat":"","_seopress_titles_title":"","_seopress_titles_desc":"","_seopress_robots_index":"","site-sidebar-layout":"default","site-content-layout":"","ast-site-content-layout":"default","site-content-style":"default","site-sidebar-style":"default","ast-global-header-display":"","ast-banner-title-visibility":"","ast-main-header-display":"","ast-hfb-above-header-display":"","ast-hfb-below-header-display":"","ast-hfb-mobile-header-display":"","site-post-title":"","ast-breadcrumbs-content":"","ast-featured-img":"","footer-sml-layout":"","ast-disable-related-posts":"","theme-transparent-header-meta":"default","adv-header-id-meta":"","stick-header-meta":"default","header-above-stick-meta":"","header-main-stick-meta":"","header-below-stick-meta":"","astra-migrate-meta-layouts":"set","ast-page-background-enabled":"default","ast-page-background-meta":{"desktop":{"background-color":"var(--ast-global-color-4)","background-image":"","background-repeat":"repeat","background-position":"center center","background-size":"auto","background-attachment":"scroll","background-type":"","background-media":"","overlay-type":"","overlay-color":"","overlay-opacity":"","overlay-gradient":""},"tablet":{"background-color":"","background-image":"","background-repeat":"repeat","background-position":"center center","background-size":"auto","background-attachment":"scroll","background-type":"","background-media":"","overlay-type":"","overlay-color":"","overlay-opacity":"","overlay-gradient":""},"mobile":{"background-color":"","background-image":"","background-repeat":"repeat","background-position":"center center","background-size":"auto","background-attachment":"scroll","background-type":"","background-media":"","overlay-type":"","overlay-color":"","overlay-opacity":"","overlay-gradient":""}},"ast-content-background-meta":{"desktop":{"background-color":"var(--ast-global-color-5)","background-image":"","background-repeat":"repeat","background-position":"center center","background-size":"auto","background-attachment":"scroll","background-type":"","background-media":"","overlay-type":"","overlay-color":"","overlay-opacity":"","overlay-gradient":""},"tablet":{"background-color":"var(--ast-global-color-5)","background-image":"","background-repeat":"repeat","background-position":"center center","background-size":"auto","background-attachment":"scroll","background-type":"","background-media":"","overlay-type":"","overlay-color":"","overlay-opacity":"","overlay-gradient":""},"mobile":{"background-color":"var(--ast-global-color-5)","background-image":"","background-repeat":"repeat","background-position":"center center","background-size":"auto","background-attachment":"scroll","background-type":"","background-media":"","overlay-type":"","overlay-color":"","overlay-opacity":"","overlay-gradient":""}}},"product_brand":[],"product_cat":[32,80],"product_tag":[],"class_list":{"0":"post-66291","1":"product","2":"type-product","3":"status-publish","4":"has-post-thumbnail","6":"product_cat-meble","7":"product_cat-postument-kwietnik","8":"product_shipping_class-wysylka-50zl","9":"desktop-align-left","10":"tablet-align-left","11":"mobile-align-left","12":"ast-product-gallery-layout-vertical-slider","13":"ast-product-tabs-layout-horizontal","14":"ast-qv-on-image","16":"first","17":"instock","18":"sold-individually","19":"shipping-taxable","20":"purchasable","21":"product-type-simple"},"_links":{"self":[{"href":"https:\/\/antart.com.pl\/en\/wp-json\/wp\/v2\/product\/66291","targetHints":{"allow":["GET"]}}],"collection":[{"href":"https:\/\/antart.com.pl\/en\/wp-json\/wp\/v2\/product"}],"about":[{"href":"https:\/\/antart.com.pl\/en\/wp-json\/wp\/v2\/types\/product"}],"wp:featuredmedia":[{"embeddable":true,"href":"https:\/\/antart.com.pl\/en\/wp-json\/wp\/v2\/media\/66095"}],"wp:attachment":[{"href":"https:\/\/antart.com.pl\/en\/wp-json\/wp\/v2\/media?parent=66291"}],"wp:term":[{"taxonomy":"product_brand","embeddable":true,"href":"https:\/\/antart.com.pl\/en\/wp-json\/wp\/v2\/product_brand?post=66291"},{"taxonomy":"product_cat","embeddable":true,"href":"https:\/\/antart.com.pl\/en\/wp-json\/wp\/v2\/product_cat?post=66291"},{"taxonomy":"product_tag","embeddable":true,"href":"https:\/\/antart.com.pl\/en\/wp-json\/wp\/v2\/product_tag?post=66291"}],"curies":[{"name":"wp","href":"https:\/\/api.w.org\/{rel}","templated":true}]}}