{"id":66303,"date":"2026-02-14T12:59:30","date_gmt":"2026-02-14T11:59:30","guid":{"rendered":"https:\/\/antart.com.pl\/?post_type=product&#038;p=66303"},"modified":"2026-02-12T13:19:58","modified_gmt":"2026-02-12T12:19:58","slug":"duzy-wazon-orientalny-w-stylu-famile-rose-3","status":"publish","type":"product","link":"https:\/\/antart.com.pl\/en\/produkt\/duzy-wazon-orientalny-w-stylu-famile-rose-3\/","title":{"rendered":"Large Oriental vase in Famile Rose style"},"content":{"rendered":"<h4 style=\"text-align: center;\"><strong><em>Large Oriental vase in Famile Rose style<\/em><\/strong><\/h4>\n<h4 style=\"text-align: center;\"><strong><em>A beautiful oriental vase with floral and geometric motifs. The vessel is made of high-quality porcelain, with a distinctive, colourful pattern. The vase can be used as an interior decoration or a practical vessel for flowers.<\/em><\/strong><\/h4>\n<h4><strong><em>Dimensions<\/em><\/strong><\/h4>\n<ul>\n<li>\n<h4><strong><em>diameter: 17cm<\/em><\/strong><\/h4>\n<\/li>\n<li>\n<h4><strong><em>Wysoko\u015b\u0107: 63 cm<\/em><\/strong><\/h4>\n<\/li>\n<\/ul>\n<h4 style=\"text-align: center;\"><strong><em>The photos show the actual condition of the item.<\/em><\/strong><\/h4>\n<h4><strong><em>nr.10652<\/em><\/strong><\/h4>","protected":false},"excerpt":{"rendered":"<p>Du\u017cy wazon orientalny w stylu Famile Rose Pi\u0119kny, orientalny wazon z motywami kwiatowymi i geometrycznymi. Naczynie jest wykonane z wysokiej jako\u015bci porcelany, z charakterystycznym, kolorowym wzorem. Wazon mo\u017ce s\u0142u\u017cy\u0107 jako dekoracja wn\u0119trza lub praktyczne naczynie na kwiaty. Wymiary \u015brednica: 17cm Wysoko\u015b\u0107: 63 cm Zdj\u0119cia przedstawiaj\u0105 stan faktyczny przedmiotu. nr.10652<\/p>","protected":false},"featured_media":66107,"template":"","meta":{"_seopress_robots_primary_cat":"","_seopress_titles_title":"","_seopress_titles_desc":"","_seopress_robots_index":"","site-sidebar-layout":"default","site-content-layout":"","ast-site-content-layout":"default","site-content-style":"default","site-sidebar-style":"default","ast-global-header-display":"","ast-banner-title-visibility":"","ast-main-header-display":"","ast-hfb-above-header-display":"","ast-hfb-below-header-display":"","ast-hfb-mobile-header-display":"","site-post-title":"","ast-breadcrumbs-content":"","ast-featured-img":"","footer-sml-layout":"","ast-disable-related-posts":"","theme-transparent-header-meta":"default","adv-header-id-meta":"","stick-header-meta":"default","header-above-stick-meta":"","header-main-stick-meta":"","header-below-stick-meta":"","astra-migrate-meta-layouts":"set","ast-page-background-enabled":"default","ast-page-background-meta":{"desktop":{"background-color":"var(--ast-global-color-4)","background-image":"","background-repeat":"repeat","background-position":"center center","background-size":"auto","background-attachment":"scroll","background-type":"","background-media":"","overlay-type":"","overlay-color":"","overlay-opacity":"","overlay-gradient":""},"tablet":{"background-color":"","background-image":"","background-repeat":"repeat","background-position":"center center","background-size":"auto","background-attachment":"scroll","background-type":"","background-media":"","overlay-type":"","overlay-color":"","overlay-opacity":"","overlay-gradient":""},"mobile":{"background-color":"","background-image":"","background-repeat":"repeat","background-position":"center center","background-size":"auto","background-attachment":"scroll","background-type":"","background-media":"","overlay-type":"","overlay-color":"","overlay-opacity":"","overlay-gradient":""}},"ast-content-background-meta":{"desktop":{"background-color":"var(--ast-global-color-5)","background-image":"","background-repeat":"repeat","background-position":"center center","background-size":"auto","background-attachment":"scroll","background-type":"","background-media":"","overlay-type":"","overlay-color":"","overlay-opacity":"","overlay-gradient":""},"tablet":{"background-color":"var(--ast-global-color-5)","background-image":"","background-repeat":"repeat","background-position":"center center","background-size":"auto","background-attachment":"scroll","background-type":"","background-media":"","overlay-type":"","overlay-color":"","overlay-opacity":"","overlay-gradient":""},"mobile":{"background-color":"var(--ast-global-color-5)","background-image":"","background-repeat":"repeat","background-position":"center center","background-size":"auto","background-attachment":"scroll","background-type":"","background-media":"","overlay-type":"","overlay-color":"","overlay-opacity":"","overlay-gradient":""}}},"product_brand":[],"product_cat":[27,71],"product_tag":[],"class_list":{"0":"post-66303","1":"product","2":"type-product","3":"status-publish","4":"has-post-thumbnail","6":"product_cat-dekoracyjne","7":"product_cat-wazony","8":"product_shipping_class-wysylka-100zl","9":"desktop-align-left","10":"tablet-align-left","11":"mobile-align-left","12":"ast-product-gallery-layout-vertical-slider","13":"ast-product-tabs-layout-horizontal","14":"ast-qv-on-image","16":"first","17":"instock","18":"sold-individually","19":"shipping-taxable","20":"purchasable","21":"product-type-simple"},"_links":{"self":[{"href":"https:\/\/antart.com.pl\/en\/wp-json\/wp\/v2\/product\/66303","targetHints":{"allow":["GET"]}}],"collection":[{"href":"https:\/\/antart.com.pl\/en\/wp-json\/wp\/v2\/product"}],"about":[{"href":"https:\/\/antart.com.pl\/en\/wp-json\/wp\/v2\/types\/product"}],"wp:featuredmedia":[{"embeddable":true,"href":"https:\/\/antart.com.pl\/en\/wp-json\/wp\/v2\/media\/66107"}],"wp:attachment":[{"href":"https:\/\/antart.com.pl\/en\/wp-json\/wp\/v2\/media?parent=66303"}],"wp:term":[{"taxonomy":"product_brand","embeddable":true,"href":"https:\/\/antart.com.pl\/en\/wp-json\/wp\/v2\/product_brand?post=66303"},{"taxonomy":"product_cat","embeddable":true,"href":"https:\/\/antart.com.pl\/en\/wp-json\/wp\/v2\/product_cat?post=66303"},{"taxonomy":"product_tag","embeddable":true,"href":"https:\/\/antart.com.pl\/en\/wp-json\/wp\/v2\/product_tag?post=66303"}],"curies":[{"name":"wp","href":"https:\/\/api.w.org\/{rel}","templated":true}]}}