{"id":66452,"date":"2026-02-12T15:04:50","date_gmt":"2026-02-12T14:04:50","guid":{"rendered":"https:\/\/antart.com.pl\/?post_type=product&#038;p=66452"},"modified":"2026-02-12T15:04:51","modified_gmt":"2026-02-12T14:04:51","slug":"postument-kwietnik-lite-drewna-mahoniowego-koniec-xix-wieku","status":"publish","type":"product","link":"https:\/\/antart.com.pl\/en\/produkt\/postument-kwietnik-lite-drewna-mahoniowego-koniec-xix-wieku\/","title":{"rendered":"Pedestal\/ Flowerbed of solid mahogany wood late 19th century"},"content":{"rendered":"<h4 style=\"text-align: center;\"><em><strong>Pedestal\/ Flowerbed of solid mahogany wood late 19th century<\/strong><\/em><\/h4>\n<h4 style=\"text-align: center;\"><em><strong>Solidny, drewniany postument\/podstawka pod doniczk\u0119 z kwiatami wykonany z ciemnego, mahoniowego drewna z ko\u0144ca XIX wieku. Posiada charakterystyczne, spiralne zdobienia na cokole, nadaj\u0105ce mu elegancki wygl\u0105d. Przedmiot nosi \u015blady u\u017cytkowania, ale zachowa\u0142 sw\u00f3j unikatowy charakter.<\/strong><\/em><\/h4>\n<h4 style=\"text-align: center;\"><em><strong>Postument posiada niewielkie p\u0119kni\u0119cie drewna spowodowane minionym czasem.<\/strong><\/em><\/h4>\n<h4><em><strong>Dimensions:<\/strong><\/em><\/h4>\n<ul>\n<li>\n<h4><em><strong>height: 69cm<\/strong><\/em><\/h4>\n<\/li>\n<li>\n<h4><em><strong>\u015brednica g\u00f3rna: 25cm<\/strong><\/em><\/h4>\n<\/li>\n<li>\n<h4><em><strong>base diameter: 30<\/strong><\/em><\/h4>\n<\/li>\n<\/ul>\n<h4 style=\"text-align: center;\"><em><strong>The photos show the actual state of the object<\/strong><\/em><\/h4>\n<h4><em><strong>nr. art. 10651<\/strong><\/em><\/h4>","protected":false},"excerpt":{"rendered":"<p>Postument\/ Kwietnik lite drewna mahoniowego koniec XIX wieku Solidny, drewniany postument\/podstawka pod doniczk\u0119 z kwiatami wykonany z ciemnego, mahoniowego drewna z ko\u0144ca XIX wieku. Posiada charakterystyczne, spiralne zdobienia na cokole, nadaj\u0105ce mu elegancki wygl\u0105d. Przedmiot nosi \u015blady u\u017cytkowania, ale zachowa\u0142 sw\u00f3j unikatowy charakter. Postument posiada niewielkie p\u0119kni\u0119cie drewna spowodowane minionym czasem. Wymiary: wysoko\u015b\u0107: 69cm \u015brednica [&hellip;]<\/p>\n","protected":false},"featured_media":66131,"template":"","meta":{"_seopress_robots_primary_cat":"","_seopress_titles_title":"","_seopress_titles_desc":"","_seopress_robots_index":"","site-sidebar-layout":"default","site-content-layout":"","ast-site-content-layout":"default","site-content-style":"default","site-sidebar-style":"default","ast-global-header-display":"","ast-banner-title-visibility":"","ast-main-header-display":"","ast-hfb-above-header-display":"","ast-hfb-below-header-display":"","ast-hfb-mobile-header-display":"","site-post-title":"","ast-breadcrumbs-content":"","ast-featured-img":"","footer-sml-layout":"","ast-disable-related-posts":"","theme-transparent-header-meta":"default","adv-header-id-meta":"","stick-header-meta":"default","header-above-stick-meta":"","header-main-stick-meta":"","header-below-stick-meta":"","astra-migrate-meta-layouts":"set","ast-page-background-enabled":"default","ast-page-background-meta":{"desktop":{"background-color":"var(--ast-global-color-4)","background-image":"","background-repeat":"repeat","background-position":"center center","background-size":"auto","background-attachment":"scroll","background-type":"","background-media":"","overlay-type":"","overlay-color":"","overlay-opacity":"","overlay-gradient":""},"tablet":{"background-color":"","background-image":"","background-repeat":"repeat","background-position":"center center","background-size":"auto","background-attachment":"scroll","background-type":"","background-media":"","overlay-type":"","overlay-color":"","overlay-opacity":"","overlay-gradient":""},"mobile":{"background-color":"","background-image":"","background-repeat":"repeat","background-position":"center center","background-size":"auto","background-attachment":"scroll","background-type":"","background-media":"","overlay-type":"","overlay-color":"","overlay-opacity":"","overlay-gradient":""}},"ast-content-background-meta":{"desktop":{"background-color":"var(--ast-global-color-5)","background-image":"","background-repeat":"repeat","background-position":"center center","background-size":"auto","background-attachment":"scroll","background-type":"","background-media":"","overlay-type":"","overlay-color":"","overlay-opacity":"","overlay-gradient":""},"tablet":{"background-color":"var(--ast-global-color-5)","background-image":"","background-repeat":"repeat","background-position":"center center","background-size":"auto","background-attachment":"scroll","background-type":"","background-media":"","overlay-type":"","overlay-color":"","overlay-opacity":"","overlay-gradient":""},"mobile":{"background-color":"var(--ast-global-color-5)","background-image":"","background-repeat":"repeat","background-position":"center center","background-size":"auto","background-attachment":"scroll","background-type":"","background-media":"","overlay-type":"","overlay-color":"","overlay-opacity":"","overlay-gradient":""}}},"product_brand":[],"product_cat":[32,80],"product_tag":[],"class_list":{"0":"post-66452","1":"product","2":"type-product","3":"status-publish","4":"has-post-thumbnail","6":"product_cat-meble","7":"product_cat-postument-kwietnik","8":"product_shipping_class-wysylka-50zl","9":"desktop-align-left","10":"tablet-align-left","11":"mobile-align-left","12":"ast-product-gallery-layout-vertical-slider","13":"ast-product-tabs-layout-horizontal","14":"ast-qv-on-image","16":"first","17":"instock","18":"sold-individually","19":"shipping-taxable","20":"purchasable","21":"product-type-simple"},"_links":{"self":[{"href":"https:\/\/antart.com.pl\/en\/wp-json\/wp\/v2\/product\/66452","targetHints":{"allow":["GET"]}}],"collection":[{"href":"https:\/\/antart.com.pl\/en\/wp-json\/wp\/v2\/product"}],"about":[{"href":"https:\/\/antart.com.pl\/en\/wp-json\/wp\/v2\/types\/product"}],"wp:featuredmedia":[{"embeddable":true,"href":"https:\/\/antart.com.pl\/en\/wp-json\/wp\/v2\/media\/66131"}],"wp:attachment":[{"href":"https:\/\/antart.com.pl\/en\/wp-json\/wp\/v2\/media?parent=66452"}],"wp:term":[{"taxonomy":"product_brand","embeddable":true,"href":"https:\/\/antart.com.pl\/en\/wp-json\/wp\/v2\/product_brand?post=66452"},{"taxonomy":"product_cat","embeddable":true,"href":"https:\/\/antart.com.pl\/en\/wp-json\/wp\/v2\/product_cat?post=66452"},{"taxonomy":"product_tag","embeddable":true,"href":"https:\/\/antart.com.pl\/en\/wp-json\/wp\/v2\/product_tag?post=66452"}],"curies":[{"name":"wp","href":"https:\/\/api.w.org\/{rel}","templated":true}]}}