{"id":66766,"date":"2026-02-15T10:55:28","date_gmt":"2026-02-15T09:55:28","guid":{"rendered":"https:\/\/antart.com.pl\/?post_type=product&#038;p=66766"},"modified":"2026-02-13T11:04:56","modified_gmt":"2026-02-13T10:04:56","slug":"rustic-oak-table-lamp-with-brass","status":"publish","type":"product","link":"https:\/\/antart.com.pl\/en\/produkt\/lampa-stolowa-debowa-z-mosiadzem-w-stylu-rustykalnym\/","title":{"rendered":"Oak table lamp with brass in rustic style"},"content":{"rendered":"<h4 style=\"text-align: center;\"><em><strong>Rustic green wooden table lamp<\/strong><\/em><\/h4>\n<h4 style=\"text-align: center;\"><em><strong>Stylish brass table lamp in a rustic style with a wooden base. Cream-coloured glass lampshade decorated with a delicate hand-painted floral pattern . Lamp in good condition, usable.<\/strong><\/em><\/h4>\n<h4><em><strong>Dimensions<\/strong><\/em><\/h4>\n<ul>\n<li>\n<h4><em><strong>overall height: 60 cm<\/strong><\/em><\/h4>\n<\/li>\n<li>\n<h4><em><strong>bottom diameter of lampshade: 35 cm<\/strong><\/em><\/h4>\n<\/li>\n<li>\n<h4><em><strong>upper diameter of lampshade: 17cm<\/strong><\/em><\/h4>\n<\/li>\n<li>\n<h4><em><strong>height of lampshade: 27cm<\/strong><\/em><\/h4>\n<\/li>\n<li>\n<h4><em><strong>upper chimney diameter: 5.2cm<\/strong><\/em><\/h4>\n<\/li>\n<li>\n<h4><em><strong>bottom diameter of chimney: 7.5 cm<\/strong><\/em><\/h4>\n<\/li>\n<li>\n<h4><em><strong>chimney height: 26cm<\/strong><\/em><\/h4>\n<\/li>\n<\/ul>\n<h4><em><strong>I own 2 lamps.<\/strong><\/em><\/h4>\n<h4><em><strong>The price is for 1 piece.<\/strong><\/em><\/h4>\n<h4 style=\"text-align: center;\"><em><strong>The photos show the actual condition of the item.<\/strong><\/em><\/h4>\n<h4><em><strong>article no. 10648<\/strong><\/em><\/h4>","protected":false},"excerpt":{"rendered":"<p>Lampa sto\u0142owa drewniana zielona w stylu rustykalnym Stylowy, mosi\u0119\u017cny lampka sto\u0142owa w rustykalnym stylu z drewnian\u0105 podstaw\u0105. Aba\u017cur szklany w kolorze kremowym zdobiony delikatnym, kwiatowym wzorem r\u0119cznie malowanymi . Lampa w dobrym stanie, nadaje si\u0119 do u\u017cytku. Wymiary wysoko\u015b\u0107 ca\u0142kowita: 60 cm \u015brednica dolna klosza: 35 cm \u015brednica g\u00f3rna klosza: 17cm wysoko\u015b\u0107 klosza: 27cm \u015brednica [&hellip;]<\/p>\n","protected":false},"featured_media":66697,"template":"","meta":{"_seopress_robots_primary_cat":"","_seopress_titles_title":"","_seopress_titles_desc":"","_seopress_robots_index":"","site-sidebar-layout":"default","site-content-layout":"","ast-site-content-layout":"default","site-content-style":"default","site-sidebar-style":"default","ast-global-header-display":"","ast-banner-title-visibility":"","ast-main-header-display":"","ast-hfb-above-header-display":"","ast-hfb-below-header-display":"","ast-hfb-mobile-header-display":"","site-post-title":"","ast-breadcrumbs-content":"","ast-featured-img":"","footer-sml-layout":"","ast-disable-related-posts":"","theme-transparent-header-meta":"default","adv-header-id-meta":"","stick-header-meta":"default","header-above-stick-meta":"","header-main-stick-meta":"","header-below-stick-meta":"","astra-migrate-meta-layouts":"set","ast-page-background-enabled":"default","ast-page-background-meta":{"desktop":{"background-color":"var(--ast-global-color-4)","background-image":"","background-repeat":"repeat","background-position":"center center","background-size":"auto","background-attachment":"scroll","background-type":"","background-media":"","overlay-type":"","overlay-color":"","overlay-opacity":"","overlay-gradient":""},"tablet":{"background-color":"","background-image":"","background-repeat":"repeat","background-position":"center center","background-size":"auto","background-attachment":"scroll","background-type":"","background-media":"","overlay-type":"","overlay-color":"","overlay-opacity":"","overlay-gradient":""},"mobile":{"background-color":"","background-image":"","background-repeat":"repeat","background-position":"center center","background-size":"auto","background-attachment":"scroll","background-type":"","background-media":"","overlay-type":"","overlay-color":"","overlay-opacity":"","overlay-gradient":""}},"ast-content-background-meta":{"desktop":{"background-color":"var(--ast-global-color-5)","background-image":"","background-repeat":"repeat","background-position":"center center","background-size":"auto","background-attachment":"scroll","background-type":"","background-media":"","overlay-type":"","overlay-color":"","overlay-opacity":"","overlay-gradient":""},"tablet":{"background-color":"var(--ast-global-color-5)","background-image":"","background-repeat":"repeat","background-position":"center center","background-size":"auto","background-attachment":"scroll","background-type":"","background-media":"","overlay-type":"","overlay-color":"","overlay-opacity":"","overlay-gradient":""},"mobile":{"background-color":"var(--ast-global-color-5)","background-image":"","background-repeat":"repeat","background-position":"center center","background-size":"auto","background-attachment":"scroll","background-type":"","background-media":"","overlay-type":"","overlay-color":"","overlay-opacity":"","overlay-gradient":""}}},"product_brand":[],"product_cat":[40,30],"product_tag":[],"class_list":{"0":"post-66766","1":"product","2":"type-product","3":"status-publish","4":"has-post-thumbnail","6":"product_cat-lampy-stolowe","7":"product_cat-oswietlenie","8":"product_shipping_class-wysylka-40zl","9":"desktop-align-left","10":"tablet-align-left","11":"mobile-align-left","12":"ast-product-gallery-layout-vertical-slider","13":"ast-product-tabs-layout-horizontal","14":"ast-qv-on-image","16":"first","17":"instock","18":"shipping-taxable","19":"purchasable","20":"product-type-simple"},"_links":{"self":[{"href":"https:\/\/antart.com.pl\/en\/wp-json\/wp\/v2\/product\/66766","targetHints":{"allow":["GET"]}}],"collection":[{"href":"https:\/\/antart.com.pl\/en\/wp-json\/wp\/v2\/product"}],"about":[{"href":"https:\/\/antart.com.pl\/en\/wp-json\/wp\/v2\/types\/product"}],"wp:featuredmedia":[{"embeddable":true,"href":"https:\/\/antart.com.pl\/en\/wp-json\/wp\/v2\/media\/66697"}],"wp:attachment":[{"href":"https:\/\/antart.com.pl\/en\/wp-json\/wp\/v2\/media?parent=66766"}],"wp:term":[{"taxonomy":"product_brand","embeddable":true,"href":"https:\/\/antart.com.pl\/en\/wp-json\/wp\/v2\/product_brand?post=66766"},{"taxonomy":"product_cat","embeddable":true,"href":"https:\/\/antart.com.pl\/en\/wp-json\/wp\/v2\/product_cat?post=66766"},{"taxonomy":"product_tag","embeddable":true,"href":"https:\/\/antart.com.pl\/en\/wp-json\/wp\/v2\/product_tag?post=66766"}],"curies":[{"name":"wp","href":"https:\/\/api.w.org\/{rel}","templated":true}]}}