{"id":66888,"date":"2026-02-22T10:17:46","date_gmt":"2026-02-22T09:17:46","guid":{"rendered":"https:\/\/antart.com.pl\/?post_type=product&#038;p=66888"},"modified":"2026-02-22T10:17:47","modified_gmt":"2026-02-22T09:17:47","slug":"komplet-lyzeczek-do-kawy-herbaty-zlocone-z-roza","status":"publish","type":"product","link":"https:\/\/antart.com.pl\/en\/produkt\/komplet-lyzeczek-do-kawy-herbaty-zlocone-z-roza\/","title":{"rendered":"Set of coffee\/tea spoons gilded with rose"},"content":{"rendered":"<h4 style=\"text-align: center;\">Komplet \u0142y\u017ceczek do kawy\/herbaty \u00a0z\u0142ocone z r\u00f3\u017c\u0105<\/h4>\n<h4 style=\"text-align: center;\">Zestaw sze\u015bciu z\u0142oconych \u0142y\u017ceczek do kawy\/herbaty z delikatnym r\u00f3\u017canym wzorem. Eleganckie i trwa\u0142e, idealnie sprawdz\u0105 si\u0119 podczas codziennego u\u017cytkowania lub jako ozdoba sto\u0142u.<\/h4>\n<h4><b>Dimensions<\/b><\/h4>\n<ul>\n<li>\n<h4>d\u0142ugo\u015b\u0107: 12 cm<\/h4>\n<\/li>\n<\/ul>\n<h4 style=\"text-align: center;\"><b>The photos show the actual state of the object<\/b><\/h4>\n<h4><b>Nr. 10638<\/b><\/h4>","protected":false},"excerpt":{"rendered":"<p>Komplet \u0142y\u017ceczek do kawy\/herbaty \u00a0z\u0142ocone z r\u00f3\u017c\u0105 Zestaw sze\u015bciu z\u0142oconych \u0142y\u017ceczek do kawy\/herbaty z delikatnym r\u00f3\u017canym wzorem. Eleganckie i trwa\u0142e, idealnie sprawdz\u0105 si\u0119 podczas codziennego u\u017cytkowania lub jako ozdoba sto\u0142u. Wymiary d\u0142ugo\u015b\u0107: 12 cm Zdj\u0119cia przedstawiaj\u0105 stan faktyczny przedmiotu Nr. 10638<\/p>","protected":false},"featured_media":66897,"template":"","meta":{"_seopress_robots_primary_cat":"","_seopress_titles_title":"","_seopress_titles_desc":"","_seopress_robots_index":"","site-sidebar-layout":"default","site-content-layout":"","ast-site-content-layout":"default","site-content-style":"default","site-sidebar-style":"default","ast-global-header-display":"","ast-banner-title-visibility":"","ast-main-header-display":"","ast-hfb-above-header-display":"","ast-hfb-below-header-display":"","ast-hfb-mobile-header-display":"","site-post-title":"","ast-breadcrumbs-content":"","ast-featured-img":"","footer-sml-layout":"","ast-disable-related-posts":"","theme-transparent-header-meta":"default","adv-header-id-meta":"","stick-header-meta":"default","header-above-stick-meta":"","header-main-stick-meta":"","header-below-stick-meta":"","astra-migrate-meta-layouts":"set","ast-page-background-enabled":"default","ast-page-background-meta":{"desktop":{"background-color":"var(--ast-global-color-4)","background-image":"","background-repeat":"repeat","background-position":"center center","background-size":"auto","background-attachment":"scroll","background-type":"","background-media":"","overlay-type":"","overlay-color":"","overlay-opacity":"","overlay-gradient":""},"tablet":{"background-color":"","background-image":"","background-repeat":"repeat","background-position":"center center","background-size":"auto","background-attachment":"scroll","background-type":"","background-media":"","overlay-type":"","overlay-color":"","overlay-opacity":"","overlay-gradient":""},"mobile":{"background-color":"","background-image":"","background-repeat":"repeat","background-position":"center center","background-size":"auto","background-attachment":"scroll","background-type":"","background-media":"","overlay-type":"","overlay-color":"","overlay-opacity":"","overlay-gradient":""}},"ast-content-background-meta":{"desktop":{"background-color":"var(--ast-global-color-5)","background-image":"","background-repeat":"repeat","background-position":"center center","background-size":"auto","background-attachment":"scroll","background-type":"","background-media":"","overlay-type":"","overlay-color":"","overlay-opacity":"","overlay-gradient":""},"tablet":{"background-color":"var(--ast-global-color-5)","background-image":"","background-repeat":"repeat","background-position":"center center","background-size":"auto","background-attachment":"scroll","background-type":"","background-media":"","overlay-type":"","overlay-color":"","overlay-opacity":"","overlay-gradient":""},"mobile":{"background-color":"var(--ast-global-color-5)","background-image":"","background-repeat":"repeat","background-position":"center center","background-size":"auto","background-attachment":"scroll","background-type":"","background-media":"","overlay-type":"","overlay-color":"","overlay-opacity":"","overlay-gradient":""}}},"product_brand":[],"product_cat":[24,54],"product_tag":[],"class_list":{"0":"post-66888","1":"product","2":"type-product","3":"status-publish","4":"has-post-thumbnail","6":"product_cat-kuchnia","7":"product_cat-sztucce","8":"product_shipping_class-wysylka-19zl","9":"desktop-align-left","10":"tablet-align-left","11":"mobile-align-left","12":"ast-product-gallery-layout-vertical-slider","13":"ast-product-tabs-layout-horizontal","14":"ast-qv-on-image","16":"first","17":"instock","18":"sold-individually","19":"shipping-taxable","20":"purchasable","21":"product-type-simple"},"_links":{"self":[{"href":"https:\/\/antart.com.pl\/en\/wp-json\/wp\/v2\/product\/66888","targetHints":{"allow":["GET"]}}],"collection":[{"href":"https:\/\/antart.com.pl\/en\/wp-json\/wp\/v2\/product"}],"about":[{"href":"https:\/\/antart.com.pl\/en\/wp-json\/wp\/v2\/types\/product"}],"wp:featuredmedia":[{"embeddable":true,"href":"https:\/\/antart.com.pl\/en\/wp-json\/wp\/v2\/media\/66897"}],"wp:attachment":[{"href":"https:\/\/antart.com.pl\/en\/wp-json\/wp\/v2\/media?parent=66888"}],"wp:term":[{"taxonomy":"product_brand","embeddable":true,"href":"https:\/\/antart.com.pl\/en\/wp-json\/wp\/v2\/product_brand?post=66888"},{"taxonomy":"product_cat","embeddable":true,"href":"https:\/\/antart.com.pl\/en\/wp-json\/wp\/v2\/product_cat?post=66888"},{"taxonomy":"product_tag","embeddable":true,"href":"https:\/\/antart.com.pl\/en\/wp-json\/wp\/v2\/product_tag?post=66888"}],"curies":[{"name":"wp","href":"https:\/\/api.w.org\/{rel}","templated":true}]}}