{"id":66913,"date":"2026-02-23T10:47:38","date_gmt":"2026-02-23T09:47:38","guid":{"rendered":"https:\/\/antart.com.pl\/?post_type=product&#038;p=66913"},"modified":"2026-02-22T10:48:02","modified_gmt":"2026-02-22T09:48:02","slug":"66913","status":"publish","type":"product","link":"https:\/\/antart.com.pl\/en\/produkt\/66913\/","title":{"rendered":"Designer gazetteer brown leather"},"content":{"rendered":"<h4 style=\"text-align: center;\"><em><strong>Designer gazetteer brown leather<\/strong><\/em><\/h4>\n<h4 style=\"text-align: center;\"><em><strong>Elegancka, sk\u00f3rzana torba na ksi\u0105\u017cki, gazety lub inne przedmioty. Wykonana z wysokiej jako\u015bci materia\u0142\u00f3w w br\u0105zowym kolorze, zapewniaj\u0105ca wygodne przenoszenie. Idealny dodatek do biura lub domu.<\/strong><\/em><\/h4>\n<h4><em><strong>Dimensions:<\/strong><\/em><\/h4>\n<ul>\n<li>\n<h4><em><strong>length: 37 cm<\/strong><\/em><\/h4>\n<\/li>\n<li>\n<h4><em><strong>width: 20cm<\/strong><\/em><\/h4>\n<\/li>\n<li>\n<h4><em><strong>height: 30 cm<\/strong><\/em><\/h4>\n<\/li>\n<\/ul>\n<h4 style=\"text-align: center;\"><em><strong>The photos show the actual condition of the item.<\/strong><\/em><\/h4>\n<h4><em><strong>NR. ART 10808<\/strong><\/em><\/h4>","protected":false},"excerpt":{"rendered":"<p>Designerski gazetnik sk\u00f3ra br\u0105zowa Elegancka, sk\u00f3rzana torba na ksi\u0105\u017cki, gazety lub inne przedmioty. Wykonana z wysokiej jako\u015bci materia\u0142\u00f3w w br\u0105zowym kolorze, zapewniaj\u0105ca wygodne przenoszenie. Idealny dodatek do biura lub domu. Wymiary: d\u0142ugo\u015b\u0107: 37 cm szeroko\u015b\u0107: 20cm wysoko\u015b\u0107: 30 cm Zdj\u0119cia przedstawiaj\u0105 stan faktyczny przedmiotu. NR. ART 10808<\/p>","protected":false},"featured_media":66916,"template":"","meta":{"_seopress_robots_primary_cat":"none","_seopress_titles_title":"","_seopress_titles_desc":"","_seopress_robots_index":"","site-sidebar-layout":"default","site-content-layout":"","ast-site-content-layout":"default","site-content-style":"default","site-sidebar-style":"default","ast-global-header-display":"","ast-banner-title-visibility":"","ast-main-header-display":"","ast-hfb-above-header-display":"","ast-hfb-below-header-display":"","ast-hfb-mobile-header-display":"","site-post-title":"","ast-breadcrumbs-content":"","ast-featured-img":"","footer-sml-layout":"","ast-disable-related-posts":"","theme-transparent-header-meta":"default","adv-header-id-meta":"","stick-header-meta":"default","header-above-stick-meta":"","header-main-stick-meta":"","header-below-stick-meta":"","astra-migrate-meta-layouts":"set","ast-page-background-enabled":"default","ast-page-background-meta":{"desktop":{"background-color":"var(--ast-global-color-4)","background-image":"","background-repeat":"repeat","background-position":"center center","background-size":"auto","background-attachment":"scroll","background-type":"","background-media":"","overlay-type":"","overlay-color":"","overlay-opacity":"","overlay-gradient":""},"tablet":{"background-color":"","background-image":"","background-repeat":"repeat","background-position":"center center","background-size":"auto","background-attachment":"scroll","background-type":"","background-media":"","overlay-type":"","overlay-color":"","overlay-opacity":"","overlay-gradient":""},"mobile":{"background-color":"","background-image":"","background-repeat":"repeat","background-position":"center center","background-size":"auto","background-attachment":"scroll","background-type":"","background-media":"","overlay-type":"","overlay-color":"","overlay-opacity":"","overlay-gradient":""}},"ast-content-background-meta":{"desktop":{"background-color":"var(--ast-global-color-5)","background-image":"","background-repeat":"repeat","background-position":"center center","background-size":"auto","background-attachment":"scroll","background-type":"","background-media":"","overlay-type":"","overlay-color":"","overlay-opacity":"","overlay-gradient":""},"tablet":{"background-color":"var(--ast-global-color-5)","background-image":"","background-repeat":"repeat","background-position":"center center","background-size":"auto","background-attachment":"scroll","background-type":"","background-media":"","overlay-type":"","overlay-color":"","overlay-opacity":"","overlay-gradient":""},"mobile":{"background-color":"var(--ast-global-color-5)","background-image":"","background-repeat":"repeat","background-position":"center center","background-size":"auto","background-attachment":"scroll","background-type":"","background-media":"","overlay-type":"","overlay-color":"","overlay-opacity":"","overlay-gradient":""}}},"product_brand":[],"product_cat":[93,32,43],"product_tag":[],"class_list":{"0":"post-66913","1":"product","2":"type-product","3":"status-publish","4":"has-post-thumbnail","6":"product_cat-gazetnik","7":"product_cat-meble","8":"product_cat-meble-designe","9":"product_shipping_class-wysylka-19zl","10":"desktop-align-left","11":"tablet-align-left","12":"mobile-align-left","13":"ast-product-gallery-layout-vertical-slider","14":"ast-product-tabs-layout-horizontal","15":"ast-qv-on-image","17":"first","18":"instock","19":"sold-individually","20":"shipping-taxable","21":"purchasable","22":"product-type-simple"},"_links":{"self":[{"href":"https:\/\/antart.com.pl\/en\/wp-json\/wp\/v2\/product\/66913","targetHints":{"allow":["GET"]}}],"collection":[{"href":"https:\/\/antart.com.pl\/en\/wp-json\/wp\/v2\/product"}],"about":[{"href":"https:\/\/antart.com.pl\/en\/wp-json\/wp\/v2\/types\/product"}],"wp:featuredmedia":[{"embeddable":true,"href":"https:\/\/antart.com.pl\/en\/wp-json\/wp\/v2\/media\/66916"}],"wp:attachment":[{"href":"https:\/\/antart.com.pl\/en\/wp-json\/wp\/v2\/media?parent=66913"}],"wp:term":[{"taxonomy":"product_brand","embeddable":true,"href":"https:\/\/antart.com.pl\/en\/wp-json\/wp\/v2\/product_brand?post=66913"},{"taxonomy":"product_cat","embeddable":true,"href":"https:\/\/antart.com.pl\/en\/wp-json\/wp\/v2\/product_cat?post=66913"},{"taxonomy":"product_tag","embeddable":true,"href":"https:\/\/antart.com.pl\/en\/wp-json\/wp\/v2\/product_tag?post=66913"}],"curies":[{"name":"wp","href":"https:\/\/api.w.org\/{rel}","templated":true}]}}