{"id":66979,"date":"2026-02-23T11:44:10","date_gmt":"2026-02-23T10:44:10","guid":{"rendered":"https:\/\/antart.com.pl\/?post_type=product&#038;p=66979"},"modified":"2026-02-22T11:51:00","modified_gmt":"2026-02-22T10:51:00","slug":"unikatowa-lampa-ceramiczna-wloska-z-lat-80-tych-xx-wieku","status":"publish","type":"product","link":"https:\/\/antart.com.pl\/en\/produkt\/unikatowa-lampa-ceramiczna-wloska-z-lat-80-tych-xx-wieku\/","title":{"rendered":"Unique Italian ceramic lamp from the 1980s"},"content":{"rendered":"<h4 style=\"text-align: center;\"><em><strong>Unique Italian ceramic lamp from the 1980s<\/strong><\/em><\/h4>\n<h4 style=\"text-align: center;\"><em><strong>Unikalna w\u0142oska ceramiczna lampa oraz aba\u017cur z lat 80. XX wieku. Zabytkowy przedmiot ozdobiony r\u0119cznie malowanymi kwiatowymi motywami. Lampa posiada charakterystyczne zdobienia w stylu retro, kt\u00f3re nadaj\u0105 jej niepowtarzalny wygl\u0105d. Idealnie wpisuje si\u0119 w aran\u017cacj\u0119 wn\u0119trz w stylu vintage.<\/strong><\/em><\/h4>\n<h4><em><strong>Dimensions<\/strong><\/em><\/h4>\n<ul>\n<li>\n<h4><em><strong>wysoko\u015b\u0107:\u00a0 80cm<\/strong><\/em><\/h4>\n<\/li>\n<li>\n<h4><em><strong>\u015brednica podstawy: 22cm<\/strong><\/em><\/h4>\n<\/li>\n<li>\n<h4><em><strong>wysoko\u015b\u0107 aba\u017curu: 30cm<\/strong><\/em><\/h4>\n<\/li>\n<li>\n<h4><em><strong>\u015brednica g\u00f3rna aba\u017curu: 12cm<\/strong><\/em><\/h4>\n<\/li>\n<li>\n<h4><em><strong>\u015brednica dolna aba\u017curu: 49cm<\/strong><\/em><\/h4>\n<\/li>\n<\/ul>\n<h4 style=\"text-align: center;\"><em><strong>The photos show the actual condition of the item.<\/strong><\/em><\/h4>\n<h4><em><strong>art. nr. 10806<\/strong><\/em><\/h4>","protected":false},"excerpt":{"rendered":"<p>Unikatowa lampa ceramiczna w\u0142oska z lat 80-tych XX wieku Unikalna w\u0142oska ceramiczna lampa oraz aba\u017cur z lat 80. XX wieku. Zabytkowy przedmiot ozdobiony r\u0119cznie malowanymi kwiatowymi motywami. Lampa posiada charakterystyczne zdobienia w stylu retro, kt\u00f3re nadaj\u0105 jej niepowtarzalny wygl\u0105d. Idealnie wpisuje si\u0119 w aran\u017cacj\u0119 wn\u0119trz w stylu vintage. Wymiary wysoko\u015b\u0107:\u00a0 80cm \u015brednica podstawy: 22cm wysoko\u015b\u0107 [&hellip;]<\/p>\n","protected":false},"featured_media":66983,"template":"","meta":{"_seopress_robots_primary_cat":"","_seopress_titles_title":"","_seopress_titles_desc":"","_seopress_robots_index":"","site-sidebar-layout":"default","site-content-layout":"","ast-site-content-layout":"default","site-content-style":"default","site-sidebar-style":"default","ast-global-header-display":"","ast-banner-title-visibility":"","ast-main-header-display":"","ast-hfb-above-header-display":"","ast-hfb-below-header-display":"","ast-hfb-mobile-header-display":"","site-post-title":"","ast-breadcrumbs-content":"","ast-featured-img":"","footer-sml-layout":"","ast-disable-related-posts":"","theme-transparent-header-meta":"default","adv-header-id-meta":"","stick-header-meta":"default","header-above-stick-meta":"","header-main-stick-meta":"","header-below-stick-meta":"","astra-migrate-meta-layouts":"set","ast-page-background-enabled":"default","ast-page-background-meta":{"desktop":{"background-color":"var(--ast-global-color-4)","background-image":"","background-repeat":"repeat","background-position":"center center","background-size":"auto","background-attachment":"scroll","background-type":"","background-media":"","overlay-type":"","overlay-color":"","overlay-opacity":"","overlay-gradient":""},"tablet":{"background-color":"","background-image":"","background-repeat":"repeat","background-position":"center center","background-size":"auto","background-attachment":"scroll","background-type":"","background-media":"","overlay-type":"","overlay-color":"","overlay-opacity":"","overlay-gradient":""},"mobile":{"background-color":"","background-image":"","background-repeat":"repeat","background-position":"center center","background-size":"auto","background-attachment":"scroll","background-type":"","background-media":"","overlay-type":"","overlay-color":"","overlay-opacity":"","overlay-gradient":""}},"ast-content-background-meta":{"desktop":{"background-color":"var(--ast-global-color-5)","background-image":"","background-repeat":"repeat","background-position":"center center","background-size":"auto","background-attachment":"scroll","background-type":"","background-media":"","overlay-type":"","overlay-color":"","overlay-opacity":"","overlay-gradient":""},"tablet":{"background-color":"var(--ast-global-color-5)","background-image":"","background-repeat":"repeat","background-position":"center center","background-size":"auto","background-attachment":"scroll","background-type":"","background-media":"","overlay-type":"","overlay-color":"","overlay-opacity":"","overlay-gradient":""},"mobile":{"background-color":"var(--ast-global-color-5)","background-image":"","background-repeat":"repeat","background-position":"center center","background-size":"auto","background-attachment":"scroll","background-type":"","background-media":"","overlay-type":"","overlay-color":"","overlay-opacity":"","overlay-gradient":""}}},"product_brand":[],"product_cat":[40,30],"product_tag":[],"class_list":{"0":"post-66979","1":"product","2":"type-product","3":"status-publish","4":"has-post-thumbnail","6":"product_cat-lampy-stolowe","7":"product_cat-oswietlenie","8":"product_shipping_class-wysylka-60zl","9":"desktop-align-left","10":"tablet-align-left","11":"mobile-align-left","12":"ast-product-gallery-layout-vertical-slider","13":"ast-product-tabs-layout-horizontal","14":"ast-qv-on-image","16":"first","17":"instock","18":"sold-individually","19":"shipping-taxable","20":"purchasable","21":"product-type-simple"},"_links":{"self":[{"href":"https:\/\/antart.com.pl\/en\/wp-json\/wp\/v2\/product\/66979","targetHints":{"allow":["GET"]}}],"collection":[{"href":"https:\/\/antart.com.pl\/en\/wp-json\/wp\/v2\/product"}],"about":[{"href":"https:\/\/antart.com.pl\/en\/wp-json\/wp\/v2\/types\/product"}],"wp:featuredmedia":[{"embeddable":true,"href":"https:\/\/antart.com.pl\/en\/wp-json\/wp\/v2\/media\/66983"}],"wp:attachment":[{"href":"https:\/\/antart.com.pl\/en\/wp-json\/wp\/v2\/media?parent=66979"}],"wp:term":[{"taxonomy":"product_brand","embeddable":true,"href":"https:\/\/antart.com.pl\/en\/wp-json\/wp\/v2\/product_brand?post=66979"},{"taxonomy":"product_cat","embeddable":true,"href":"https:\/\/antart.com.pl\/en\/wp-json\/wp\/v2\/product_cat?post=66979"},{"taxonomy":"product_tag","embeddable":true,"href":"https:\/\/antart.com.pl\/en\/wp-json\/wp\/v2\/product_tag?post=66979"}],"curies":[{"name":"wp","href":"https:\/\/api.w.org\/{rel}","templated":true}]}}