{"id":67011,"date":"2026-02-24T13:26:15","date_gmt":"2026-02-24T12:26:15","guid":{"rendered":"https:\/\/antart.com.pl\/?post_type=product&#038;p=67011"},"modified":"2026-02-22T13:50:17","modified_gmt":"2026-02-22T12:50:17","slug":"figurka-rzezba-z-brazu-amor-kupidyn-i-psyche","status":"publish","type":"product","link":"https:\/\/antart.com.pl\/en\/produkt\/figurka-rzezba-z-brazu-amor-kupidyn-i-psyche\/","title":{"rendered":"Figurine, bronze sculpture of Cupid and Psyche"},"content":{"rendered":"<h4 style=\"text-align: center;\"><em><strong>Figurine, bronze sculpture of Cupid and Psyche<\/strong><\/em><\/h4>\n<h4 style=\"text-align: center;\"><em><strong>Figurka z br\u0105zu patynowanego przedstawiaj\u0105ca Amora (Kupidyna) i Psyche. Rze\u017aba przedstawia dwie postacie w romantycznej scenie. Pi\u0119kne i szczeg\u00f3\u0142owe wykonanie.<\/strong><\/em><\/h4>\n<h4><em><strong>Dimensions<\/strong><\/em><\/h4>\n<ul>\n<li>\n<h4><em><strong>Wysoko\u015b\u0107: 69cm.<\/strong><\/em><\/h4>\n<\/li>\n<li>\n<h4><em><strong>length: 50cm<\/strong><\/em><\/h4>\n<\/li>\n<li>\n<h4><em><strong>width: 33cm<\/strong><\/em><\/h4>\n<\/li>\n<\/ul>\n<h4 style=\"text-align: center;\"><em><strong>The photos show the actual condition of the item.<\/strong><\/em><\/h4>\n<h4><em><strong>Nr.10803<\/strong><\/em><\/h4>","protected":false},"excerpt":{"rendered":"<p>Figurka, rze\u017aba z br\u0105zu Amor( Kupidyn) i Psyche Figurka z br\u0105zu patynowanego przedstawiaj\u0105ca Amora (Kupidyna) i Psyche. Rze\u017aba przedstawia dwie postacie w romantycznej scenie. Pi\u0119kne i szczeg\u00f3\u0142owe wykonanie. Wymiary Wysoko\u015b\u0107: 69cm. d\u0142ugo\u015b\u0107: 50cm szeroko\u015b\u0107: 33cm Zdj\u0119cia przedstawiaj\u0105 stan faktyczny przedmiotu. Nr.10803<\/p>","protected":false},"featured_media":67015,"template":"","meta":{"_seopress_robots_primary_cat":"","_seopress_titles_title":"","_seopress_titles_desc":"","_seopress_robots_index":"","site-sidebar-layout":"default","site-content-layout":"","ast-site-content-layout":"default","site-content-style":"default","site-sidebar-style":"default","ast-global-header-display":"","ast-banner-title-visibility":"","ast-main-header-display":"","ast-hfb-above-header-display":"","ast-hfb-below-header-display":"","ast-hfb-mobile-header-display":"","site-post-title":"","ast-breadcrumbs-content":"","ast-featured-img":"","footer-sml-layout":"","ast-disable-related-posts":"","theme-transparent-header-meta":"default","adv-header-id-meta":"","stick-header-meta":"default","header-above-stick-meta":"","header-main-stick-meta":"","header-below-stick-meta":"","astra-migrate-meta-layouts":"set","ast-page-background-enabled":"default","ast-page-background-meta":{"desktop":{"background-color":"var(--ast-global-color-4)","background-image":"","background-repeat":"repeat","background-position":"center center","background-size":"auto","background-attachment":"scroll","background-type":"","background-media":"","overlay-type":"","overlay-color":"","overlay-opacity":"","overlay-gradient":""},"tablet":{"background-color":"","background-image":"","background-repeat":"repeat","background-position":"center center","background-size":"auto","background-attachment":"scroll","background-type":"","background-media":"","overlay-type":"","overlay-color":"","overlay-opacity":"","overlay-gradient":""},"mobile":{"background-color":"","background-image":"","background-repeat":"repeat","background-position":"center center","background-size":"auto","background-attachment":"scroll","background-type":"","background-media":"","overlay-type":"","overlay-color":"","overlay-opacity":"","overlay-gradient":""}},"ast-content-background-meta":{"desktop":{"background-color":"var(--ast-global-color-5)","background-image":"","background-repeat":"repeat","background-position":"center center","background-size":"auto","background-attachment":"scroll","background-type":"","background-media":"","overlay-type":"","overlay-color":"","overlay-opacity":"","overlay-gradient":""},"tablet":{"background-color":"var(--ast-global-color-5)","background-image":"","background-repeat":"repeat","background-position":"center center","background-size":"auto","background-attachment":"scroll","background-type":"","background-media":"","overlay-type":"","overlay-color":"","overlay-opacity":"","overlay-gradient":""},"mobile":{"background-color":"var(--ast-global-color-5)","background-image":"","background-repeat":"repeat","background-position":"center center","background-size":"auto","background-attachment":"scroll","background-type":"","background-media":"","overlay-type":"","overlay-color":"","overlay-opacity":"","overlay-gradient":""}}},"product_brand":[],"product_cat":[27,29],"product_tag":[],"class_list":{"0":"post-67011","1":"product","2":"type-product","3":"status-publish","4":"has-post-thumbnail","6":"product_cat-dekoracyjne","7":"product_cat-figurki","8":"product_shipping_class-wysylka-po-uzgodnieniu","9":"desktop-align-left","10":"tablet-align-left","11":"mobile-align-left","12":"ast-product-gallery-layout-vertical-slider","13":"ast-product-tabs-layout-horizontal","14":"ast-qv-on-image","16":"first","17":"instock","18":"sold-individually","19":"shipping-taxable","20":"purchasable","21":"product-type-simple"},"_links":{"self":[{"href":"https:\/\/antart.com.pl\/en\/wp-json\/wp\/v2\/product\/67011","targetHints":{"allow":["GET"]}}],"collection":[{"href":"https:\/\/antart.com.pl\/en\/wp-json\/wp\/v2\/product"}],"about":[{"href":"https:\/\/antart.com.pl\/en\/wp-json\/wp\/v2\/types\/product"}],"wp:featuredmedia":[{"embeddable":true,"href":"https:\/\/antart.com.pl\/en\/wp-json\/wp\/v2\/media\/67015"}],"wp:attachment":[{"href":"https:\/\/antart.com.pl\/en\/wp-json\/wp\/v2\/media?parent=67011"}],"wp:term":[{"taxonomy":"product_brand","embeddable":true,"href":"https:\/\/antart.com.pl\/en\/wp-json\/wp\/v2\/product_brand?post=67011"},{"taxonomy":"product_cat","embeddable":true,"href":"https:\/\/antart.com.pl\/en\/wp-json\/wp\/v2\/product_cat?post=67011"},{"taxonomy":"product_tag","embeddable":true,"href":"https:\/\/antart.com.pl\/en\/wp-json\/wp\/v2\/product_tag?post=67011"}],"curies":[{"name":"wp","href":"https:\/\/api.w.org\/{rel}","templated":true}]}}