{"id":67388,"date":"2026-02-23T11:31:30","date_gmt":"2026-02-23T10:31:30","guid":{"rendered":"https:\/\/antart.com.pl\/?post_type=product&#038;p=67388"},"modified":"2026-02-23T11:31:32","modified_gmt":"2026-02-23T10:31:32","slug":"pojemnik-szkatulka-bombonierka-ceramiczna-orientalna","status":"publish","type":"product","link":"https:\/\/antart.com.pl\/en\/produkt\/pojemnik-szkatulka-bombonierka-ceramiczna-orientalna\/","title":{"rendered":"Container, casket, box of chocolates ceramic, oriental"},"content":{"rendered":"<h4 style=\"text-align: center;\"><em><b>Pojemnik, szkatu\u0142ka, bombonierka w orientalnym stylu, wykonana z wysokiej jako\u015bci bia\u0142ej ceramiki. Pojemnik w prostok\u0105tnym kszta\u0142cie, osadzony na czterech n\u00f3\u017ckach, ozdobiony r\u0119cznie malowanymi ilustracjami przedstawiaj\u0105cymi dwie postacie w tradycyjnych strojach. Pojemnik posiada ozdobn\u0105 pokryw\u0119 , wyko\u0144czony jest z\u0142otymi akcentami na kraw\u0119dziach.<\/b><\/em><\/h4>\n<h4><\/h4>\n<h4><em><b>Dimensions<\/b><\/em><\/h4>\n<ul>\n<li>\n<h4><em><b>Height: 9cm.<\/b><\/em><\/h4>\n<\/li>\n<li>\n<h4><em><b>Length: 12.5cm.<\/b><\/em><\/h4>\n<\/li>\n<li>\n<h4><em><b>Width: 9cm.<\/b><\/em><\/h4>\n<\/li>\n<\/ul>\n<h4 style=\"text-align: center;\"><em><b>The photos show<\/b><b>are the facts of the case<\/b><\/em><\/h4>\n<h4 style=\"text-align: center;\"><em><b>Additional photos upon request<\/b><\/em><\/h4>\n<h4 style=\"text-align: center;\"><em><b>All our items on display are available in our warehouse.<\/b><\/em><\/h4>\n<h4 style=\"text-align: center;\"><em><b>Can be viewed by appointment.<\/b><\/em><\/h4>\n<h4><\/h4>\n<h4><em><b>Nr. 6959<\/b><\/em><\/h4>","protected":false},"excerpt":{"rendered":"<p>Pojemnik, szkatu\u0142ka, bombonierka w orientalnym stylu, wykonana z wysokiej jako\u015bci bia\u0142ej ceramiki. Pojemnik w prostok\u0105tnym kszta\u0142cie, osadzony na czterech n\u00f3\u017ckach, ozdobiony r\u0119cznie malowanymi ilustracjami przedstawiaj\u0105cymi dwie postacie w tradycyjnych strojach. Pojemnik posiada ozdobn\u0105 pokryw\u0119 , wyko\u0144czony jest z\u0142otymi akcentami na kraw\u0119dziach. Wymiary Wysoko\u015b\u0107: 9cm. D\u0142ugo\u015b\u0107: 12,5cm. Szeroko\u015b\u0107: 9cm. Zdj\u0119cia przedstawiaj\u0105 stan faktyczny przedmiotu Dodatkowe zdj\u0119cia [&hellip;]<\/p>\n","protected":false},"featured_media":67393,"template":"","meta":{"_seopress_robots_primary_cat":"","_seopress_titles_title":"","_seopress_titles_desc":"","_seopress_robots_index":"","site-sidebar-layout":"default","site-content-layout":"","ast-site-content-layout":"default","site-content-style":"default","site-sidebar-style":"default","ast-global-header-display":"","ast-banner-title-visibility":"","ast-main-header-display":"","ast-hfb-above-header-display":"","ast-hfb-below-header-display":"","ast-hfb-mobile-header-display":"","site-post-title":"","ast-breadcrumbs-content":"","ast-featured-img":"","footer-sml-layout":"","ast-disable-related-posts":"","theme-transparent-header-meta":"default","adv-header-id-meta":"","stick-header-meta":"default","header-above-stick-meta":"","header-main-stick-meta":"","header-below-stick-meta":"","astra-migrate-meta-layouts":"set","ast-page-background-enabled":"default","ast-page-background-meta":{"desktop":{"background-color":"var(--ast-global-color-4)","background-image":"","background-repeat":"repeat","background-position":"center center","background-size":"auto","background-attachment":"scroll","background-type":"","background-media":"","overlay-type":"","overlay-color":"","overlay-opacity":"","overlay-gradient":""},"tablet":{"background-color":"","background-image":"","background-repeat":"repeat","background-position":"center center","background-size":"auto","background-attachment":"scroll","background-type":"","background-media":"","overlay-type":"","overlay-color":"","overlay-opacity":"","overlay-gradient":""},"mobile":{"background-color":"","background-image":"","background-repeat":"repeat","background-position":"center center","background-size":"auto","background-attachment":"scroll","background-type":"","background-media":"","overlay-type":"","overlay-color":"","overlay-opacity":"","overlay-gradient":""}},"ast-content-background-meta":{"desktop":{"background-color":"var(--ast-global-color-5)","background-image":"","background-repeat":"repeat","background-position":"center center","background-size":"auto","background-attachment":"scroll","background-type":"","background-media":"","overlay-type":"","overlay-color":"","overlay-opacity":"","overlay-gradient":""},"tablet":{"background-color":"var(--ast-global-color-5)","background-image":"","background-repeat":"repeat","background-position":"center center","background-size":"auto","background-attachment":"scroll","background-type":"","background-media":"","overlay-type":"","overlay-color":"","overlay-opacity":"","overlay-gradient":""},"mobile":{"background-color":"var(--ast-global-color-5)","background-image":"","background-repeat":"repeat","background-position":"center center","background-size":"auto","background-attachment":"scroll","background-type":"","background-media":"","overlay-type":"","overlay-color":"","overlay-opacity":"","overlay-gradient":""}}},"product_brand":[],"product_cat":[82,27,91],"product_tag":[],"class_list":{"0":"post-67388","1":"product","2":"type-product","3":"status-publish","4":"has-post-thumbnail","6":"product_cat-bombonierki","7":"product_cat-dekoracyjne","8":"product_cat-szkatulki","9":"product_shipping_class-wysylka-19zl","10":"desktop-align-left","11":"tablet-align-left","12":"mobile-align-left","13":"ast-product-gallery-layout-vertical-slider","14":"ast-product-tabs-layout-horizontal","15":"ast-qv-on-image","17":"first","18":"instock","19":"sold-individually","20":"shipping-taxable","21":"purchasable","22":"product-type-simple"},"_links":{"self":[{"href":"https:\/\/antart.com.pl\/en\/wp-json\/wp\/v2\/product\/67388","targetHints":{"allow":["GET"]}}],"collection":[{"href":"https:\/\/antart.com.pl\/en\/wp-json\/wp\/v2\/product"}],"about":[{"href":"https:\/\/antart.com.pl\/en\/wp-json\/wp\/v2\/types\/product"}],"wp:featuredmedia":[{"embeddable":true,"href":"https:\/\/antart.com.pl\/en\/wp-json\/wp\/v2\/media\/67393"}],"wp:attachment":[{"href":"https:\/\/antart.com.pl\/en\/wp-json\/wp\/v2\/media?parent=67388"}],"wp:term":[{"taxonomy":"product_brand","embeddable":true,"href":"https:\/\/antart.com.pl\/en\/wp-json\/wp\/v2\/product_brand?post=67388"},{"taxonomy":"product_cat","embeddable":true,"href":"https:\/\/antart.com.pl\/en\/wp-json\/wp\/v2\/product_cat?post=67388"},{"taxonomy":"product_tag","embeddable":true,"href":"https:\/\/antart.com.pl\/en\/wp-json\/wp\/v2\/product_tag?post=67388"}],"curies":[{"name":"wp","href":"https:\/\/api.w.org\/{rel}","templated":true}]}}