{"id":67768,"date":"2026-02-25T10:05:26","date_gmt":"2026-02-25T09:05:26","guid":{"rendered":"https:\/\/antart.com.pl\/?post_type=product&#038;p=67768"},"modified":"2026-02-25T10:05:27","modified_gmt":"2026-02-25T09:05:27","slug":"antique-chippendale-table-in-solid-wood-and-tiles","status":"publish","type":"product","link":"https:\/\/antart.com.pl\/en\/produkt\/antyczny-stolik-chippendale-z-litego-drewna-i-plytkami\/","title":{"rendered":"Antique Chippendale table in solid wood and tiles"},"content":{"rendered":"<h4 style=\"text-align: center;\"><strong><em>Antique Chippendale table in solid wood and tiles<\/em><\/strong><\/h4>\n<h4 style=\"text-align: center;\"><strong><em>Antique Chippendale style wooden coffee table with decorative ceramic top. A piece of furniture in good condition, ideal as an addition to a living room or bedroom.<\/em><\/strong><\/h4>\n<h4><strong><em>Dimensions<\/em><\/strong><\/h4>\n<ul>\n<li>\n<h4><strong><em>length: 73cm<\/em><\/strong><\/h4>\n<\/li>\n<li>\n<h4><strong><em>width: 46 cm<\/em><\/strong><\/h4>\n<\/li>\n<li>\n<h4><strong><em>height: 60cm<\/em><\/strong><\/h4>\n<\/li>\n<li>\n<h4><strong><em>Height to shelf: 23cm<\/em><\/strong><\/h4>\n<\/li>\n<\/ul>\n<h4 style=\"text-align: center;\"><strong><em>The photos show the actual condition of the item.<\/em><\/strong><\/h4>\n<h4><strong><em>NO. ART 10798<\/em><\/strong><\/h4>","protected":false},"excerpt":{"rendered":"<p>Antyczny stolik Chippendale z litego drewna i p\u0142ytkami Antyczny drewniany stolik kawowy w stylu Chippendale&#8217;a z ozdobnym, ceramicznym blatem. Mebel w dobrym stanie, idealny jako dodatek do salonu lub sypialni. Wymiary d\u0142ugo\u015b\u0107: 73cm szeroko\u015b\u0107: 46 cm wysoko\u015b\u0107: 60cm wysoko\u015b\u0107 do p\u00f3\u0142ki: 23cm Zdj\u0119cia przedstawiaj\u0105 stan faktyczny przedmiotu. NR. ART 10798<\/p>","protected":false},"featured_media":67778,"template":"","meta":{"_seopress_robots_primary_cat":"","_seopress_titles_title":"","_seopress_titles_desc":"","_seopress_robots_index":"","site-sidebar-layout":"default","site-content-layout":"","ast-site-content-layout":"default","site-content-style":"default","site-sidebar-style":"default","ast-global-header-display":"","ast-banner-title-visibility":"","ast-main-header-display":"","ast-hfb-above-header-display":"","ast-hfb-below-header-display":"","ast-hfb-mobile-header-display":"","site-post-title":"","ast-breadcrumbs-content":"","ast-featured-img":"","footer-sml-layout":"","ast-disable-related-posts":"","theme-transparent-header-meta":"default","adv-header-id-meta":"","stick-header-meta":"default","header-above-stick-meta":"","header-main-stick-meta":"","header-below-stick-meta":"","astra-migrate-meta-layouts":"set","ast-page-background-enabled":"default","ast-page-background-meta":{"desktop":{"background-color":"var(--ast-global-color-4)","background-image":"","background-repeat":"repeat","background-position":"center center","background-size":"auto","background-attachment":"scroll","background-type":"","background-media":"","overlay-type":"","overlay-color":"","overlay-opacity":"","overlay-gradient":""},"tablet":{"background-color":"","background-image":"","background-repeat":"repeat","background-position":"center center","background-size":"auto","background-attachment":"scroll","background-type":"","background-media":"","overlay-type":"","overlay-color":"","overlay-opacity":"","overlay-gradient":""},"mobile":{"background-color":"","background-image":"","background-repeat":"repeat","background-position":"center center","background-size":"auto","background-attachment":"scroll","background-type":"","background-media":"","overlay-type":"","overlay-color":"","overlay-opacity":"","overlay-gradient":""}},"ast-content-background-meta":{"desktop":{"background-color":"var(--ast-global-color-5)","background-image":"","background-repeat":"repeat","background-position":"center center","background-size":"auto","background-attachment":"scroll","background-type":"","background-media":"","overlay-type":"","overlay-color":"","overlay-opacity":"","overlay-gradient":""},"tablet":{"background-color":"var(--ast-global-color-5)","background-image":"","background-repeat":"repeat","background-position":"center center","background-size":"auto","background-attachment":"scroll","background-type":"","background-media":"","overlay-type":"","overlay-color":"","overlay-opacity":"","overlay-gradient":""},"mobile":{"background-color":"var(--ast-global-color-5)","background-image":"","background-repeat":"repeat","background-position":"center center","background-size":"auto","background-attachment":"scroll","background-type":"","background-media":"","overlay-type":"","overlay-color":"","overlay-opacity":"","overlay-gradient":""}}},"product_brand":[],"product_cat":[32,33],"product_tag":[],"class_list":{"0":"post-67768","1":"product","2":"type-product","3":"status-publish","4":"has-post-thumbnail","6":"product_cat-meble","7":"product_cat-stoly-stoliki","8":"product_shipping_class-wysylka-80zl","9":"desktop-align-left","10":"tablet-align-left","11":"mobile-align-left","12":"ast-product-gallery-layout-vertical-slider","13":"ast-product-tabs-layout-horizontal","14":"ast-qv-on-image","16":"first","17":"instock","18":"sold-individually","19":"shipping-taxable","20":"purchasable","21":"product-type-simple"},"_links":{"self":[{"href":"https:\/\/antart.com.pl\/en\/wp-json\/wp\/v2\/product\/67768","targetHints":{"allow":["GET"]}}],"collection":[{"href":"https:\/\/antart.com.pl\/en\/wp-json\/wp\/v2\/product"}],"about":[{"href":"https:\/\/antart.com.pl\/en\/wp-json\/wp\/v2\/types\/product"}],"wp:featuredmedia":[{"embeddable":true,"href":"https:\/\/antart.com.pl\/en\/wp-json\/wp\/v2\/media\/67778"}],"wp:attachment":[{"href":"https:\/\/antart.com.pl\/en\/wp-json\/wp\/v2\/media?parent=67768"}],"wp:term":[{"taxonomy":"product_brand","embeddable":true,"href":"https:\/\/antart.com.pl\/en\/wp-json\/wp\/v2\/product_brand?post=67768"},{"taxonomy":"product_cat","embeddable":true,"href":"https:\/\/antart.com.pl\/en\/wp-json\/wp\/v2\/product_cat?post=67768"},{"taxonomy":"product_tag","embeddable":true,"href":"https:\/\/antart.com.pl\/en\/wp-json\/wp\/v2\/product_tag?post=67768"}],"curies":[{"name":"wp","href":"https:\/\/api.w.org\/{rel}","templated":true}]}}