{"id":67815,"date":"2026-02-25T10:12:54","date_gmt":"2026-02-25T09:12:54","guid":{"rendered":"https:\/\/antart.com.pl\/?post_type=product&#038;p=67815"},"modified":"2026-02-25T10:12:55","modified_gmt":"2026-02-25T09:12:55","slug":"fotel-obrotowy-designe-skora-naturalna-na-sprezynach-z-lat-60-tych","status":"publish","type":"product","link":"https:\/\/antart.com.pl\/en\/produkt\/fotel-obrotowy-designe-skora-naturalna-na-sprezynach-z-lat-60-tych\/","title":{"rendered":"60's swivel armchair designe, natural leather, on springs"},"content":{"rendered":"<h4 style=\"text-align: center;\"><em><strong>60's swivel armchair designe, natural leather, on springs<\/strong><\/em><\/h4>\n<h4 style=\"text-align: center;\"><em><strong>Designerski fotel obrotowy tapicerowany sk\u00f3r\u0105 naturalna w kolorze br\u0105zowym. Posiada charakterystyczny kszta\u0142t z lat 60-tych oraz siedzisko na spr\u0119\u017cynach, kt\u00f3re zapewniaj\u0105 wygod\u0119 i komfort siedzenia.<\/strong><\/em><\/h4>\n<h4><em><strong>Dimensions:<\/strong><\/em><\/h4>\n<ul>\n<li>\n<h4><em><strong>wysoko\u015b\u0107 : 72<\/strong><\/em><\/h4>\n<\/li>\n<li>\n<h4><em><strong>width: 64 cm<\/strong><\/em><\/h4>\n<\/li>\n<li>\n<h4><em><strong>depth: 55 cm<\/strong><\/em><\/h4>\n<\/li>\n<\/ul>\n<h4 style=\"text-align: center;\"><em><strong>The photos show the actual condition of the item.<\/strong><\/em><\/h4>\n<h4><em><strong>Art. nr. 10797<\/strong><\/em><\/h4>","protected":false},"excerpt":{"rendered":"<p>Fotel obrotowy designe, sk\u00f3ra naturalna, na spr\u0119\u017cynach z lat 60-tych Designerski fotel obrotowy tapicerowany sk\u00f3r\u0105 naturalna w kolorze br\u0105zowym. Posiada charakterystyczny kszta\u0142t z lat 60-tych oraz siedzisko na spr\u0119\u017cynach, kt\u00f3re zapewniaj\u0105 wygod\u0119 i komfort siedzenia. Wymiary: wysoko\u015b\u0107 : 72 szeroko\u015b\u0107: 64 cm g\u0142\u0119boko\u015b\u0107: 55 cm Zdj\u0119cia przedstawiaj\u0105 stan faktyczny przedmiotu. Art. nr. 10797<\/p>","protected":false},"featured_media":67785,"template":"","meta":{"_seopress_robots_primary_cat":"","_seopress_titles_title":"","_seopress_titles_desc":"","_seopress_robots_index":"","site-sidebar-layout":"default","site-content-layout":"","ast-site-content-layout":"default","site-content-style":"default","site-sidebar-style":"default","ast-global-header-display":"","ast-banner-title-visibility":"","ast-main-header-display":"","ast-hfb-above-header-display":"","ast-hfb-below-header-display":"","ast-hfb-mobile-header-display":"","site-post-title":"","ast-breadcrumbs-content":"","ast-featured-img":"","footer-sml-layout":"","ast-disable-related-posts":"","theme-transparent-header-meta":"default","adv-header-id-meta":"","stick-header-meta":"default","header-above-stick-meta":"","header-main-stick-meta":"","header-below-stick-meta":"","astra-migrate-meta-layouts":"set","ast-page-background-enabled":"default","ast-page-background-meta":{"desktop":{"background-color":"var(--ast-global-color-4)","background-image":"","background-repeat":"repeat","background-position":"center center","background-size":"auto","background-attachment":"scroll","background-type":"","background-media":"","overlay-type":"","overlay-color":"","overlay-opacity":"","overlay-gradient":""},"tablet":{"background-color":"","background-image":"","background-repeat":"repeat","background-position":"center center","background-size":"auto","background-attachment":"scroll","background-type":"","background-media":"","overlay-type":"","overlay-color":"","overlay-opacity":"","overlay-gradient":""},"mobile":{"background-color":"","background-image":"","background-repeat":"repeat","background-position":"center center","background-size":"auto","background-attachment":"scroll","background-type":"","background-media":"","overlay-type":"","overlay-color":"","overlay-opacity":"","overlay-gradient":""}},"ast-content-background-meta":{"desktop":{"background-color":"var(--ast-global-color-5)","background-image":"","background-repeat":"repeat","background-position":"center center","background-size":"auto","background-attachment":"scroll","background-type":"","background-media":"","overlay-type":"","overlay-color":"","overlay-opacity":"","overlay-gradient":""},"tablet":{"background-color":"var(--ast-global-color-5)","background-image":"","background-repeat":"repeat","background-position":"center center","background-size":"auto","background-attachment":"scroll","background-type":"","background-media":"","overlay-type":"","overlay-color":"","overlay-opacity":"","overlay-gradient":""},"mobile":{"background-color":"var(--ast-global-color-5)","background-image":"","background-repeat":"repeat","background-position":"center center","background-size":"auto","background-attachment":"scroll","background-type":"","background-media":"","overlay-type":"","overlay-color":"","overlay-opacity":"","overlay-gradient":""}}},"product_brand":[],"product_cat":[39,32],"product_tag":[],"class_list":{"0":"post-67815","1":"product","2":"type-product","3":"status-publish","4":"has-post-thumbnail","6":"product_cat-fotele-puf","7":"product_cat-meble","8":"product_shipping_class-wysylka-80zl","9":"desktop-align-left","10":"tablet-align-left","11":"mobile-align-left","12":"ast-product-gallery-layout-vertical-slider","13":"ast-product-tabs-layout-horizontal","14":"ast-qv-on-image","16":"first","17":"instock","18":"sold-individually","19":"shipping-taxable","20":"purchasable","21":"product-type-simple"},"_links":{"self":[{"href":"https:\/\/antart.com.pl\/en\/wp-json\/wp\/v2\/product\/67815","targetHints":{"allow":["GET"]}}],"collection":[{"href":"https:\/\/antart.com.pl\/en\/wp-json\/wp\/v2\/product"}],"about":[{"href":"https:\/\/antart.com.pl\/en\/wp-json\/wp\/v2\/types\/product"}],"wp:featuredmedia":[{"embeddable":true,"href":"https:\/\/antart.com.pl\/en\/wp-json\/wp\/v2\/media\/67785"}],"wp:attachment":[{"href":"https:\/\/antart.com.pl\/en\/wp-json\/wp\/v2\/media?parent=67815"}],"wp:term":[{"taxonomy":"product_brand","embeddable":true,"href":"https:\/\/antart.com.pl\/en\/wp-json\/wp\/v2\/product_brand?post=67815"},{"taxonomy":"product_cat","embeddable":true,"href":"https:\/\/antart.com.pl\/en\/wp-json\/wp\/v2\/product_cat?post=67815"},{"taxonomy":"product_tag","embeddable":true,"href":"https:\/\/antart.com.pl\/en\/wp-json\/wp\/v2\/product_tag?post=67815"}],"curies":[{"name":"wp","href":"https:\/\/api.w.org\/{rel}","templated":true}]}}