{"id":67821,"date":"2026-02-25T10:47:04","date_gmt":"2026-02-25T09:47:04","guid":{"rendered":"https:\/\/antart.com.pl\/?post_type=product&#038;p=67821"},"modified":"2026-02-25T10:47:05","modified_gmt":"2026-02-25T09:47:05","slug":"table-of-ludwig-filip-in-mahogany-carved","status":"publish","type":"product","link":"https:\/\/antart.com.pl\/en\/produkt\/stol-ludwika-filipa-w-mahoniu-rzezbiony\/","title":{"rendered":"Louis Philippe table in mahogany, carved"},"content":{"rendered":"<h4 style=\"text-align: center;\"><em><strong>Louis Philippe table in mahogany, carved<\/strong><\/em><\/h4>\n<h4 style=\"text-align: center;\"><em><strong>A stylish Louis Philippe style coffee table, made of mahogany wood. The piece of furniture has carved decoration, giving it an elegant and classic look. The table is used but in a good state of preservation. It makes an interesting addition to a living room or dining room.<\/strong><\/em><\/h4>\n<h4 style=\"text-align: center;\"><em><strong>The table has signs of use.<\/strong><\/em><\/h4>\n<h4 style=\"text-align: center;\"><em><strong>No insert.<\/strong><\/em><\/h4>\n<h4><em><strong>Dimensions<\/strong><\/em><\/h4>\n<ul>\n<li>\n<h4><em><strong>diameter: 115 cm<\/strong><\/em><\/h4>\n<\/li>\n<li>\n<h4><em><strong>height: 75cm<\/strong><\/em><\/h4>\n<\/li>\n<\/ul>\n<h4 style=\"text-align: center;\"><em><strong>The photos show the actual condition of the item.<\/strong><\/em><\/h4>\n<h4><em><strong>No.10795<\/strong><\/em><\/h4>","protected":false},"excerpt":{"rendered":"<p>St\u00f3\u0142 Ludwika Filipa w mahoniu, rze\u017abiony Stylowy stolik kawowy w stylu Louis Philippe, wykonany z drewna mahoniowego. Mebel posiada rze\u017abione zdobienia, nadaj\u0105ce mu elegancki i klasyczny wygl\u0105d. Stolik jest u\u017cywany, ale w dobrym stanie zachowania. Stanowi ciekawy dodatek do salonu lub jadalni. St\u00f3\u0142 posiada \u015blady u\u017cytkowania. Brak wk\u0142adki. Wymiary \u015brednica: 115 cm wysoko\u015b\u0107: 75cm Zdj\u0119cia [&hellip;]<\/p>\n","protected":false},"featured_media":67825,"template":"","meta":{"_seopress_robots_primary_cat":"","_seopress_titles_title":"","_seopress_titles_desc":"","_seopress_robots_index":"","site-sidebar-layout":"default","site-content-layout":"","ast-site-content-layout":"default","site-content-style":"default","site-sidebar-style":"default","ast-global-header-display":"","ast-banner-title-visibility":"","ast-main-header-display":"","ast-hfb-above-header-display":"","ast-hfb-below-header-display":"","ast-hfb-mobile-header-display":"","site-post-title":"","ast-breadcrumbs-content":"","ast-featured-img":"","footer-sml-layout":"","ast-disable-related-posts":"","theme-transparent-header-meta":"default","adv-header-id-meta":"","stick-header-meta":"default","header-above-stick-meta":"","header-main-stick-meta":"","header-below-stick-meta":"","astra-migrate-meta-layouts":"set","ast-page-background-enabled":"default","ast-page-background-meta":{"desktop":{"background-color":"var(--ast-global-color-4)","background-image":"","background-repeat":"repeat","background-position":"center center","background-size":"auto","background-attachment":"scroll","background-type":"","background-media":"","overlay-type":"","overlay-color":"","overlay-opacity":"","overlay-gradient":""},"tablet":{"background-color":"","background-image":"","background-repeat":"repeat","background-position":"center center","background-size":"auto","background-attachment":"scroll","background-type":"","background-media":"","overlay-type":"","overlay-color":"","overlay-opacity":"","overlay-gradient":""},"mobile":{"background-color":"","background-image":"","background-repeat":"repeat","background-position":"center center","background-size":"auto","background-attachment":"scroll","background-type":"","background-media":"","overlay-type":"","overlay-color":"","overlay-opacity":"","overlay-gradient":""}},"ast-content-background-meta":{"desktop":{"background-color":"var(--ast-global-color-5)","background-image":"","background-repeat":"repeat","background-position":"center center","background-size":"auto","background-attachment":"scroll","background-type":"","background-media":"","overlay-type":"","overlay-color":"","overlay-opacity":"","overlay-gradient":""},"tablet":{"background-color":"var(--ast-global-color-5)","background-image":"","background-repeat":"repeat","background-position":"center center","background-size":"auto","background-attachment":"scroll","background-type":"","background-media":"","overlay-type":"","overlay-color":"","overlay-opacity":"","overlay-gradient":""},"mobile":{"background-color":"var(--ast-global-color-5)","background-image":"","background-repeat":"repeat","background-position":"center center","background-size":"auto","background-attachment":"scroll","background-type":"","background-media":"","overlay-type":"","overlay-color":"","overlay-opacity":"","overlay-gradient":""}}},"product_brand":[],"product_cat":[32,33],"product_tag":[],"class_list":{"0":"post-67821","1":"product","2":"type-product","3":"status-publish","4":"has-post-thumbnail","6":"product_cat-meble","7":"product_cat-stoly-stoliki","8":"product_shipping_class-wysylka-po-uzgodnieniu","9":"desktop-align-left","10":"tablet-align-left","11":"mobile-align-left","12":"ast-product-gallery-layout-vertical-slider","13":"ast-product-tabs-layout-horizontal","14":"ast-qv-on-image","16":"first","17":"instock","18":"sold-individually","19":"shipping-taxable","20":"purchasable","21":"product-type-simple"},"_links":{"self":[{"href":"https:\/\/antart.com.pl\/en\/wp-json\/wp\/v2\/product\/67821","targetHints":{"allow":["GET"]}}],"collection":[{"href":"https:\/\/antart.com.pl\/en\/wp-json\/wp\/v2\/product"}],"about":[{"href":"https:\/\/antart.com.pl\/en\/wp-json\/wp\/v2\/types\/product"}],"wp:featuredmedia":[{"embeddable":true,"href":"https:\/\/antart.com.pl\/en\/wp-json\/wp\/v2\/media\/67825"}],"wp:attachment":[{"href":"https:\/\/antart.com.pl\/en\/wp-json\/wp\/v2\/media?parent=67821"}],"wp:term":[{"taxonomy":"product_brand","embeddable":true,"href":"https:\/\/antart.com.pl\/en\/wp-json\/wp\/v2\/product_brand?post=67821"},{"taxonomy":"product_cat","embeddable":true,"href":"https:\/\/antart.com.pl\/en\/wp-json\/wp\/v2\/product_cat?post=67821"},{"taxonomy":"product_tag","embeddable":true,"href":"https:\/\/antart.com.pl\/en\/wp-json\/wp\/v2\/product_tag?post=67821"}],"curies":[{"name":"wp","href":"https:\/\/api.w.org\/{rel}","templated":true}]}}