{"id":67961,"date":"2026-02-27T12:13:48","date_gmt":"2026-02-27T11:13:48","guid":{"rendered":"https:\/\/antart.com.pl\/?post_type=product&#038;p=67961"},"modified":"2026-02-25T12:23:44","modified_gmt":"2026-02-25T11:23:44","slug":"antyczna-szafka-dziecieca-wanna-umywalka-w-mahoniu-z-xix-wieku","status":"publish","type":"product","link":"https:\/\/antart.com.pl\/en\/produkt\/antyczna-szafka-dziecieca-wanna-umywalka-w-mahoniu-z-xix-wieku\/","title":{"rendered":"Antique cabinet, child's bath, washbasin in mahogany from the 19th century"},"content":{"rendered":"<h4 style=\"text-align: center;\"><em><strong>Antique cabinet, child's bath, washbasin in mahogany from the 19th century<\/strong><\/em><\/h4>\n<h4 style=\"text-align: center;\"><em><strong>Stylowy, drewniany mebel z epoki wiktoria\u0144skiej &#8211; antyczna komoda z szufladami oraz wyjmowanym blatem, kt\u00f3ry mo\u017ce s\u0142u\u017cy\u0107 jako wanna dla dzieci. Wykonany z ciemnego, mahoniowego drewna, nadaj\u0105cy si\u0119 do dekoracji wn\u0119trz w stylu vintage.<\/strong><\/em><\/h4>\n<h4 style=\"text-align: center;\"><em><strong>Brak misy.<\/strong><\/em><\/h4>\n<h4><em><strong>Dimensions:<\/strong><\/em><\/h4>\n<ul>\n<li><em><strong>length: 62cm<\/strong><\/em><\/li>\n<li><em><strong>depth: 39cm<\/strong><\/em><\/li>\n<li><em><strong>wysoko\u015b\u0107: 49cm<\/strong><\/em><\/li>\n<\/ul>\n<h4 style=\"text-align: center;\"><em><strong>The photos show the actual condition of the item.<\/strong><\/em><\/h4>\n<h4><em><strong>NR. ART 10821<\/strong><\/em><\/h4>","protected":false},"excerpt":{"rendered":"<p>Antyczna szafka, dzieci\u0119ca wanna, umywalka w mahoniu z XIX wieku Stylowy, drewniany mebel z epoki wiktoria\u0144skiej &#8211; antyczna komoda z szufladami oraz wyjmowanym blatem, kt\u00f3ry mo\u017ce s\u0142u\u017cy\u0107 jako wanna dla dzieci. Wykonany z ciemnego, mahoniowego drewna, nadaj\u0105cy si\u0119 do dekoracji wn\u0119trz w stylu vintage. Brak misy. Wymiary: d\u0142ugo\u015b\u0107: 62cm g\u0142\u0119boko\u015b\u0107: 39cm wysoko\u015b\u0107: 49cm Zdj\u0119cia przedstawiaj\u0105 [&hellip;]<\/p>\n","protected":false},"featured_media":67929,"template":"","meta":{"_seopress_robots_primary_cat":"","_seopress_titles_title":"","_seopress_titles_desc":"","_seopress_robots_index":"","site-sidebar-layout":"default","site-content-layout":"","ast-site-content-layout":"default","site-content-style":"default","site-sidebar-style":"default","ast-global-header-display":"","ast-banner-title-visibility":"","ast-main-header-display":"","ast-hfb-above-header-display":"","ast-hfb-below-header-display":"","ast-hfb-mobile-header-display":"","site-post-title":"","ast-breadcrumbs-content":"","ast-featured-img":"","footer-sml-layout":"","ast-disable-related-posts":"","theme-transparent-header-meta":"default","adv-header-id-meta":"","stick-header-meta":"default","header-above-stick-meta":"","header-main-stick-meta":"","header-below-stick-meta":"","astra-migrate-meta-layouts":"set","ast-page-background-enabled":"default","ast-page-background-meta":{"desktop":{"background-color":"var(--ast-global-color-4)","background-image":"","background-repeat":"repeat","background-position":"center center","background-size":"auto","background-attachment":"scroll","background-type":"","background-media":"","overlay-type":"","overlay-color":"","overlay-opacity":"","overlay-gradient":""},"tablet":{"background-color":"","background-image":"","background-repeat":"repeat","background-position":"center center","background-size":"auto","background-attachment":"scroll","background-type":"","background-media":"","overlay-type":"","overlay-color":"","overlay-opacity":"","overlay-gradient":""},"mobile":{"background-color":"","background-image":"","background-repeat":"repeat","background-position":"center center","background-size":"auto","background-attachment":"scroll","background-type":"","background-media":"","overlay-type":"","overlay-color":"","overlay-opacity":"","overlay-gradient":""}},"ast-content-background-meta":{"desktop":{"background-color":"var(--ast-global-color-5)","background-image":"","background-repeat":"repeat","background-position":"center center","background-size":"auto","background-attachment":"scroll","background-type":"","background-media":"","overlay-type":"","overlay-color":"","overlay-opacity":"","overlay-gradient":""},"tablet":{"background-color":"var(--ast-global-color-5)","background-image":"","background-repeat":"repeat","background-position":"center center","background-size":"auto","background-attachment":"scroll","background-type":"","background-media":"","overlay-type":"","overlay-color":"","overlay-opacity":"","overlay-gradient":""},"mobile":{"background-color":"var(--ast-global-color-5)","background-image":"","background-repeat":"repeat","background-position":"center center","background-size":"auto","background-attachment":"scroll","background-type":"","background-media":"","overlay-type":"","overlay-color":"","overlay-opacity":"","overlay-gradient":""}}},"product_brand":[],"product_cat":[32,38],"product_tag":[],"class_list":{"0":"post-67961","1":"product","2":"type-product","3":"status-publish","4":"has-post-thumbnail","6":"product_cat-meble","7":"product_cat-szafy-szafki","8":"product_shipping_class-wysylka-60zl","9":"desktop-align-left","10":"tablet-align-left","11":"mobile-align-left","12":"ast-product-gallery-layout-vertical-slider","13":"ast-product-tabs-layout-horizontal","14":"ast-qv-on-image","16":"first","17":"instock","18":"sold-individually","19":"shipping-taxable","20":"purchasable","21":"product-type-simple"},"_links":{"self":[{"href":"https:\/\/antart.com.pl\/en\/wp-json\/wp\/v2\/product\/67961","targetHints":{"allow":["GET"]}}],"collection":[{"href":"https:\/\/antart.com.pl\/en\/wp-json\/wp\/v2\/product"}],"about":[{"href":"https:\/\/antart.com.pl\/en\/wp-json\/wp\/v2\/types\/product"}],"wp:featuredmedia":[{"embeddable":true,"href":"https:\/\/antart.com.pl\/en\/wp-json\/wp\/v2\/media\/67929"}],"wp:attachment":[{"href":"https:\/\/antart.com.pl\/en\/wp-json\/wp\/v2\/media?parent=67961"}],"wp:term":[{"taxonomy":"product_brand","embeddable":true,"href":"https:\/\/antart.com.pl\/en\/wp-json\/wp\/v2\/product_brand?post=67961"},{"taxonomy":"product_cat","embeddable":true,"href":"https:\/\/antart.com.pl\/en\/wp-json\/wp\/v2\/product_cat?post=67961"},{"taxonomy":"product_tag","embeddable":true,"href":"https:\/\/antart.com.pl\/en\/wp-json\/wp\/v2\/product_tag?post=67961"}],"curies":[{"name":"wp","href":"https:\/\/api.w.org\/{rel}","templated":true}]}}