{"id":68014,"date":"2026-02-27T13:10:41","date_gmt":"2026-02-27T12:10:41","guid":{"rendered":"https:\/\/antart.com.pl\/?post_type=product&#038;p=68014"},"modified":"2026-02-25T13:20:02","modified_gmt":"2026-02-25T12:20:02","slug":"witryna-z-litego-drewna-palisandrowego-quadrato","status":"publish","type":"product","link":"https:\/\/antart.com.pl\/en\/produkt\/witryna-z-litego-drewna-palisandrowego-quadrato\/","title":{"rendered":"Quadrato solid rosewood display cabinet"},"content":{"rendered":"<h4 style=\"text-align: center;\"><em><strong>Quadrato solid rosewood display cabinet<\/strong><\/em><\/h4>\n<h4 style=\"text-align: center;\"><em><strong>Solidna szafka wykonana z drewna palisandrowego, kt\u00f3ra doskonale sprawdzi si\u0119 jako gablota wystawowa. Posiada dwie p\u00f3\u0142ki, dzi\u0119ki czemu mo\u017cna na niej eksponowa\u0107 r\u00f3\u017cne przedmioty. Szafka jest nowa i gotowa do u\u017cytku.<\/strong><\/em><\/h4>\n<h4><em><strong>Dimensions:<\/strong><\/em><\/h4>\n<ul>\n<li>\n<h4><em><strong>wysoko\u015b\u0107 150 cm<\/strong><\/em><\/h4>\n<\/li>\n<li>\n<h4><em><strong>szeroko\u015b\u0107\u00a0 60,5 cm<\/strong><\/em><\/h4>\n<\/li>\n<li>\n<h4><em><strong>39 cm deep<\/strong><\/em><\/h4>\n<\/li>\n<\/ul>\n<h4 style=\"text-align: center;\"><em><strong>The photos show the actual condition of the item.<\/strong><\/em><\/h4>\n<h4><em><strong>nr. 10817<\/strong><\/em><\/h4>","protected":false},"excerpt":{"rendered":"<p>Witryna z litego drewna palisandrowego Quadrato Solidna szafka wykonana z drewna palisandrowego, kt\u00f3ra doskonale sprawdzi si\u0119 jako gablota wystawowa. Posiada dwie p\u00f3\u0142ki, dzi\u0119ki czemu mo\u017cna na niej eksponowa\u0107 r\u00f3\u017cne przedmioty. Szafka jest nowa i gotowa do u\u017cytku. Wymiary: wysoko\u015b\u0107 150 cm szeroko\u015b\u0107\u00a0 60,5 cm g\u0142\u0119boko\u015b\u0107 39 cm Zdj\u0119cia przedstawiaj\u0105 stan faktyczny przedmiotu. nr. 10817<\/p>","protected":false},"featured_media":67995,"template":"","meta":{"_seopress_robots_primary_cat":"","_seopress_titles_title":"","_seopress_titles_desc":"","_seopress_robots_index":"","site-sidebar-layout":"default","site-content-layout":"","ast-site-content-layout":"default","site-content-style":"default","site-sidebar-style":"default","ast-global-header-display":"","ast-banner-title-visibility":"","ast-main-header-display":"","ast-hfb-above-header-display":"","ast-hfb-below-header-display":"","ast-hfb-mobile-header-display":"","site-post-title":"","ast-breadcrumbs-content":"","ast-featured-img":"","footer-sml-layout":"","ast-disable-related-posts":"","theme-transparent-header-meta":"default","adv-header-id-meta":"","stick-header-meta":"default","header-above-stick-meta":"","header-main-stick-meta":"","header-below-stick-meta":"","astra-migrate-meta-layouts":"set","ast-page-background-enabled":"default","ast-page-background-meta":{"desktop":{"background-color":"var(--ast-global-color-4)","background-image":"","background-repeat":"repeat","background-position":"center center","background-size":"auto","background-attachment":"scroll","background-type":"","background-media":"","overlay-type":"","overlay-color":"","overlay-opacity":"","overlay-gradient":""},"tablet":{"background-color":"","background-image":"","background-repeat":"repeat","background-position":"center center","background-size":"auto","background-attachment":"scroll","background-type":"","background-media":"","overlay-type":"","overlay-color":"","overlay-opacity":"","overlay-gradient":""},"mobile":{"background-color":"","background-image":"","background-repeat":"repeat","background-position":"center center","background-size":"auto","background-attachment":"scroll","background-type":"","background-media":"","overlay-type":"","overlay-color":"","overlay-opacity":"","overlay-gradient":""}},"ast-content-background-meta":{"desktop":{"background-color":"var(--ast-global-color-5)","background-image":"","background-repeat":"repeat","background-position":"center center","background-size":"auto","background-attachment":"scroll","background-type":"","background-media":"","overlay-type":"","overlay-color":"","overlay-opacity":"","overlay-gradient":""},"tablet":{"background-color":"var(--ast-global-color-5)","background-image":"","background-repeat":"repeat","background-position":"center center","background-size":"auto","background-attachment":"scroll","background-type":"","background-media":"","overlay-type":"","overlay-color":"","overlay-opacity":"","overlay-gradient":""},"mobile":{"background-color":"var(--ast-global-color-5)","background-image":"","background-repeat":"repeat","background-position":"center center","background-size":"auto","background-attachment":"scroll","background-type":"","background-media":"","overlay-type":"","overlay-color":"","overlay-opacity":"","overlay-gradient":""}}},"product_brand":[],"product_cat":[32,38],"product_tag":[],"class_list":{"0":"post-68014","1":"product","2":"type-product","3":"status-publish","4":"has-post-thumbnail","6":"product_cat-meble","7":"product_cat-szafy-szafki","8":"product_shipping_class-wysylka-po-uzgodnieniu","9":"desktop-align-left","10":"tablet-align-left","11":"mobile-align-left","12":"ast-product-gallery-layout-vertical-slider","13":"ast-product-tabs-layout-horizontal","14":"ast-qv-on-image","16":"first","17":"instock","18":"sold-individually","19":"shipping-taxable","20":"purchasable","21":"product-type-simple"},"_links":{"self":[{"href":"https:\/\/antart.com.pl\/en\/wp-json\/wp\/v2\/product\/68014","targetHints":{"allow":["GET"]}}],"collection":[{"href":"https:\/\/antart.com.pl\/en\/wp-json\/wp\/v2\/product"}],"about":[{"href":"https:\/\/antart.com.pl\/en\/wp-json\/wp\/v2\/types\/product"}],"wp:featuredmedia":[{"embeddable":true,"href":"https:\/\/antart.com.pl\/en\/wp-json\/wp\/v2\/media\/67995"}],"wp:attachment":[{"href":"https:\/\/antart.com.pl\/en\/wp-json\/wp\/v2\/media?parent=68014"}],"wp:term":[{"taxonomy":"product_brand","embeddable":true,"href":"https:\/\/antart.com.pl\/en\/wp-json\/wp\/v2\/product_brand?post=68014"},{"taxonomy":"product_cat","embeddable":true,"href":"https:\/\/antart.com.pl\/en\/wp-json\/wp\/v2\/product_cat?post=68014"},{"taxonomy":"product_tag","embeddable":true,"href":"https:\/\/antart.com.pl\/en\/wp-json\/wp\/v2\/product_tag?post=68014"}],"curies":[{"name":"wp","href":"https:\/\/api.w.org\/{rel}","templated":true}]}}