{"id":68128,"date":"2026-02-28T13:46:03","date_gmt":"2026-02-28T12:46:03","guid":{"rendered":"https:\/\/antart.com.pl\/?post_type=product&#038;p=68128"},"modified":"2026-02-25T13:53:38","modified_gmt":"2026-02-25T12:53:38","slug":"solid-wood-chest-of-drawers-in-walnut-in-eclectic-style","status":"publish","type":"product","link":"https:\/\/antart.com.pl\/en\/produkt\/komoda-z-litego-drewna-w-orzechu-w-stylu-eklektycznym\/","title":{"rendered":"Solid wood chest of drawers in walnut in eclectic style"},"content":{"rendered":"<h4 style=\"text-align: center;\"><em><strong>Solid wood chest of drawers in walnut in eclectic style<\/strong><\/em><\/h4>\n<h4 style=\"text-align: center;\"><em><strong>A stylish solid wood chest of drawers in walnut in an eclectic style. It has four capacious drawers with nice brass handles. The piece of furniture is used but in good condition. It would be perfect as a practical and decorative piece of furniture for a bedroom or living room.<\/strong><\/em><\/h4>\n<h4 style=\"text-align: center;\"><em><strong>No key.<\/strong><\/em><\/h4>\n<h4><em><strong>Dimensions:<\/strong><\/em><\/h4>\n<ul>\n<li>\n<h4><em><strong>height: 88.5 cm<\/strong><\/em><\/h4>\n<\/li>\n<li>\n<h4><em><strong>width: 98 cm<\/strong><\/em><\/h4>\n<\/li>\n<li>\n<h4><em><strong>depth: 50 cm<\/strong><\/em><\/h4>\n<\/li>\n<\/ul>\n<h4 style=\"text-align: center;\"><em><strong>The photos show the actual condition of the item.<\/strong><\/em><\/h4>\n<h4><em><strong>NR. ART 10815<\/strong><\/em><\/h4>","protected":false},"excerpt":{"rendered":"<p>Komoda z litego drewna w orzechu w stylu eklektycznym Stylowy komoda z litego drewna w orzechowym kolorze, w stylu eklektycznym. Posiada cztery pojemne szuflady z \u0142adnymi, mosi\u0119\u017cnymi uchwytami. Mebel jest u\u017cywany, ale w dobrym stanie. Doskonale sprawdzi si\u0119 jako praktyczna i dekoracyjna cz\u0119\u015b\u0107 wyposa\u017cenia sypialni lub salonu. Brak kluczyka. Wymiary: wysoko\u015b\u0107: 88,5 cm szeroko\u015b\u0107: 98 [&hellip;]<\/p>\n","protected":false},"featured_media":68035,"template":"","meta":{"_seopress_robots_primary_cat":"","_seopress_titles_title":"","_seopress_titles_desc":"","_seopress_robots_index":"","site-sidebar-layout":"default","site-content-layout":"","ast-site-content-layout":"default","site-content-style":"default","site-sidebar-style":"default","ast-global-header-display":"","ast-banner-title-visibility":"","ast-main-header-display":"","ast-hfb-above-header-display":"","ast-hfb-below-header-display":"","ast-hfb-mobile-header-display":"","site-post-title":"","ast-breadcrumbs-content":"","ast-featured-img":"","footer-sml-layout":"","ast-disable-related-posts":"","theme-transparent-header-meta":"default","adv-header-id-meta":"","stick-header-meta":"default","header-above-stick-meta":"","header-main-stick-meta":"","header-below-stick-meta":"","astra-migrate-meta-layouts":"set","ast-page-background-enabled":"default","ast-page-background-meta":{"desktop":{"background-color":"var(--ast-global-color-4)","background-image":"","background-repeat":"repeat","background-position":"center center","background-size":"auto","background-attachment":"scroll","background-type":"","background-media":"","overlay-type":"","overlay-color":"","overlay-opacity":"","overlay-gradient":""},"tablet":{"background-color":"","background-image":"","background-repeat":"repeat","background-position":"center center","background-size":"auto","background-attachment":"scroll","background-type":"","background-media":"","overlay-type":"","overlay-color":"","overlay-opacity":"","overlay-gradient":""},"mobile":{"background-color":"","background-image":"","background-repeat":"repeat","background-position":"center center","background-size":"auto","background-attachment":"scroll","background-type":"","background-media":"","overlay-type":"","overlay-color":"","overlay-opacity":"","overlay-gradient":""}},"ast-content-background-meta":{"desktop":{"background-color":"var(--ast-global-color-5)","background-image":"","background-repeat":"repeat","background-position":"center center","background-size":"auto","background-attachment":"scroll","background-type":"","background-media":"","overlay-type":"","overlay-color":"","overlay-opacity":"","overlay-gradient":""},"tablet":{"background-color":"var(--ast-global-color-5)","background-image":"","background-repeat":"repeat","background-position":"center center","background-size":"auto","background-attachment":"scroll","background-type":"","background-media":"","overlay-type":"","overlay-color":"","overlay-opacity":"","overlay-gradient":""},"mobile":{"background-color":"var(--ast-global-color-5)","background-image":"","background-repeat":"repeat","background-position":"center center","background-size":"auto","background-attachment":"scroll","background-type":"","background-media":"","overlay-type":"","overlay-color":"","overlay-opacity":"","overlay-gradient":""}}},"product_brand":[],"product_cat":[37,32],"product_tag":[],"class_list":{"0":"post-68128","1":"product","2":"type-product","3":"status-publish","4":"has-post-thumbnail","6":"product_cat-komody","7":"product_cat-meble","8":"product_shipping_class-wysylka-100zl","9":"desktop-align-left","10":"tablet-align-left","11":"mobile-align-left","12":"ast-product-gallery-layout-vertical-slider","13":"ast-product-tabs-layout-horizontal","14":"ast-qv-on-image","16":"first","17":"instock","18":"sold-individually","19":"shipping-taxable","20":"purchasable","21":"product-type-simple"},"_links":{"self":[{"href":"https:\/\/antart.com.pl\/en\/wp-json\/wp\/v2\/product\/68128","targetHints":{"allow":["GET"]}}],"collection":[{"href":"https:\/\/antart.com.pl\/en\/wp-json\/wp\/v2\/product"}],"about":[{"href":"https:\/\/antart.com.pl\/en\/wp-json\/wp\/v2\/types\/product"}],"wp:featuredmedia":[{"embeddable":true,"href":"https:\/\/antart.com.pl\/en\/wp-json\/wp\/v2\/media\/68035"}],"wp:attachment":[{"href":"https:\/\/antart.com.pl\/en\/wp-json\/wp\/v2\/media?parent=68128"}],"wp:term":[{"taxonomy":"product_brand","embeddable":true,"href":"https:\/\/antart.com.pl\/en\/wp-json\/wp\/v2\/product_brand?post=68128"},{"taxonomy":"product_cat","embeddable":true,"href":"https:\/\/antart.com.pl\/en\/wp-json\/wp\/v2\/product_cat?post=68128"},{"taxonomy":"product_tag","embeddable":true,"href":"https:\/\/antart.com.pl\/en\/wp-json\/wp\/v2\/product_tag?post=68128"}],"curies":[{"name":"wp","href":"https:\/\/api.w.org\/{rel}","templated":true}]}}