{"id":68131,"date":"2026-02-28T14:02:39","date_gmt":"2026-02-28T13:02:39","guid":{"rendered":"https:\/\/antart.com.pl\/?post_type=product&#038;p=68131"},"modified":"2026-02-25T14:11:09","modified_gmt":"2026-02-25T13:11:09","slug":"classic-italian-corsini-chest-of-drawers","status":"publish","type":"product","link":"https:\/\/antart.com.pl\/en\/produkt\/klasyczna-komoda-wloska-corsini\/","title":{"rendered":"Classic Italian chest of drawers Corsini"},"content":{"rendered":"<h4 style=\"text-align: center;\"><strong><em>Classic Italian chest of drawers Corsini<\/em><\/strong><\/h4>\n<h4 style=\"text-align: center;\"><strong><em>Classic Italian Corsini chest of drawers in cream colour. It features 6 drawers with pretty handles. Its solid construction and elegant design will make it a beautiful addition to your bedroom or living room.<\/em><\/strong><\/h4>\n<h4 style=\"text-align: center;\"><strong><em>Traces of use.<\/em><\/strong><\/h4>\n<h4><strong><em>Dimensions:<\/em><\/strong><\/h4>\n<ul>\n<li>\n<h4><strong><em>height: 88 cm<\/em><\/strong><\/h4>\n<\/li>\n<li>\n<h4><strong><em>width: 133 cm<\/em><\/strong><\/h4>\n<\/li>\n<li>\n<h4><strong><em>depth: 56.5 cm<\/em><\/strong><\/h4>\n<\/li>\n<\/ul>\n<h4 style=\"text-align: center;\"><strong><em>The photos show the actual condition of the item.<\/em><\/strong><\/h4>\n<h4><strong><em>NO. ART 10814<\/em><\/strong><\/h4>","protected":false},"excerpt":{"rendered":"<p>Klasyczna komoda w\u0142oska Corsini Klasyczna w\u0142oska komoda Corsini w kolorze kremowym. Posiada 6 szuflad z \u0142adnymi uchwytami. Solidna konstrukcja i elegancki wygl\u0105d sprawi\u0105, \u017ce b\u0119dzie pi\u0119knym dodatkiem do Twojej sypialni lub salonu. \u015alady u\u017cytkowania. Wymiary: wysoko\u015b\u0107: 88 cm szeroko\u015b\u0107: 133 cm g\u0142\u0119boko\u015b\u0107: 56,5 cm Zdj\u0119cia przedstawiaj\u0105 stan faktyczny przedmiotu. NR. ART 10814<\/p>","protected":false},"featured_media":68056,"template":"","meta":{"_seopress_robots_primary_cat":"","_seopress_titles_title":"","_seopress_titles_desc":"","_seopress_robots_index":"","site-sidebar-layout":"default","site-content-layout":"","ast-site-content-layout":"default","site-content-style":"default","site-sidebar-style":"default","ast-global-header-display":"","ast-banner-title-visibility":"","ast-main-header-display":"","ast-hfb-above-header-display":"","ast-hfb-below-header-display":"","ast-hfb-mobile-header-display":"","site-post-title":"","ast-breadcrumbs-content":"","ast-featured-img":"","footer-sml-layout":"","ast-disable-related-posts":"","theme-transparent-header-meta":"default","adv-header-id-meta":"","stick-header-meta":"default","header-above-stick-meta":"","header-main-stick-meta":"","header-below-stick-meta":"","astra-migrate-meta-layouts":"set","ast-page-background-enabled":"default","ast-page-background-meta":{"desktop":{"background-color":"var(--ast-global-color-4)","background-image":"","background-repeat":"repeat","background-position":"center center","background-size":"auto","background-attachment":"scroll","background-type":"","background-media":"","overlay-type":"","overlay-color":"","overlay-opacity":"","overlay-gradient":""},"tablet":{"background-color":"","background-image":"","background-repeat":"repeat","background-position":"center center","background-size":"auto","background-attachment":"scroll","background-type":"","background-media":"","overlay-type":"","overlay-color":"","overlay-opacity":"","overlay-gradient":""},"mobile":{"background-color":"","background-image":"","background-repeat":"repeat","background-position":"center center","background-size":"auto","background-attachment":"scroll","background-type":"","background-media":"","overlay-type":"","overlay-color":"","overlay-opacity":"","overlay-gradient":""}},"ast-content-background-meta":{"desktop":{"background-color":"var(--ast-global-color-5)","background-image":"","background-repeat":"repeat","background-position":"center center","background-size":"auto","background-attachment":"scroll","background-type":"","background-media":"","overlay-type":"","overlay-color":"","overlay-opacity":"","overlay-gradient":""},"tablet":{"background-color":"var(--ast-global-color-5)","background-image":"","background-repeat":"repeat","background-position":"center center","background-size":"auto","background-attachment":"scroll","background-type":"","background-media":"","overlay-type":"","overlay-color":"","overlay-opacity":"","overlay-gradient":""},"mobile":{"background-color":"var(--ast-global-color-5)","background-image":"","background-repeat":"repeat","background-position":"center center","background-size":"auto","background-attachment":"scroll","background-type":"","background-media":"","overlay-type":"","overlay-color":"","overlay-opacity":"","overlay-gradient":""}}},"product_brand":[],"product_cat":[37,32],"product_tag":[],"class_list":{"0":"post-68131","1":"product","2":"type-product","3":"status-publish","4":"has-post-thumbnail","6":"product_cat-komody","7":"product_cat-meble","8":"product_shipping_class-wysylka-po-uzgodnieniu","9":"desktop-align-left","10":"tablet-align-left","11":"mobile-align-left","12":"ast-product-gallery-layout-vertical-slider","13":"ast-product-tabs-layout-horizontal","14":"ast-qv-on-image","16":"first","17":"instock","18":"shipping-taxable","19":"purchasable","20":"product-type-simple"},"_links":{"self":[{"href":"https:\/\/antart.com.pl\/en\/wp-json\/wp\/v2\/product\/68131","targetHints":{"allow":["GET"]}}],"collection":[{"href":"https:\/\/antart.com.pl\/en\/wp-json\/wp\/v2\/product"}],"about":[{"href":"https:\/\/antart.com.pl\/en\/wp-json\/wp\/v2\/types\/product"}],"wp:featuredmedia":[{"embeddable":true,"href":"https:\/\/antart.com.pl\/en\/wp-json\/wp\/v2\/media\/68056"}],"wp:attachment":[{"href":"https:\/\/antart.com.pl\/en\/wp-json\/wp\/v2\/media?parent=68131"}],"wp:term":[{"taxonomy":"product_brand","embeddable":true,"href":"https:\/\/antart.com.pl\/en\/wp-json\/wp\/v2\/product_brand?post=68131"},{"taxonomy":"product_cat","embeddable":true,"href":"https:\/\/antart.com.pl\/en\/wp-json\/wp\/v2\/product_cat?post=68131"},{"taxonomy":"product_tag","embeddable":true,"href":"https:\/\/antart.com.pl\/en\/wp-json\/wp\/v2\/product_tag?post=68131"}],"curies":[{"name":"wp","href":"https:\/\/api.w.org\/{rel}","templated":true}]}}