{"id":68140,"date":"2026-02-28T11:53:40","date_gmt":"2026-02-28T10:53:40","guid":{"rendered":"https:\/\/antart.com.pl\/?post_type=product&#038;p=68140"},"modified":"2026-02-26T12:30:02","modified_gmt":"2026-02-26T11:30:02","slug":"polka-scienna-w-stylu-rustykalnym-z-drewna-palisandrowego","status":"publish","type":"product","link":"https:\/\/antart.com.pl\/en\/produkt\/polka-scienna-w-stylu-rustykalnym-z-drewna-palisandrowego\/","title":{"rendered":"Rustic style wall shelf in rosewood"},"content":{"rendered":"<h4 style=\"text-align: center;\"><em><strong>P\u00f3\u0142ka \u015bcienna w stylu rustykalnym z drewna palisandrowego.<\/strong><\/em><\/h4>\n<h4 style=\"text-align: center;\"><em><strong>Solidna, drewniana p\u00f3\u0142ka \u015bcienna w rustykalnym stylu. Wykonana z ciemnego, egzotycznego drewna, ozdobiona metalowymi nitami. Idealna do przechowywania dekoracji, ksi\u0105\u017cek lub innych przedmiot\u00f3w w Twoim domu lub biurze.<\/strong><\/em><\/h4>\n<h4><em><strong>Dimensions:<\/strong><\/em><\/h4>\n<ul>\n<li>\n<h4><em><strong>height: 80cm<\/strong><\/em><\/h4>\n<\/li>\n<li>\n<h4><em><strong>length: 100cm<\/strong><\/em><\/h4>\n<\/li>\n<li>\n<h4><em><strong>g\u0142\u0119boko\u015b\u0107: 17,5cm<\/strong><\/em><\/h4>\n<\/li>\n<li>\n<h4><em><strong>wysoko\u015b\u0107 mi\u0119dzy p\u00f3\u0142k\u0105: 26cm<\/strong><\/em><\/h4>\n<\/li>\n<li>\n<h4><em><strong>wysoko\u015b\u0107 mi\u0119dzy p\u00f3\u0142k\u0105: 28cm<\/strong><\/em><\/h4>\n<\/li>\n<\/ul>\n<h4 style=\"text-align: center;\"><em><strong>The photos show the actual condition of the item.<\/strong><\/em><\/h4>\n<h4><em><strong>nr. art. 10813<\/strong><\/em><\/h4>","protected":false},"excerpt":{"rendered":"<p>P\u00f3\u0142ka \u015bcienna w stylu rustykalnym z drewna palisandrowego. Solidna, drewniana p\u00f3\u0142ka \u015bcienna w rustykalnym stylu. Wykonana z ciemnego, egzotycznego drewna, ozdobiona metalowymi nitami. Idealna do przechowywania dekoracji, ksi\u0105\u017cek lub innych przedmiot\u00f3w w Twoim domu lub biurze. Wymiary: wysoko\u015b\u0107: 80cm d\u0142ugo\u015b\u0107: 100cm g\u0142\u0119boko\u015b\u0107: 17,5cm wysoko\u015b\u0107 mi\u0119dzy p\u00f3\u0142k\u0105: 26cm wysoko\u015b\u0107 mi\u0119dzy p\u00f3\u0142k\u0105: 28cm Zdj\u0119cia przedstawiaj\u0105 stan faktyczny [&hellip;]<\/p>\n","protected":false},"featured_media":68080,"template":"","meta":{"_seopress_robots_primary_cat":"","_seopress_titles_title":"","_seopress_titles_desc":"","_seopress_robots_index":"","site-sidebar-layout":"default","site-content-layout":"","ast-site-content-layout":"default","site-content-style":"default","site-sidebar-style":"default","ast-global-header-display":"","ast-banner-title-visibility":"","ast-main-header-display":"","ast-hfb-above-header-display":"","ast-hfb-below-header-display":"","ast-hfb-mobile-header-display":"","site-post-title":"","ast-breadcrumbs-content":"","ast-featured-img":"","footer-sml-layout":"","ast-disable-related-posts":"","theme-transparent-header-meta":"default","adv-header-id-meta":"","stick-header-meta":"default","header-above-stick-meta":"","header-main-stick-meta":"","header-below-stick-meta":"","astra-migrate-meta-layouts":"set","ast-page-background-enabled":"default","ast-page-background-meta":{"desktop":{"background-color":"var(--ast-global-color-4)","background-image":"","background-repeat":"repeat","background-position":"center center","background-size":"auto","background-attachment":"scroll","background-type":"","background-media":"","overlay-type":"","overlay-color":"","overlay-opacity":"","overlay-gradient":""},"tablet":{"background-color":"","background-image":"","background-repeat":"repeat","background-position":"center center","background-size":"auto","background-attachment":"scroll","background-type":"","background-media":"","overlay-type":"","overlay-color":"","overlay-opacity":"","overlay-gradient":""},"mobile":{"background-color":"","background-image":"","background-repeat":"repeat","background-position":"center center","background-size":"auto","background-attachment":"scroll","background-type":"","background-media":"","overlay-type":"","overlay-color":"","overlay-opacity":"","overlay-gradient":""}},"ast-content-background-meta":{"desktop":{"background-color":"var(--ast-global-color-5)","background-image":"","background-repeat":"repeat","background-position":"center center","background-size":"auto","background-attachment":"scroll","background-type":"","background-media":"","overlay-type":"","overlay-color":"","overlay-opacity":"","overlay-gradient":""},"tablet":{"background-color":"var(--ast-global-color-5)","background-image":"","background-repeat":"repeat","background-position":"center center","background-size":"auto","background-attachment":"scroll","background-type":"","background-media":"","overlay-type":"","overlay-color":"","overlay-opacity":"","overlay-gradient":""},"mobile":{"background-color":"var(--ast-global-color-5)","background-image":"","background-repeat":"repeat","background-position":"center center","background-size":"auto","background-attachment":"scroll","background-type":"","background-media":"","overlay-type":"","overlay-color":"","overlay-opacity":"","overlay-gradient":""}}},"product_brand":[],"product_cat":[32,38],"product_tag":[],"class_list":{"0":"post-68140","1":"product","2":"type-product","3":"status-publish","4":"has-post-thumbnail","6":"product_cat-meble","7":"product_cat-szafy-szafki","8":"product_shipping_class-wysylka-120zl","9":"desktop-align-left","10":"tablet-align-left","11":"mobile-align-left","12":"ast-product-gallery-layout-vertical-slider","13":"ast-product-tabs-layout-horizontal","14":"ast-qv-on-image","16":"first","17":"instock","18":"sold-individually","19":"shipping-taxable","20":"purchasable","21":"product-type-simple"},"_links":{"self":[{"href":"https:\/\/antart.com.pl\/en\/wp-json\/wp\/v2\/product\/68140","targetHints":{"allow":["GET"]}}],"collection":[{"href":"https:\/\/antart.com.pl\/en\/wp-json\/wp\/v2\/product"}],"about":[{"href":"https:\/\/antart.com.pl\/en\/wp-json\/wp\/v2\/types\/product"}],"wp:featuredmedia":[{"embeddable":true,"href":"https:\/\/antart.com.pl\/en\/wp-json\/wp\/v2\/media\/68080"}],"wp:attachment":[{"href":"https:\/\/antart.com.pl\/en\/wp-json\/wp\/v2\/media?parent=68140"}],"wp:term":[{"taxonomy":"product_brand","embeddable":true,"href":"https:\/\/antart.com.pl\/en\/wp-json\/wp\/v2\/product_brand?post=68140"},{"taxonomy":"product_cat","embeddable":true,"href":"https:\/\/antart.com.pl\/en\/wp-json\/wp\/v2\/product_cat?post=68140"},{"taxonomy":"product_tag","embeddable":true,"href":"https:\/\/antart.com.pl\/en\/wp-json\/wp\/v2\/product_tag?post=68140"}],"curies":[{"name":"wp","href":"https:\/\/api.w.org\/{rel}","templated":true}]}}