{"id":68192,"date":"2026-02-28T12:31:46","date_gmt":"2026-02-28T11:31:46","guid":{"rendered":"https:\/\/antart.com.pl\/?post_type=product&#038;p=68192"},"modified":"2026-02-26T12:43:22","modified_gmt":"2026-02-26T11:43:22","slug":"gutwin-style-chest-of-drawers-mid-20th-century","status":"publish","type":"product","link":"https:\/\/antart.com.pl\/en\/produkt\/szafka-komoda-w-stylu-gutwinskim-z-polowy-xx-wieku\/","title":{"rendered":"Cabinet, chest of drawers in Gutwinian style from the middle of the 20th century"},"content":{"rendered":"<h4 style=\"text-align: center;\"><em><strong>Cabinet, chest of drawers in Gutwinian style from the middle of the 20th century<\/strong><\/em><\/h4>\n<h4 style=\"text-align: center;\"><em><strong>A stylish mid-20th century gutvinsky style sideboard. Made of wood, with decorative elements in gold. It has two drawers which give it an elegant look. The furniture is in good condition, with visible signs of use, which adds to its character. It will fit perfectly into a classic or vintage interior design.<\/strong><\/em><\/h4>\n<h4 style=\"text-align: center;\"><em><strong>The cabinet has traces of time. There is a small damage on the back.<\/strong><\/em><\/h4>\n<h4><em><strong>Dimensions<\/strong><\/em><\/h4>\n<ul>\n<li>\n<h4><em><strong>height: 70 cm<\/strong><\/em><\/h4>\n<\/li>\n<li>\n<h4><em><strong>width: 98 cm<\/strong><\/em><\/h4>\n<\/li>\n<li>\n<h4><em><strong>depth: 36 cm<\/strong><\/em><\/h4>\n<\/li>\n<\/ul>\n<h4 style=\"text-align: center;\"><em><strong>The photos show the actual condition of the item.<\/strong><\/em><\/h4>\n<h4><em><strong>Order no. 10812<\/strong><\/em><\/h4>","protected":false},"excerpt":{"rendered":"<p>Szafka, komoda w stylu Gutwi\u0144skim z po\u0142owy XX wieku Stylowy kredens w stylu gutvinsky&#8217;ego z po\u0142owy XX wieku. Wykonany z drewna, z ozdobnymi elementami w kolorze z\u0142otym. Posiada dwie szuflady, kt\u00f3re nadaj\u0105 mu elegancki wygl\u0105d. Mebel jest w dobrym stanie, z widocznymi \u015bladami u\u017cytkowania, co dodaje mu charakteru. Doskonale wpisze si\u0119 w klasyczny lub vintage&#8217;owy [&hellip;]<\/p>\n","protected":false},"featured_media":68096,"template":"","meta":{"_seopress_robots_primary_cat":"","_seopress_titles_title":"","_seopress_titles_desc":"","_seopress_robots_index":"","site-sidebar-layout":"default","site-content-layout":"","ast-site-content-layout":"default","site-content-style":"default","site-sidebar-style":"default","ast-global-header-display":"","ast-banner-title-visibility":"","ast-main-header-display":"","ast-hfb-above-header-display":"","ast-hfb-below-header-display":"","ast-hfb-mobile-header-display":"","site-post-title":"","ast-breadcrumbs-content":"","ast-featured-img":"","footer-sml-layout":"","ast-disable-related-posts":"","theme-transparent-header-meta":"default","adv-header-id-meta":"","stick-header-meta":"default","header-above-stick-meta":"","header-main-stick-meta":"","header-below-stick-meta":"","astra-migrate-meta-layouts":"set","ast-page-background-enabled":"default","ast-page-background-meta":{"desktop":{"background-color":"var(--ast-global-color-4)","background-image":"","background-repeat":"repeat","background-position":"center center","background-size":"auto","background-attachment":"scroll","background-type":"","background-media":"","overlay-type":"","overlay-color":"","overlay-opacity":"","overlay-gradient":""},"tablet":{"background-color":"","background-image":"","background-repeat":"repeat","background-position":"center center","background-size":"auto","background-attachment":"scroll","background-type":"","background-media":"","overlay-type":"","overlay-color":"","overlay-opacity":"","overlay-gradient":""},"mobile":{"background-color":"","background-image":"","background-repeat":"repeat","background-position":"center center","background-size":"auto","background-attachment":"scroll","background-type":"","background-media":"","overlay-type":"","overlay-color":"","overlay-opacity":"","overlay-gradient":""}},"ast-content-background-meta":{"desktop":{"background-color":"var(--ast-global-color-5)","background-image":"","background-repeat":"repeat","background-position":"center center","background-size":"auto","background-attachment":"scroll","background-type":"","background-media":"","overlay-type":"","overlay-color":"","overlay-opacity":"","overlay-gradient":""},"tablet":{"background-color":"var(--ast-global-color-5)","background-image":"","background-repeat":"repeat","background-position":"center center","background-size":"auto","background-attachment":"scroll","background-type":"","background-media":"","overlay-type":"","overlay-color":"","overlay-opacity":"","overlay-gradient":""},"mobile":{"background-color":"var(--ast-global-color-5)","background-image":"","background-repeat":"repeat","background-position":"center center","background-size":"auto","background-attachment":"scroll","background-type":"","background-media":"","overlay-type":"","overlay-color":"","overlay-opacity":"","overlay-gradient":""}}},"product_brand":[],"product_cat":[37,32,38],"product_tag":[],"class_list":{"0":"post-68192","1":"product","2":"type-product","3":"status-publish","4":"has-post-thumbnail","6":"product_cat-komody","7":"product_cat-meble","8":"product_cat-szafy-szafki","9":"product_shipping_class-wysylka-100zl","10":"desktop-align-left","11":"tablet-align-left","12":"mobile-align-left","13":"ast-product-gallery-layout-vertical-slider","14":"ast-product-tabs-layout-horizontal","15":"ast-qv-on-image","17":"first","18":"instock","19":"sold-individually","20":"shipping-taxable","21":"purchasable","22":"product-type-simple"},"_links":{"self":[{"href":"https:\/\/antart.com.pl\/en\/wp-json\/wp\/v2\/product\/68192","targetHints":{"allow":["GET"]}}],"collection":[{"href":"https:\/\/antart.com.pl\/en\/wp-json\/wp\/v2\/product"}],"about":[{"href":"https:\/\/antart.com.pl\/en\/wp-json\/wp\/v2\/types\/product"}],"wp:featuredmedia":[{"embeddable":true,"href":"https:\/\/antart.com.pl\/en\/wp-json\/wp\/v2\/media\/68096"}],"wp:attachment":[{"href":"https:\/\/antart.com.pl\/en\/wp-json\/wp\/v2\/media?parent=68192"}],"wp:term":[{"taxonomy":"product_brand","embeddable":true,"href":"https:\/\/antart.com.pl\/en\/wp-json\/wp\/v2\/product_brand?post=68192"},{"taxonomy":"product_cat","embeddable":true,"href":"https:\/\/antart.com.pl\/en\/wp-json\/wp\/v2\/product_cat?post=68192"},{"taxonomy":"product_tag","embeddable":true,"href":"https:\/\/antart.com.pl\/en\/wp-json\/wp\/v2\/product_tag?post=68192"}],"curies":[{"name":"wp","href":"https:\/\/api.w.org\/{rel}","templated":true}]}}