{"id":68205,"date":"2026-03-01T13:49:27","date_gmt":"2026-03-01T12:49:27","guid":{"rendered":"https:\/\/antart.com.pl\/?post_type=product&#038;p=68205"},"modified":"2026-02-26T13:56:00","modified_gmt":"2026-02-26T12:56:00","slug":"designerski-fotel-z-litego-drewna","status":"publish","type":"product","link":"https:\/\/antart.com.pl\/en\/produkt\/designerski-fotel-z-litego-drewna\/","title":{"rendered":"Solid wood designer armchair"},"content":{"rendered":"<h4 style=\"text-align: center;\"><strong><em>Solid wood designer armchair<\/em><\/strong><\/h4>\n<h4 style=\"text-align: center;\"><strong><em>Solidny, drewniany fotel w stylu skandynawskim. Czarne, sk\u00f3rzane siedzisko z eko sk\u00f3ry i oparcie zapewniaj\u0105 komfort u\u017cytkowania. Drewniane, naturalne nogi dodaj\u0105 elegancji i ponadczasowego charakteru. Fotel idealnie sprawdzi si\u0119 w salonie, gabinecie lub jadalni.<\/em><\/strong><\/h4>\n<h4><strong><em>Dimensions:<\/em><\/strong><\/h4>\n<ul>\n<li>\n<h4><strong><em>height: 86cm<\/em><\/strong><\/h4>\n<\/li>\n<li>\n<h4><strong><em>width: 62cm<\/em><\/strong><\/h4>\n<\/li>\n<li>\n<h4><strong><em>depth: 50 cm<\/em><\/strong><\/h4>\n<\/li>\n<li>\n<h4><strong><em>height to seat: 47cm<\/em><\/strong><\/h4>\n<\/li>\n<li>\n<h4><strong><em>szeroko\u015b\u0107 siedziska: 45cm<\/em><\/strong><\/h4>\n<\/li>\n<\/ul>\n<h4 style=\"text-align: center;\"><\/h4>\n<h4 style=\"text-align: center;\"><strong><em>The photos show the actual condition of the item.<\/em><\/strong><\/h4>\n<h4><strong><em>Art. nr. 10819<\/em><\/strong><\/h4>","protected":false},"excerpt":{"rendered":"<p>Designerski fotel z litego drewna Solidny, drewniany fotel w stylu skandynawskim. Czarne, sk\u00f3rzane siedzisko z eko sk\u00f3ry i oparcie zapewniaj\u0105 komfort u\u017cytkowania. Drewniane, naturalne nogi dodaj\u0105 elegancji i ponadczasowego charakteru. Fotel idealnie sprawdzi si\u0119 w salonie, gabinecie lub jadalni. Wymiary: wysoko\u015b\u0107: 86cm szeroko\u015b\u0107:\u00a0 62cm g\u0142\u0119boko\u015b\u0107: 50 cm wysoko\u015b\u0107 do siedziska: 47cm szeroko\u015b\u0107 siedziska: 45cm Zdj\u0119cia [&hellip;]<\/p>\n","protected":false},"featured_media":68144,"template":"","meta":{"_seopress_robots_primary_cat":"","_seopress_titles_title":"","_seopress_titles_desc":"","_seopress_robots_index":"","site-sidebar-layout":"default","site-content-layout":"","ast-site-content-layout":"default","site-content-style":"default","site-sidebar-style":"default","ast-global-header-display":"","ast-banner-title-visibility":"","ast-main-header-display":"","ast-hfb-above-header-display":"","ast-hfb-below-header-display":"","ast-hfb-mobile-header-display":"","site-post-title":"","ast-breadcrumbs-content":"","ast-featured-img":"","footer-sml-layout":"","ast-disable-related-posts":"","theme-transparent-header-meta":"default","adv-header-id-meta":"","stick-header-meta":"default","header-above-stick-meta":"","header-main-stick-meta":"","header-below-stick-meta":"","astra-migrate-meta-layouts":"set","ast-page-background-enabled":"default","ast-page-background-meta":{"desktop":{"background-color":"var(--ast-global-color-4)","background-image":"","background-repeat":"repeat","background-position":"center center","background-size":"auto","background-attachment":"scroll","background-type":"","background-media":"","overlay-type":"","overlay-color":"","overlay-opacity":"","overlay-gradient":""},"tablet":{"background-color":"","background-image":"","background-repeat":"repeat","background-position":"center center","background-size":"auto","background-attachment":"scroll","background-type":"","background-media":"","overlay-type":"","overlay-color":"","overlay-opacity":"","overlay-gradient":""},"mobile":{"background-color":"","background-image":"","background-repeat":"repeat","background-position":"center center","background-size":"auto","background-attachment":"scroll","background-type":"","background-media":"","overlay-type":"","overlay-color":"","overlay-opacity":"","overlay-gradient":""}},"ast-content-background-meta":{"desktop":{"background-color":"var(--ast-global-color-5)","background-image":"","background-repeat":"repeat","background-position":"center center","background-size":"auto","background-attachment":"scroll","background-type":"","background-media":"","overlay-type":"","overlay-color":"","overlay-opacity":"","overlay-gradient":""},"tablet":{"background-color":"var(--ast-global-color-5)","background-image":"","background-repeat":"repeat","background-position":"center center","background-size":"auto","background-attachment":"scroll","background-type":"","background-media":"","overlay-type":"","overlay-color":"","overlay-opacity":"","overlay-gradient":""},"mobile":{"background-color":"var(--ast-global-color-5)","background-image":"","background-repeat":"repeat","background-position":"center center","background-size":"auto","background-attachment":"scroll","background-type":"","background-media":"","overlay-type":"","overlay-color":"","overlay-opacity":"","overlay-gradient":""}}},"product_brand":[],"product_cat":[39,32,43],"product_tag":[],"class_list":{"0":"post-68205","1":"product","2":"type-product","3":"status-publish","4":"has-post-thumbnail","6":"product_cat-fotele-puf","7":"product_cat-meble","8":"product_cat-meble-designe","9":"product_shipping_class-wysylka-80zl","10":"desktop-align-left","11":"tablet-align-left","12":"mobile-align-left","13":"ast-product-gallery-layout-vertical-slider","14":"ast-product-tabs-layout-horizontal","15":"ast-qv-on-image","17":"first","18":"instock","19":"sold-individually","20":"shipping-taxable","21":"purchasable","22":"product-type-simple"},"_links":{"self":[{"href":"https:\/\/antart.com.pl\/en\/wp-json\/wp\/v2\/product\/68205","targetHints":{"allow":["GET"]}}],"collection":[{"href":"https:\/\/antart.com.pl\/en\/wp-json\/wp\/v2\/product"}],"about":[{"href":"https:\/\/antart.com.pl\/en\/wp-json\/wp\/v2\/types\/product"}],"wp:featuredmedia":[{"embeddable":true,"href":"https:\/\/antart.com.pl\/en\/wp-json\/wp\/v2\/media\/68144"}],"wp:attachment":[{"href":"https:\/\/antart.com.pl\/en\/wp-json\/wp\/v2\/media?parent=68205"}],"wp:term":[{"taxonomy":"product_brand","embeddable":true,"href":"https:\/\/antart.com.pl\/en\/wp-json\/wp\/v2\/product_brand?post=68205"},{"taxonomy":"product_cat","embeddable":true,"href":"https:\/\/antart.com.pl\/en\/wp-json\/wp\/v2\/product_cat?post=68205"},{"taxonomy":"product_tag","embeddable":true,"href":"https:\/\/antart.com.pl\/en\/wp-json\/wp\/v2\/product_tag?post=68205"}],"curies":[{"name":"wp","href":"https:\/\/api.w.org\/{rel}","templated":true}]}}