{"id":68266,"date":"2026-03-01T14:18:37","date_gmt":"2026-03-01T13:18:37","guid":{"rendered":"https:\/\/antart.com.pl\/?post_type=product&#038;p=68266"},"modified":"2026-02-26T14:24:23","modified_gmt":"2026-02-26T13:24:23","slug":"shell-chair-polish-on-springs-1960s","status":"publish","type":"product","link":"https:\/\/antart.com.pl\/en\/produkt\/krzeslo-muszelka-polska-na-sprezynach-lata-60-te\/","title":{"rendered":"Shell chair Poland, on springs 1960s"},"content":{"rendered":"<h4 style=\"text-align: center;\"><em><strong>Shell chair Poland, on springs 1960s<\/strong><\/em><\/h4>\n<h4 style=\"text-align: center;\"><em><strong>Stylowy fotel typu 'muszelka&#8217; z lat 60. XX wieku. Wykonany w Polsce, posiada spr\u0119\u017cynowanie.<\/strong><\/em><\/h4>\n<h4 style=\"text-align: center;\"><em><strong>Krzes\u0142o pokryte br\u0105zowym welurem.<\/strong><\/em><\/h4>\n<h4 style=\"text-align: center;\"><em><strong>\u00a0Mebel jest u\u017cywany, ale w dobrym stanie zachowania. Idealny jako dodatek do wn\u0119trza w stylu vintage.<\/strong><\/em><\/h4>\n<h4><\/h4>\n<h4><em><strong>Approximate dimensions:<\/strong><\/em><\/h4>\n<ul>\n<li>\n<h4><em><strong>Wysoko\u015b\u0107 48 cm<\/strong><\/em><\/h4>\n<\/li>\n<li>\n<h4><em><strong>szeroko\u015b\u0107 62cm<\/strong><\/em><\/h4>\n<\/li>\n<li>\n<h4><em><strong>48 cm deep<\/strong><\/em><\/h4>\n<\/li>\n<li>\n<h4><em><strong>wysoko\u015b\u0107 do siedziska 42cm<\/strong><\/em><\/h4>\n<\/li>\n<li>\n<h4><em><strong>seat depth 46 cm<\/strong><\/em><\/h4>\n<\/li>\n<\/ul>\n<h4 style=\"text-align: center;\"><\/h4>\n<h4 style=\"text-align: center;\"><em><strong>The photos show the actual condition of the item.<\/strong><\/em><\/h4>\n<h4><em><strong>Art. nr. 10793<\/strong><\/em><\/h4>","protected":false},"excerpt":{"rendered":"<p>Krzes\u0142o &#8222;Muszelka&#8221; Polska, na spr\u0119\u017cynach lata 60-te Stylowy fotel typu 'muszelka&#8217; z lat 60. XX wieku. Wykonany w Polsce, posiada spr\u0119\u017cynowanie. Krzes\u0142o pokryte br\u0105zowym welurem. \u00a0Mebel jest u\u017cywany, ale w dobrym stanie zachowania. Idealny jako dodatek do wn\u0119trza w stylu vintage. Przybli\u017cone wymiary: Wysoko\u015b\u0107 48 cm szeroko\u015b\u0107 62cm g\u0142\u0119boko\u015b\u0107 48 cm wysoko\u015b\u0107 do siedziska 42cm [&hellip;]<\/p>\n","protected":false},"featured_media":68229,"template":"","meta":{"_seopress_robots_primary_cat":"","_seopress_titles_title":"","_seopress_titles_desc":"","_seopress_robots_index":"","site-sidebar-layout":"default","site-content-layout":"","ast-site-content-layout":"default","site-content-style":"default","site-sidebar-style":"default","ast-global-header-display":"","ast-banner-title-visibility":"","ast-main-header-display":"","ast-hfb-above-header-display":"","ast-hfb-below-header-display":"","ast-hfb-mobile-header-display":"","site-post-title":"","ast-breadcrumbs-content":"","ast-featured-img":"","footer-sml-layout":"","ast-disable-related-posts":"","theme-transparent-header-meta":"default","adv-header-id-meta":"","stick-header-meta":"default","header-above-stick-meta":"","header-main-stick-meta":"","header-below-stick-meta":"","astra-migrate-meta-layouts":"set","ast-page-background-enabled":"default","ast-page-background-meta":{"desktop":{"background-color":"var(--ast-global-color-4)","background-image":"","background-repeat":"repeat","background-position":"center center","background-size":"auto","background-attachment":"scroll","background-type":"","background-media":"","overlay-type":"","overlay-color":"","overlay-opacity":"","overlay-gradient":""},"tablet":{"background-color":"","background-image":"","background-repeat":"repeat","background-position":"center center","background-size":"auto","background-attachment":"scroll","background-type":"","background-media":"","overlay-type":"","overlay-color":"","overlay-opacity":"","overlay-gradient":""},"mobile":{"background-color":"","background-image":"","background-repeat":"repeat","background-position":"center center","background-size":"auto","background-attachment":"scroll","background-type":"","background-media":"","overlay-type":"","overlay-color":"","overlay-opacity":"","overlay-gradient":""}},"ast-content-background-meta":{"desktop":{"background-color":"var(--ast-global-color-5)","background-image":"","background-repeat":"repeat","background-position":"center center","background-size":"auto","background-attachment":"scroll","background-type":"","background-media":"","overlay-type":"","overlay-color":"","overlay-opacity":"","overlay-gradient":""},"tablet":{"background-color":"var(--ast-global-color-5)","background-image":"","background-repeat":"repeat","background-position":"center center","background-size":"auto","background-attachment":"scroll","background-type":"","background-media":"","overlay-type":"","overlay-color":"","overlay-opacity":"","overlay-gradient":""},"mobile":{"background-color":"var(--ast-global-color-5)","background-image":"","background-repeat":"repeat","background-position":"center center","background-size":"auto","background-attachment":"scroll","background-type":"","background-media":"","overlay-type":"","overlay-color":"","overlay-opacity":"","overlay-gradient":""}}},"product_brand":[],"product_cat":[36,32],"product_tag":[],"class_list":{"0":"post-68266","1":"product","2":"type-product","3":"status-publish","4":"has-post-thumbnail","6":"product_cat-krzesla-taborety","7":"product_cat-meble","8":"product_shipping_class-wysylka-80zl","9":"desktop-align-left","10":"tablet-align-left","11":"mobile-align-left","12":"ast-product-gallery-layout-vertical-slider","13":"ast-product-tabs-layout-horizontal","14":"ast-qv-on-image","16":"first","17":"instock","18":"sold-individually","19":"shipping-taxable","20":"purchasable","21":"product-type-simple"},"_links":{"self":[{"href":"https:\/\/antart.com.pl\/en\/wp-json\/wp\/v2\/product\/68266","targetHints":{"allow":["GET"]}}],"collection":[{"href":"https:\/\/antart.com.pl\/en\/wp-json\/wp\/v2\/product"}],"about":[{"href":"https:\/\/antart.com.pl\/en\/wp-json\/wp\/v2\/types\/product"}],"wp:featuredmedia":[{"embeddable":true,"href":"https:\/\/antart.com.pl\/en\/wp-json\/wp\/v2\/media\/68229"}],"wp:attachment":[{"href":"https:\/\/antart.com.pl\/en\/wp-json\/wp\/v2\/media?parent=68266"}],"wp:term":[{"taxonomy":"product_brand","embeddable":true,"href":"https:\/\/antart.com.pl\/en\/wp-json\/wp\/v2\/product_brand?post=68266"},{"taxonomy":"product_cat","embeddable":true,"href":"https:\/\/antart.com.pl\/en\/wp-json\/wp\/v2\/product_cat?post=68266"},{"taxonomy":"product_tag","embeddable":true,"href":"https:\/\/antart.com.pl\/en\/wp-json\/wp\/v2\/product_tag?post=68266"}],"curies":[{"name":"wp","href":"https:\/\/api.w.org\/{rel}","templated":true}]}}