{"id":68949,"date":"2026-03-02T10:44:39","date_gmt":"2026-03-02T09:44:39","guid":{"rendered":"https:\/\/antart.com.pl\/?post_type=product&#038;p=68949"},"modified":"2026-03-01T10:52:41","modified_gmt":"2026-03-01T09:52:41","slug":"chair-of-the-democratic-republic-of-germany-from-the-1960s","status":"publish","type":"product","link":"https:\/\/antart.com.pl\/en\/produkt\/krzeslo-republice-demokratyczna-nrd-niemcy-z-lat-60-tych\/","title":{"rendered":"Chair of the Republic Democratic Republic of East Germany from the 1960s"},"content":{"rendered":"<h4 style=\"text-align: center;\"><strong><em>Chair of the Republic Democratic Republic of East Germany from the 1960s<\/em><\/strong><\/h4>\n<h4 style=\"text-align: center;\"><strong><em>The chair has a beech wood frame and black eco leather upholstery on the seat and back.<\/em><\/strong><\/h4>\n<h4 style=\"text-align: center;\"><strong><em>The chair is in very good vintage condition.<\/em><\/strong><\/h4>\n<h4><strong><em>Dimensions:<\/em><\/strong><\/h4>\n<ul>\n<li>\n<h4><strong><em>height: 84 cm<\/em><\/strong><\/h4>\n<\/li>\n<li>\n<h4><strong><em>length: 48cm<\/em><\/strong><\/h4>\n<\/li>\n<li>\n<h4><strong><em>width: 53 cm<\/em><\/strong><\/h4>\n<\/li>\n<li>\n<h4><strong><em>seat depth: 43 cm<\/em><\/strong><\/h4>\n<\/li>\n<li>\n<h4><strong><em>height to seat: 45cm<\/em><\/strong><\/h4>\n<\/li>\n<\/ul>\n<h4 style=\"text-align: center;\"><strong><em>The photos show the actual state of the object<\/em><\/strong><\/h4>\n<h4><strong><em>Order no. 10788<\/em><\/strong><\/h4>","protected":false},"excerpt":{"rendered":"<p>Krzes\u0142o Republice Demokratyczna NRD Niemcy z lat 60-tych Krzes\u0142o ma ram\u0119 z drewna bukowego oraz czarna tapicerk\u0119 ze sk\u00f3ry ekologicznej na siedzisku i oparciu. Krzes\u0142o jest w bardzo dobrym stanie vintage. Wymiary: wysoko\u015b\u0107: 84 cm d\u0142ugo\u015b\u0107: 48cm szeroko\u015b\u0107: 53 cm g\u0142\u0119boko\u015b\u0107 siedziska:43 cm wysoko\u015b\u0107 do siedziska: 45cm Zdj\u0119cia przedstawiaj\u0105 stan faktyczny przedmiotu Art. nr. 10788<\/p>","protected":false},"featured_media":68896,"template":"","meta":{"_seopress_robots_primary_cat":"","_seopress_titles_title":"","_seopress_titles_desc":"","_seopress_robots_index":"","site-sidebar-layout":"default","site-content-layout":"","ast-site-content-layout":"default","site-content-style":"default","site-sidebar-style":"default","ast-global-header-display":"","ast-banner-title-visibility":"","ast-main-header-display":"","ast-hfb-above-header-display":"","ast-hfb-below-header-display":"","ast-hfb-mobile-header-display":"","site-post-title":"","ast-breadcrumbs-content":"","ast-featured-img":"","footer-sml-layout":"","ast-disable-related-posts":"","theme-transparent-header-meta":"default","adv-header-id-meta":"","stick-header-meta":"default","header-above-stick-meta":"","header-main-stick-meta":"","header-below-stick-meta":"","astra-migrate-meta-layouts":"set","ast-page-background-enabled":"default","ast-page-background-meta":{"desktop":{"background-color":"var(--ast-global-color-4)","background-image":"","background-repeat":"repeat","background-position":"center center","background-size":"auto","background-attachment":"scroll","background-type":"","background-media":"","overlay-type":"","overlay-color":"","overlay-opacity":"","overlay-gradient":""},"tablet":{"background-color":"","background-image":"","background-repeat":"repeat","background-position":"center center","background-size":"auto","background-attachment":"scroll","background-type":"","background-media":"","overlay-type":"","overlay-color":"","overlay-opacity":"","overlay-gradient":""},"mobile":{"background-color":"","background-image":"","background-repeat":"repeat","background-position":"center center","background-size":"auto","background-attachment":"scroll","background-type":"","background-media":"","overlay-type":"","overlay-color":"","overlay-opacity":"","overlay-gradient":""}},"ast-content-background-meta":{"desktop":{"background-color":"var(--ast-global-color-5)","background-image":"","background-repeat":"repeat","background-position":"center center","background-size":"auto","background-attachment":"scroll","background-type":"","background-media":"","overlay-type":"","overlay-color":"","overlay-opacity":"","overlay-gradient":""},"tablet":{"background-color":"var(--ast-global-color-5)","background-image":"","background-repeat":"repeat","background-position":"center center","background-size":"auto","background-attachment":"scroll","background-type":"","background-media":"","overlay-type":"","overlay-color":"","overlay-opacity":"","overlay-gradient":""},"mobile":{"background-color":"var(--ast-global-color-5)","background-image":"","background-repeat":"repeat","background-position":"center center","background-size":"auto","background-attachment":"scroll","background-type":"","background-media":"","overlay-type":"","overlay-color":"","overlay-opacity":"","overlay-gradient":""}}},"product_brand":[],"product_cat":[36,32],"product_tag":[],"class_list":{"0":"post-68949","1":"product","2":"type-product","3":"status-publish","4":"has-post-thumbnail","6":"product_cat-krzesla-taborety","7":"product_cat-meble","8":"product_shipping_class-wysylka-80zl","9":"desktop-align-left","10":"tablet-align-left","11":"mobile-align-left","12":"ast-product-gallery-layout-vertical-slider","13":"ast-product-tabs-layout-horizontal","14":"ast-qv-on-image","16":"first","17":"instock","18":"sold-individually","19":"shipping-taxable","20":"purchasable","21":"product-type-simple"},"_links":{"self":[{"href":"https:\/\/antart.com.pl\/en\/wp-json\/wp\/v2\/product\/68949","targetHints":{"allow":["GET"]}}],"collection":[{"href":"https:\/\/antart.com.pl\/en\/wp-json\/wp\/v2\/product"}],"about":[{"href":"https:\/\/antart.com.pl\/en\/wp-json\/wp\/v2\/types\/product"}],"wp:featuredmedia":[{"embeddable":true,"href":"https:\/\/antart.com.pl\/en\/wp-json\/wp\/v2\/media\/68896"}],"wp:attachment":[{"href":"https:\/\/antart.com.pl\/en\/wp-json\/wp\/v2\/media?parent=68949"}],"wp:term":[{"taxonomy":"product_brand","embeddable":true,"href":"https:\/\/antart.com.pl\/en\/wp-json\/wp\/v2\/product_brand?post=68949"},{"taxonomy":"product_cat","embeddable":true,"href":"https:\/\/antart.com.pl\/en\/wp-json\/wp\/v2\/product_cat?post=68949"},{"taxonomy":"product_tag","embeddable":true,"href":"https:\/\/antart.com.pl\/en\/wp-json\/wp\/v2\/product_tag?post=68949"}],"curies":[{"name":"wp","href":"https:\/\/api.w.org\/{rel}","templated":true}]}}