{"id":68952,"date":"2026-03-02T10:59:51","date_gmt":"2026-03-02T09:59:51","guid":{"rendered":"https:\/\/antart.com.pl\/?post_type=product&#038;p=68952"},"modified":"2026-03-01T11:05:37","modified_gmt":"2026-03-01T10:05:37","slug":"secesyjne-stare-krzeslo-debowe-na-sprezynach","status":"publish","type":"product","link":"https:\/\/antart.com.pl\/en\/produkt\/secesyjne-stare-krzeslo-debowe-na-sprezynach\/","title":{"rendered":"Art Nouveau old oak chair on springs"},"content":{"rendered":"<h4 style=\"text-align: center;\"><em><strong>Art Nouveau old oak chair on springs<\/strong><\/em><\/h4>\n<h4 style=\"text-align: center;\"><em><strong>Krzes\u0142o posiada bogato zdobione oparcie z elementami snycerskimi oraz toczone nogi, co wskazuje na styl neorenesansowy lub podobny styl historyzuj\u0105cy.<\/strong><\/em><\/h4>\n<h4><em><strong>Dimensions:<\/strong><\/em><\/h4>\n<ul>\n<li>\n<h4><em><strong>wysoko\u015b\u0107:94cm<\/strong><\/em><\/h4>\n<\/li>\n<li>\n<h4><em><strong>width: 45cm<\/strong><\/em><\/h4>\n<\/li>\n<li>\n<h4><em><strong>depth: 44cm<\/strong><\/em><\/h4>\n<\/li>\n<li>\n<h4><em><strong>g\u0142\u0119boko\u015b\u0107 siedziska: 37cm<\/strong><\/em><\/h4>\n<\/li>\n<li>\n<h4><em><strong>height to seat: 46cm<\/strong><\/em><\/h4>\n<\/li>\n<\/ul>\n<h4><em><strong>Posiadam 6 krzes\u0142a.<\/strong><\/em><\/h4>\n<h4><em><strong>The price is for 1 piece.<\/strong><\/em><\/h4>\n<h4 style=\"text-align: center;\"><em><strong>The photos show the actual state of the object<\/strong><\/em><\/h4>\n<h4><em><strong>Art. nr. 10787<\/strong><\/em><\/h4>","protected":false},"excerpt":{"rendered":"<p>Secesyjne, stare krzes\u0142o d\u0119bowe na spr\u0119\u017cynach Krzes\u0142o posiada bogato zdobione oparcie z elementami snycerskimi oraz toczone nogi, co wskazuje na styl neorenesansowy lub podobny styl historyzuj\u0105cy. Wymiary: wysoko\u015b\u0107:94cm szeroko\u015b\u0107: 45cm g\u0142\u0119boko\u015b\u0107: 44cm g\u0142\u0119boko\u015b\u0107 siedziska: 37cm wysoko\u015b\u0107 do siedziska: 46cm Posiadam 6 krzes\u0142a. Cena dotyczy 1 sztuki. Zdj\u0119cia przedstawiaj\u0105 stan faktyczny przedmiotu Art. nr. 10787<\/p>","protected":false},"featured_media":68911,"template":"","meta":{"_seopress_robots_primary_cat":"","_seopress_titles_title":"","_seopress_titles_desc":"","_seopress_robots_index":"","site-sidebar-layout":"default","site-content-layout":"","ast-site-content-layout":"default","site-content-style":"default","site-sidebar-style":"default","ast-global-header-display":"","ast-banner-title-visibility":"","ast-main-header-display":"","ast-hfb-above-header-display":"","ast-hfb-below-header-display":"","ast-hfb-mobile-header-display":"","site-post-title":"","ast-breadcrumbs-content":"","ast-featured-img":"","footer-sml-layout":"","ast-disable-related-posts":"","theme-transparent-header-meta":"default","adv-header-id-meta":"","stick-header-meta":"default","header-above-stick-meta":"","header-main-stick-meta":"","header-below-stick-meta":"","astra-migrate-meta-layouts":"set","ast-page-background-enabled":"default","ast-page-background-meta":{"desktop":{"background-color":"var(--ast-global-color-4)","background-image":"","background-repeat":"repeat","background-position":"center center","background-size":"auto","background-attachment":"scroll","background-type":"","background-media":"","overlay-type":"","overlay-color":"","overlay-opacity":"","overlay-gradient":""},"tablet":{"background-color":"","background-image":"","background-repeat":"repeat","background-position":"center center","background-size":"auto","background-attachment":"scroll","background-type":"","background-media":"","overlay-type":"","overlay-color":"","overlay-opacity":"","overlay-gradient":""},"mobile":{"background-color":"","background-image":"","background-repeat":"repeat","background-position":"center center","background-size":"auto","background-attachment":"scroll","background-type":"","background-media":"","overlay-type":"","overlay-color":"","overlay-opacity":"","overlay-gradient":""}},"ast-content-background-meta":{"desktop":{"background-color":"var(--ast-global-color-5)","background-image":"","background-repeat":"repeat","background-position":"center center","background-size":"auto","background-attachment":"scroll","background-type":"","background-media":"","overlay-type":"","overlay-color":"","overlay-opacity":"","overlay-gradient":""},"tablet":{"background-color":"var(--ast-global-color-5)","background-image":"","background-repeat":"repeat","background-position":"center center","background-size":"auto","background-attachment":"scroll","background-type":"","background-media":"","overlay-type":"","overlay-color":"","overlay-opacity":"","overlay-gradient":""},"mobile":{"background-color":"var(--ast-global-color-5)","background-image":"","background-repeat":"repeat","background-position":"center center","background-size":"auto","background-attachment":"scroll","background-type":"","background-media":"","overlay-type":"","overlay-color":"","overlay-opacity":"","overlay-gradient":""}}},"product_brand":[],"product_cat":[36,32],"product_tag":[],"class_list":{"0":"post-68952","1":"product","2":"type-product","3":"status-publish","4":"has-post-thumbnail","6":"product_cat-krzesla-taborety","7":"product_cat-meble","8":"product_shipping_class-wysylka-80zl","9":"desktop-align-left","10":"tablet-align-left","11":"mobile-align-left","12":"ast-product-gallery-layout-vertical-slider","13":"ast-product-tabs-layout-horizontal","14":"ast-qv-on-image","16":"first","17":"instock","18":"shipping-taxable","19":"purchasable","20":"product-type-simple"},"_links":{"self":[{"href":"https:\/\/antart.com.pl\/en\/wp-json\/wp\/v2\/product\/68952","targetHints":{"allow":["GET"]}}],"collection":[{"href":"https:\/\/antart.com.pl\/en\/wp-json\/wp\/v2\/product"}],"about":[{"href":"https:\/\/antart.com.pl\/en\/wp-json\/wp\/v2\/types\/product"}],"wp:featuredmedia":[{"embeddable":true,"href":"https:\/\/antart.com.pl\/en\/wp-json\/wp\/v2\/media\/68911"}],"wp:attachment":[{"href":"https:\/\/antart.com.pl\/en\/wp-json\/wp\/v2\/media?parent=68952"}],"wp:term":[{"taxonomy":"product_brand","embeddable":true,"href":"https:\/\/antart.com.pl\/en\/wp-json\/wp\/v2\/product_brand?post=68952"},{"taxonomy":"product_cat","embeddable":true,"href":"https:\/\/antart.com.pl\/en\/wp-json\/wp\/v2\/product_cat?post=68952"},{"taxonomy":"product_tag","embeddable":true,"href":"https:\/\/antart.com.pl\/en\/wp-json\/wp\/v2\/product_tag?post=68952"}],"curies":[{"name":"wp","href":"https:\/\/api.w.org\/{rel}","templated":true}]}}