{"id":68959,"date":"2026-03-03T10:45:05","date_gmt":"2026-03-03T09:45:05","guid":{"rendered":"https:\/\/antart.com.pl\/?post_type=product&#038;p=68959"},"modified":"2026-03-03T10:45:07","modified_gmt":"2026-03-03T09:45:07","slug":"antyczne-angielskie-biurko-w-mahoniu-w-stylu-chesterfield-z-1900-r","status":"publish","type":"product","link":"https:\/\/antart.com.pl\/en\/produkt\/antyczne-angielskie-biurko-w-mahoniu-w-stylu-chesterfield-z-1900-r\/","title":{"rendered":"Antique English Chesterfield style mahogany desk from 1900"},"content":{"rendered":"<h4 style=\"text-align: center;\"><em><strong>Antique English Chesterfield style mahogany desk from 1900<\/strong><\/em><\/h4>\n<h4 style=\"text-align: center;\"><em><strong>Dwustronne biurko angielskie pokryte fornirem z mahoniu, wyko\u0144czony br\u0105zow\u0105 sk\u00f3r\u0105 naturaln\u0105.<\/strong><\/em><\/h4>\n<h4 style=\"text-align: center;\"><em><strong>Biurko jest dwustronne z jednej strony posiada pi\u0119\u0107 funkcjonalnych szuflad, natomiast z drugiej mog\u0105 znajdowa\u0107 si\u0119 ich atrapy.<\/strong><\/em><\/h4>\n<h4 style=\"text-align: center;\"><em><strong>Nogi mebla cz\u0119sto spoczywaj\u0105 na mosi\u0119\u017cnych \u0142apach. Konstrukcja n\u00f3g jest po\u0142\u0105czona charakterystyczn\u0105, ozdobn\u0105 poprzeczk\u0105.<\/strong><\/em><\/h4>\n<h4 style=\"text-align: center;\"><em><strong>The top has signs of use.<\/strong><\/em><\/h4>\n<h4><em><strong>Dimensions:<\/strong><\/em><\/h4>\n<h4><em><strong>Blat z\u0142o\u017cony<\/strong><\/em><\/h4>\n<ul>\n<li>\n<h4><em><strong>height: 77 cm<\/strong><\/em><\/h4>\n<\/li>\n<li>\n<h4><em><strong>szeroko\u015b\u0107: 139 cm<\/strong><\/em><\/h4>\n<\/li>\n<li>\n<h4><em><strong>g\u0142\u0119boko\u015b\u0107: 69 cm<\/strong><\/em><\/h4>\n<\/li>\n<\/ul>\n<h4><em><strong>Blat roz\u0142o\u017cony<\/strong><\/em><\/h4>\n<ul>\n<li>\n<h4><em><strong>height: 77 cm<\/strong><\/em><\/h4>\n<\/li>\n<li>\n<h4><em><strong>width: 195 cm<\/strong><\/em><\/h4>\n<\/li>\n<li>\n<h4><em><strong>g\u0142\u0119boko\u015b\u0107: 69 cm<\/strong><\/em><\/h4>\n<\/li>\n<\/ul>\n<ul>\n<li>\n<h4><em><strong>width of desk recess: 60cm<\/strong><\/em><\/h4>\n<\/li>\n<li>\n<h4><em><strong>height of desk recess: 66cm<\/strong><\/em><\/h4>\n<\/li>\n<\/ul>\n<h4><em><strong>Pull-out work surface:<\/strong><\/em><\/h4>\n<ul>\n<li>\n<h4><em><strong>width: 50cm<\/strong><\/em><\/h4>\n<\/li>\n<li>\n<h4><em><strong>wysoko\u015b\u0107: 62 cm<\/strong><\/em><\/h4>\n<\/li>\n<\/ul>\n<h4 style=\"text-align: center;\"><em><strong>The photos show the actual condition of the item.<\/strong><\/em><\/h4>\n<h4><em><strong>nr. art. 10785<\/strong><\/em><\/h4>","protected":false},"excerpt":{"rendered":"<p>Antyczne, angielskie biurko w mahoniu w stylu Chesterfield z 1900 r Dwustronne biurko angielskie pokryte fornirem z mahoniu, wyko\u0144czony br\u0105zow\u0105 sk\u00f3r\u0105 naturaln\u0105. Biurko jest dwustronne z jednej strony posiada pi\u0119\u0107 funkcjonalnych szuflad, natomiast z drugiej mog\u0105 znajdowa\u0107 si\u0119 ich atrapy. Nogi mebla cz\u0119sto spoczywaj\u0105 na mosi\u0119\u017cnych \u0142apach. Konstrukcja n\u00f3g jest po\u0142\u0105czona charakterystyczn\u0105, ozdobn\u0105 poprzeczk\u0105. Blat [&hellip;]<\/p>\n","protected":false},"featured_media":68970,"template":"","meta":{"_seopress_robots_primary_cat":"","_seopress_titles_title":"","_seopress_titles_desc":"","_seopress_robots_index":"","site-sidebar-layout":"default","site-content-layout":"","ast-site-content-layout":"default","site-content-style":"default","site-sidebar-style":"default","ast-global-header-display":"","ast-banner-title-visibility":"","ast-main-header-display":"","ast-hfb-above-header-display":"","ast-hfb-below-header-display":"","ast-hfb-mobile-header-display":"","site-post-title":"","ast-breadcrumbs-content":"","ast-featured-img":"","footer-sml-layout":"","ast-disable-related-posts":"","theme-transparent-header-meta":"default","adv-header-id-meta":"","stick-header-meta":"default","header-above-stick-meta":"","header-main-stick-meta":"","header-below-stick-meta":"","astra-migrate-meta-layouts":"set","ast-page-background-enabled":"default","ast-page-background-meta":{"desktop":{"background-color":"var(--ast-global-color-4)","background-image":"","background-repeat":"repeat","background-position":"center center","background-size":"auto","background-attachment":"scroll","background-type":"","background-media":"","overlay-type":"","overlay-color":"","overlay-opacity":"","overlay-gradient":""},"tablet":{"background-color":"","background-image":"","background-repeat":"repeat","background-position":"center center","background-size":"auto","background-attachment":"scroll","background-type":"","background-media":"","overlay-type":"","overlay-color":"","overlay-opacity":"","overlay-gradient":""},"mobile":{"background-color":"","background-image":"","background-repeat":"repeat","background-position":"center center","background-size":"auto","background-attachment":"scroll","background-type":"","background-media":"","overlay-type":"","overlay-color":"","overlay-opacity":"","overlay-gradient":""}},"ast-content-background-meta":{"desktop":{"background-color":"var(--ast-global-color-5)","background-image":"","background-repeat":"repeat","background-position":"center center","background-size":"auto","background-attachment":"scroll","background-type":"","background-media":"","overlay-type":"","overlay-color":"","overlay-opacity":"","overlay-gradient":""},"tablet":{"background-color":"var(--ast-global-color-5)","background-image":"","background-repeat":"repeat","background-position":"center center","background-size":"auto","background-attachment":"scroll","background-type":"","background-media":"","overlay-type":"","overlay-color":"","overlay-opacity":"","overlay-gradient":""},"mobile":{"background-color":"var(--ast-global-color-5)","background-image":"","background-repeat":"repeat","background-position":"center center","background-size":"auto","background-attachment":"scroll","background-type":"","background-media":"","overlay-type":"","overlay-color":"","overlay-opacity":"","overlay-gradient":""}}},"product_brand":[],"product_cat":[55,32],"product_tag":[],"class_list":{"0":"post-68959","1":"product","2":"type-product","3":"status-publish","4":"has-post-thumbnail","6":"product_cat-biurka-sekretery","7":"product_cat-meble","8":"product_shipping_class-wysylka-po-uzgodnieniu","9":"desktop-align-left","10":"tablet-align-left","11":"mobile-align-left","12":"ast-product-gallery-layout-vertical-slider","13":"ast-product-tabs-layout-horizontal","14":"ast-qv-on-image","16":"first","17":"instock","18":"sold-individually","19":"shipping-taxable","20":"purchasable","21":"product-type-simple"},"_links":{"self":[{"href":"https:\/\/antart.com.pl\/en\/wp-json\/wp\/v2\/product\/68959","targetHints":{"allow":["GET"]}}],"collection":[{"href":"https:\/\/antart.com.pl\/en\/wp-json\/wp\/v2\/product"}],"about":[{"href":"https:\/\/antart.com.pl\/en\/wp-json\/wp\/v2\/types\/product"}],"wp:featuredmedia":[{"embeddable":true,"href":"https:\/\/antart.com.pl\/en\/wp-json\/wp\/v2\/media\/68970"}],"wp:attachment":[{"href":"https:\/\/antart.com.pl\/en\/wp-json\/wp\/v2\/media?parent=68959"}],"wp:term":[{"taxonomy":"product_brand","embeddable":true,"href":"https:\/\/antart.com.pl\/en\/wp-json\/wp\/v2\/product_brand?post=68959"},{"taxonomy":"product_cat","embeddable":true,"href":"https:\/\/antart.com.pl\/en\/wp-json\/wp\/v2\/product_cat?post=68959"},{"taxonomy":"product_tag","embeddable":true,"href":"https:\/\/antart.com.pl\/en\/wp-json\/wp\/v2\/product_tag?post=68959"}],"curies":[{"name":"wp","href":"https:\/\/api.w.org\/{rel}","templated":true}]}}