{"id":69037,"date":"2026-03-03T11:25:46","date_gmt":"2026-03-03T10:25:46","guid":{"rendered":"https:\/\/antart.com.pl\/?post_type=product&#038;p=69037"},"modified":"2026-03-03T11:25:49","modified_gmt":"2026-03-03T10:25:49","slug":"krzeslo-drewniany-z-naturalna-skora-gleboko-pikowana","status":"publish","type":"product","link":"https:\/\/antart.com.pl\/en\/produkt\/krzeslo-drewniany-z-naturalna-skora-gleboko-pikowana\/","title":{"rendered":"Wooden chair with natural leather deeply quilted"},"content":{"rendered":"<h4 style=\"text-align: center;\"><em><strong>Wooden chair with natural leather deeply quilted<\/strong><\/em><\/h4>\n<h4 style=\"text-align: center;\"><em><strong>Fotel do jadalni jak r\u00f3wnie\u017c gabinetowy w stylu Chesterfield.<\/strong><\/em><\/h4>\n<h4 style=\"text-align: center;\"><em><strong>Wykonany z litego drewna oraz wysokiej jako\u015bci sk\u00f3ry naturalnej w odcieniu zieleni.<\/strong><\/em><\/h4>\n<h4 style=\"text-align: center;\"><em><strong>Fotel posiada charakterystyczne g\u0142\u0119bokie pikowanie (kapitona\u017c) na oparciu i siedzisku, wyko\u0144czone ozdobnymi \u0107wiekami tapicerskimi.<\/strong><\/em><\/h4>\n<h4><em><strong>I own 4 chairs.<\/strong><\/em><\/h4>\n<h4><em><strong>The price is for 1 piece.<\/strong><\/em><\/h4>\n<h4><em><strong>Posiadam na swoich aukcjach r\u00f3wnie\u017c 2 fotele z tego modelu.<\/strong><\/em><\/h4>\n<p>&nbsp;<\/p>\n<h4><em><strong>Dimensions:<\/strong><\/em><\/h4>\n<ul>\n<li>\n<h4><em><strong>height: 84 cm<\/strong><\/em><\/h4>\n<\/li>\n<li>\n<h4><em><strong>width:50 cm<\/strong><\/em><\/h4>\n<\/li>\n<li>\n<h4><em><strong>g\u0142\u0119boko\u015b\u0107:55 cm<\/strong><\/em><\/h4>\n<\/li>\n<li>\n<h4><em><strong>g\u0142\u0119boko\u015b\u0107 siedziska 34cm<\/strong><\/em><\/h4>\n<\/li>\n<\/ul>\n<h4 style=\"text-align: center;\"><em><strong>The photos show the actual condition of the item.<\/strong><\/em><\/h4>\n<h4><em><strong>Art. nr. 10783<\/strong><\/em><\/h4>","protected":false},"excerpt":{"rendered":"<p>Krzes\u0142o drewniany z naturaln\u0105 sk\u00f3r\u0105 g\u0142\u0119boko pikowana Fotel do jadalni jak r\u00f3wnie\u017c gabinetowy w stylu Chesterfield. Wykonany z litego drewna oraz wysokiej jako\u015bci sk\u00f3ry naturalnej w odcieniu zieleni. Fotel posiada charakterystyczne g\u0142\u0119bokie pikowanie (kapitona\u017c) na oparciu i siedzisku, wyko\u0144czone ozdobnymi \u0107wiekami tapicerskimi. Posiadam 4 krzes\u0142a. Cena dotyczy 1 sztuki. Posiadam na swoich aukcjach r\u00f3wnie\u017c 2 [&hellip;]<\/p>\n","protected":false},"featured_media":69000,"template":"","meta":{"_seopress_robots_primary_cat":"","_seopress_titles_title":"","_seopress_titles_desc":"","_seopress_robots_index":"","site-sidebar-layout":"default","site-content-layout":"","ast-site-content-layout":"default","site-content-style":"default","site-sidebar-style":"default","ast-global-header-display":"","ast-banner-title-visibility":"","ast-main-header-display":"","ast-hfb-above-header-display":"","ast-hfb-below-header-display":"","ast-hfb-mobile-header-display":"","site-post-title":"","ast-breadcrumbs-content":"","ast-featured-img":"","footer-sml-layout":"","ast-disable-related-posts":"","theme-transparent-header-meta":"default","adv-header-id-meta":"","stick-header-meta":"default","header-above-stick-meta":"","header-main-stick-meta":"","header-below-stick-meta":"","astra-migrate-meta-layouts":"set","ast-page-background-enabled":"default","ast-page-background-meta":{"desktop":{"background-color":"var(--ast-global-color-4)","background-image":"","background-repeat":"repeat","background-position":"center center","background-size":"auto","background-attachment":"scroll","background-type":"","background-media":"","overlay-type":"","overlay-color":"","overlay-opacity":"","overlay-gradient":""},"tablet":{"background-color":"","background-image":"","background-repeat":"repeat","background-position":"center center","background-size":"auto","background-attachment":"scroll","background-type":"","background-media":"","overlay-type":"","overlay-color":"","overlay-opacity":"","overlay-gradient":""},"mobile":{"background-color":"","background-image":"","background-repeat":"repeat","background-position":"center center","background-size":"auto","background-attachment":"scroll","background-type":"","background-media":"","overlay-type":"","overlay-color":"","overlay-opacity":"","overlay-gradient":""}},"ast-content-background-meta":{"desktop":{"background-color":"var(--ast-global-color-5)","background-image":"","background-repeat":"repeat","background-position":"center center","background-size":"auto","background-attachment":"scroll","background-type":"","background-media":"","overlay-type":"","overlay-color":"","overlay-opacity":"","overlay-gradient":""},"tablet":{"background-color":"var(--ast-global-color-5)","background-image":"","background-repeat":"repeat","background-position":"center center","background-size":"auto","background-attachment":"scroll","background-type":"","background-media":"","overlay-type":"","overlay-color":"","overlay-opacity":"","overlay-gradient":""},"mobile":{"background-color":"var(--ast-global-color-5)","background-image":"","background-repeat":"repeat","background-position":"center center","background-size":"auto","background-attachment":"scroll","background-type":"","background-media":"","overlay-type":"","overlay-color":"","overlay-opacity":"","overlay-gradient":""}}},"product_brand":[],"product_cat":[32],"product_tag":[],"class_list":{"0":"post-69037","1":"product","2":"type-product","3":"status-publish","4":"has-post-thumbnail","6":"product_cat-meble","7":"product_shipping_class-wysylka-100zl","8":"desktop-align-left","9":"tablet-align-left","10":"mobile-align-left","11":"ast-product-gallery-layout-vertical-slider","12":"ast-product-tabs-layout-horizontal","13":"ast-qv-on-image","15":"first","16":"instock","17":"shipping-taxable","18":"purchasable","19":"product-type-simple"},"_links":{"self":[{"href":"https:\/\/antart.com.pl\/en\/wp-json\/wp\/v2\/product\/69037","targetHints":{"allow":["GET"]}}],"collection":[{"href":"https:\/\/antart.com.pl\/en\/wp-json\/wp\/v2\/product"}],"about":[{"href":"https:\/\/antart.com.pl\/en\/wp-json\/wp\/v2\/types\/product"}],"wp:featuredmedia":[{"embeddable":true,"href":"https:\/\/antart.com.pl\/en\/wp-json\/wp\/v2\/media\/69000"}],"wp:attachment":[{"href":"https:\/\/antart.com.pl\/en\/wp-json\/wp\/v2\/media?parent=69037"}],"wp:term":[{"taxonomy":"product_brand","embeddable":true,"href":"https:\/\/antart.com.pl\/en\/wp-json\/wp\/v2\/product_brand?post=69037"},{"taxonomy":"product_cat","embeddable":true,"href":"https:\/\/antart.com.pl\/en\/wp-json\/wp\/v2\/product_cat?post=69037"},{"taxonomy":"product_tag","embeddable":true,"href":"https:\/\/antart.com.pl\/en\/wp-json\/wp\/v2\/product_tag?post=69037"}],"curies":[{"name":"wp","href":"https:\/\/api.w.org\/{rel}","templated":true}]}}