{"id":69040,"date":"2026-03-03T11:41:07","date_gmt":"2026-03-03T10:41:07","guid":{"rendered":"https:\/\/antart.com.pl\/?post_type=product&#038;p=69040"},"modified":"2026-03-03T11:41:09","modified_gmt":"2026-03-03T10:41:09","slug":"komplet-zabytkowych-stolikow-trojakow-francuskich-intarsjowanych","status":"publish","type":"product","link":"https:\/\/antart.com.pl\/en\/produkt\/komplet-zabytkowych-stolikow-trojakow-francuskich-intarsjowanych\/","title":{"rendered":"Set of antique French Trojak Tables, inlaid"},"content":{"rendered":"<h4 style=\"text-align: center;\"><em><strong>Set of antique French Trojak Tables, inlaid<\/strong><\/em><\/h4>\n<h4 style=\"text-align: center;\"><em><strong>Zabytkowe stoliki typu trojaki, wykonane w eleganckim francuskim stylu, prawdopodobnie pochodz\u0105ce z\u00a0lat 30. XX wieku.<\/strong><\/em><\/h4>\n<h4 style=\"text-align: center;\"><em><strong>Charakteryzuj\u0105 si\u0119 one konstrukcj\u0105 umo\u017cliwiaj\u0105c\u0105 wsuwanie mniejszych stolik\u00f3w pod wi\u0119kszy, co pozwala na oszcz\u0119dno\u015b\u0107 miejsca, gdy nie s\u0105 u\u017cywane<\/strong><\/em><\/h4>\n<h4 style=\"text-align: center;\"><em><strong>Blaty stolik\u00f3w s\u0105 bogato zdobione\u00a0intarsj\u0105.\u00a0<\/strong><\/em><\/h4>\n<h4 style=\"text-align: center;\"><em><strong>Charakterystyczne toczone i smuk\u0142e nogi nadaj\u0105ce lekko\u015bci i elegancji..<\/strong><\/em><\/h4>\n<h4><em><strong>Dimensions:<\/strong><\/em><\/h4>\n<h4><em><strong>1 table<\/strong><\/em><\/h4>\n<ul>\n<li>\n<h4><em><strong>length: 53.5cm<\/strong><\/em><\/h4>\n<\/li>\n<li>\n<h4><em><strong>szeroko\u015b\u0107:37,5 cm<\/strong><\/em><\/h4>\n<\/li>\n<li>\n<h4><em><strong>height: 53 cm<\/strong><\/em><\/h4>\n<\/li>\n<\/ul>\n<h4><em><strong>2 table<\/strong><\/em><\/h4>\n<ul>\n<li>\n<h4><em><strong>d\u0142ugo\u015b\u0107: 43,5 cm<\/strong><\/em><\/h4>\n<\/li>\n<li>\n<h4><em><strong>width: 31.5 cm<\/strong><\/em><\/h4>\n<\/li>\n<li>\n<h4><em><strong>height: 51 cm<\/strong><\/em><\/h4>\n<\/li>\n<\/ul>\n<h4><em><strong>3 table<\/strong><\/em><\/h4>\n<ul>\n<li>\n<h4><em><strong>d\u0142ugo\u015b\u0107: 33,cm<\/strong><\/em><\/h4>\n<\/li>\n<li>\n<h4><em><strong>szeroko\u015b\u0107: 26,5cm<\/strong><\/em><\/h4>\n<\/li>\n<li>\n<h4><em><strong>height: 48 cm<\/strong><\/em><\/h4>\n<\/li>\n<\/ul>\n<h4 style=\"text-align: center;\"><em><strong>The photos show the actual state of the object<\/strong><\/em><\/h4>\n<h4><em><strong>nr.10782<\/strong><\/em><\/h4>","protected":false},"excerpt":{"rendered":"<p>Komplet zabytkowych Stolik\u00f3w Trojak\u00f3w francuskich, intarsjowanych Zabytkowe stoliki typu trojaki, wykonane w eleganckim francuskim stylu, prawdopodobnie pochodz\u0105ce z\u00a0lat 30. XX wieku. Charakteryzuj\u0105 si\u0119 one konstrukcj\u0105 umo\u017cliwiaj\u0105c\u0105 wsuwanie mniejszych stolik\u00f3w pod wi\u0119kszy, co pozwala na oszcz\u0119dno\u015b\u0107 miejsca, gdy nie s\u0105 u\u017cywane Blaty stolik\u00f3w s\u0105 bogato zdobione\u00a0intarsj\u0105.\u00a0 Charakterystyczne toczone i smuk\u0142e nogi nadaj\u0105ce lekko\u015bci i elegancji.. Wymiary: [&hellip;]<\/p>\n","protected":false},"featured_media":69019,"template":"","meta":{"_seopress_robots_primary_cat":"","_seopress_titles_title":"","_seopress_titles_desc":"","_seopress_robots_index":"","site-sidebar-layout":"default","site-content-layout":"","ast-site-content-layout":"default","site-content-style":"default","site-sidebar-style":"default","ast-global-header-display":"","ast-banner-title-visibility":"","ast-main-header-display":"","ast-hfb-above-header-display":"","ast-hfb-below-header-display":"","ast-hfb-mobile-header-display":"","site-post-title":"","ast-breadcrumbs-content":"","ast-featured-img":"","footer-sml-layout":"","ast-disable-related-posts":"","theme-transparent-header-meta":"default","adv-header-id-meta":"","stick-header-meta":"default","header-above-stick-meta":"","header-main-stick-meta":"","header-below-stick-meta":"","astra-migrate-meta-layouts":"set","ast-page-background-enabled":"default","ast-page-background-meta":{"desktop":{"background-color":"var(--ast-global-color-4)","background-image":"","background-repeat":"repeat","background-position":"center center","background-size":"auto","background-attachment":"scroll","background-type":"","background-media":"","overlay-type":"","overlay-color":"","overlay-opacity":"","overlay-gradient":""},"tablet":{"background-color":"","background-image":"","background-repeat":"repeat","background-position":"center center","background-size":"auto","background-attachment":"scroll","background-type":"","background-media":"","overlay-type":"","overlay-color":"","overlay-opacity":"","overlay-gradient":""},"mobile":{"background-color":"","background-image":"","background-repeat":"repeat","background-position":"center center","background-size":"auto","background-attachment":"scroll","background-type":"","background-media":"","overlay-type":"","overlay-color":"","overlay-opacity":"","overlay-gradient":""}},"ast-content-background-meta":{"desktop":{"background-color":"var(--ast-global-color-5)","background-image":"","background-repeat":"repeat","background-position":"center center","background-size":"auto","background-attachment":"scroll","background-type":"","background-media":"","overlay-type":"","overlay-color":"","overlay-opacity":"","overlay-gradient":""},"tablet":{"background-color":"var(--ast-global-color-5)","background-image":"","background-repeat":"repeat","background-position":"center center","background-size":"auto","background-attachment":"scroll","background-type":"","background-media":"","overlay-type":"","overlay-color":"","overlay-opacity":"","overlay-gradient":""},"mobile":{"background-color":"var(--ast-global-color-5)","background-image":"","background-repeat":"repeat","background-position":"center center","background-size":"auto","background-attachment":"scroll","background-type":"","background-media":"","overlay-type":"","overlay-color":"","overlay-opacity":"","overlay-gradient":""}}},"product_brand":[],"product_cat":[32,33],"product_tag":[],"class_list":{"0":"post-69040","1":"product","2":"type-product","3":"status-publish","4":"has-post-thumbnail","6":"product_cat-meble","7":"product_cat-stoly-stoliki","8":"product_shipping_class-wysylka-60zl","9":"desktop-align-left","10":"tablet-align-left","11":"mobile-align-left","12":"ast-product-gallery-layout-vertical-slider","13":"ast-product-tabs-layout-horizontal","14":"ast-qv-on-image","16":"first","17":"instock","18":"sold-individually","19":"shipping-taxable","20":"purchasable","21":"product-type-simple"},"_links":{"self":[{"href":"https:\/\/antart.com.pl\/en\/wp-json\/wp\/v2\/product\/69040","targetHints":{"allow":["GET"]}}],"collection":[{"href":"https:\/\/antart.com.pl\/en\/wp-json\/wp\/v2\/product"}],"about":[{"href":"https:\/\/antart.com.pl\/en\/wp-json\/wp\/v2\/types\/product"}],"wp:featuredmedia":[{"embeddable":true,"href":"https:\/\/antart.com.pl\/en\/wp-json\/wp\/v2\/media\/69019"}],"wp:attachment":[{"href":"https:\/\/antart.com.pl\/en\/wp-json\/wp\/v2\/media?parent=69040"}],"wp:term":[{"taxonomy":"product_brand","embeddable":true,"href":"https:\/\/antart.com.pl\/en\/wp-json\/wp\/v2\/product_brand?post=69040"},{"taxonomy":"product_cat","embeddable":true,"href":"https:\/\/antart.com.pl\/en\/wp-json\/wp\/v2\/product_cat?post=69040"},{"taxonomy":"product_tag","embeddable":true,"href":"https:\/\/antart.com.pl\/en\/wp-json\/wp\/v2\/product_tag?post=69040"}],"curies":[{"name":"wp","href":"https:\/\/api.w.org\/{rel}","templated":true}]}}