{"id":69130,"date":"2026-03-05T12:52:32","date_gmt":"2026-03-05T11:52:32","guid":{"rendered":"https:\/\/antart.com.pl\/?post_type=product&#038;p=69130"},"modified":"2026-03-03T13:04:46","modified_gmt":"2026-03-03T12:04:46","slug":"kieliszek-do-szampana-krysztalowy-zwiesel-glas","status":"publish","type":"product","link":"https:\/\/antart.com.pl\/en\/produkt\/kieliszek-do-szampana-krysztalowy-zwiesel-glas\/","title":{"rendered":"Zwiesel Glas crystal champagne glass"},"content":{"rendered":"<h4 style=\"text-align: center;\"><em><strong>Kieliszek do Szampana kryszta\u0142owy \u00a0Zwiesel Glas<\/strong><\/em><\/h4>\n<h4 style=\"text-align: center;\"><em><strong>kryszta\u0142owy kieliszek to produkt marki Schott Zwiesel (obecnie Zwiesel Glas)\u00a0wyprodukowany w Niemczech z 24-procentowego kryszta\u0142u o\u0142owiowego (24% Bleikristall).<\/strong><\/em><\/h4>\n<h4 style=\"text-align: center;\"><em><strong>Klasyczny fason typu &#8222;flute&#8221; (flet) z dekoracyjnym szlifem pionowym u do\u0142u czaszy, przechodz\u0105cym w g\u0142adk\u0105 g\u00f3rn\u0105 cz\u0119\u015b\u0107.&#8217;<\/strong><\/em><\/h4>\n<h4 style=\"text-align: center;\"><em><strong>Dedykowany do serwowania szampana oraz win musuj\u0105cych, takich jak prosecco<\/strong><\/em><\/h4>\n<h4 style=\"text-align: center;\"><em><strong>I have 11pc available for sale.<\/strong><\/em><\/h4>\n<h4 style=\"text-align: center;\"><em><strong>Price is for 1pc.<\/strong><\/em><\/h4>\n<h4><em><strong>Dimensions<\/strong><\/em><\/h4>\n<ul>\n<li><em><strong>Height: 19cm.<\/strong><\/em><\/li>\n<li><em><strong>Top diameter: 4.5cm.<\/strong><\/em><\/li>\n<li><em><strong>Base diameter: 6.5cm.<\/strong><\/em><\/li>\n<li><em><strong>Volume: 170ml.<\/strong><\/em><\/li>\n<\/ul>\n<h4 style=\"text-align: center;\"><em><strong>The photos show the actual state of the object<\/strong><\/em><\/h4>\n<h4><em><strong>Nr. 10775<\/strong><\/em><\/h4>","protected":false},"excerpt":{"rendered":"<p>Kieliszek do Szampana kryszta\u0142owy \u00a0Zwiesel Glas kryszta\u0142owy kieliszek to produkt marki Schott Zwiesel (obecnie Zwiesel Glas)\u00a0wyprodukowany w Niemczech z 24-procentowego kryszta\u0142u o\u0142owiowego (24% Bleikristall). Klasyczny fason typu &#8222;flute&#8221; (flet) z dekoracyjnym szlifem pionowym u do\u0142u czaszy, przechodz\u0105cym w g\u0142adk\u0105 g\u00f3rn\u0105 cz\u0119\u015b\u0107.&#8217; Dedykowany do serwowania szampana oraz win musuj\u0105cych, takich jak prosecco Posiadam w sprzeda\u017cy 11szt. [&hellip;]<\/p>\n","protected":false},"featured_media":69153,"template":"","meta":{"_seopress_robots_primary_cat":"","_seopress_titles_title":"","_seopress_titles_desc":"","_seopress_robots_index":"","site-sidebar-layout":"default","site-content-layout":"","ast-site-content-layout":"default","site-content-style":"default","site-sidebar-style":"default","ast-global-header-display":"","ast-banner-title-visibility":"","ast-main-header-display":"","ast-hfb-above-header-display":"","ast-hfb-below-header-display":"","ast-hfb-mobile-header-display":"","site-post-title":"","ast-breadcrumbs-content":"","ast-featured-img":"","footer-sml-layout":"","ast-disable-related-posts":"","theme-transparent-header-meta":"default","adv-header-id-meta":"","stick-header-meta":"default","header-above-stick-meta":"","header-main-stick-meta":"","header-below-stick-meta":"","astra-migrate-meta-layouts":"set","ast-page-background-enabled":"default","ast-page-background-meta":{"desktop":{"background-color":"var(--ast-global-color-4)","background-image":"","background-repeat":"repeat","background-position":"center center","background-size":"auto","background-attachment":"scroll","background-type":"","background-media":"","overlay-type":"","overlay-color":"","overlay-opacity":"","overlay-gradient":""},"tablet":{"background-color":"","background-image":"","background-repeat":"repeat","background-position":"center center","background-size":"auto","background-attachment":"scroll","background-type":"","background-media":"","overlay-type":"","overlay-color":"","overlay-opacity":"","overlay-gradient":""},"mobile":{"background-color":"","background-image":"","background-repeat":"repeat","background-position":"center center","background-size":"auto","background-attachment":"scroll","background-type":"","background-media":"","overlay-type":"","overlay-color":"","overlay-opacity":"","overlay-gradient":""}},"ast-content-background-meta":{"desktop":{"background-color":"var(--ast-global-color-5)","background-image":"","background-repeat":"repeat","background-position":"center center","background-size":"auto","background-attachment":"scroll","background-type":"","background-media":"","overlay-type":"","overlay-color":"","overlay-opacity":"","overlay-gradient":""},"tablet":{"background-color":"var(--ast-global-color-5)","background-image":"","background-repeat":"repeat","background-position":"center center","background-size":"auto","background-attachment":"scroll","background-type":"","background-media":"","overlay-type":"","overlay-color":"","overlay-opacity":"","overlay-gradient":""},"mobile":{"background-color":"var(--ast-global-color-5)","background-image":"","background-repeat":"repeat","background-position":"center center","background-size":"auto","background-attachment":"scroll","background-type":"","background-media":"","overlay-type":"","overlay-color":"","overlay-opacity":"","overlay-gradient":""}}},"product_brand":[],"product_cat":[53,24],"product_tag":[],"class_list":{"0":"post-69130","1":"product","2":"type-product","3":"status-publish","4":"has-post-thumbnail","6":"product_cat-kieliszki","7":"product_cat-kuchnia","8":"product_shipping_class-wysylka-19zl","9":"desktop-align-left","10":"tablet-align-left","11":"mobile-align-left","12":"ast-product-gallery-layout-vertical-slider","13":"ast-product-tabs-layout-horizontal","14":"ast-qv-on-image","16":"first","17":"instock","18":"shipping-taxable","19":"purchasable","20":"product-type-simple"},"_links":{"self":[{"href":"https:\/\/antart.com.pl\/en\/wp-json\/wp\/v2\/product\/69130","targetHints":{"allow":["GET"]}}],"collection":[{"href":"https:\/\/antart.com.pl\/en\/wp-json\/wp\/v2\/product"}],"about":[{"href":"https:\/\/antart.com.pl\/en\/wp-json\/wp\/v2\/types\/product"}],"wp:featuredmedia":[{"embeddable":true,"href":"https:\/\/antart.com.pl\/en\/wp-json\/wp\/v2\/media\/69153"}],"wp:attachment":[{"href":"https:\/\/antart.com.pl\/en\/wp-json\/wp\/v2\/media?parent=69130"}],"wp:term":[{"taxonomy":"product_brand","embeddable":true,"href":"https:\/\/antart.com.pl\/en\/wp-json\/wp\/v2\/product_brand?post=69130"},{"taxonomy":"product_cat","embeddable":true,"href":"https:\/\/antart.com.pl\/en\/wp-json\/wp\/v2\/product_cat?post=69130"},{"taxonomy":"product_tag","embeddable":true,"href":"https:\/\/antart.com.pl\/en\/wp-json\/wp\/v2\/product_tag?post=69130"}],"curies":[{"name":"wp","href":"https:\/\/api.w.org\/{rel}","templated":true}]}}