{"id":69186,"date":"2026-03-04T13:12:32","date_gmt":"2026-03-04T12:12:32","guid":{"rendered":"https:\/\/antart.com.pl\/?post_type=product&#038;p=69186"},"modified":"2026-03-03T13:22:56","modified_gmt":"2026-03-03T12:22:56","slug":"vintage-style-crystal-milk-jug","status":"publish","type":"product","link":"https:\/\/antart.com.pl\/en\/produkt\/krysztalowy-mlecznik-dzbanek-w-stylu-vintage\/","title":{"rendered":"Crystal creamer, vintage style jug"},"content":{"rendered":"<h4 style=\"text-align: center;\"><em><b>Crystal creamer, vintage style jug<\/b><\/em><\/h4>\n<h4 style=\"text-align: center;\"><em>Crystal creamer (cream jug) made of pressed glass, probably dating from the 1970s or 1980s.<\/em><\/h4>\n<h4 style=\"text-align: center;\"><em>The dairy is characterised by thick, clear glass with geometric cuts and a decorative faceted handle<\/em><\/h4>\n<h4><em>Dimensions<\/em><\/h4>\n<ul>\n<li>\n<h4><em>Height: 8cm.<\/em><\/h4>\n<\/li>\n<li>\n<h4><em>Top diameter: 6.5cm.<\/em><\/h4>\n<\/li>\n<li>\n<h4><em>Base diameter: 4cm.<\/em><\/h4>\n<\/li>\n<li>\n<h4><em>Volume: 75ml.<\/em><\/h4>\n<\/li>\n<\/ul>\n<h4 style=\"text-align: center;\"><em><b>The photos show the actual condition of the item.<\/b><\/em><\/h4>\n<h4><\/h4>\n<h4><em>No.10774<\/em><\/h4>","protected":false},"excerpt":{"rendered":"<p>Kryszta\u0142owy mlecznik, dzbanek w stylu vintage Kryszta\u0142owy mlecznik (dzbanek do \u015bmietanki) wykonany ze szk\u0142a prasowanego, prawdopodobnie pochodz\u0105cy z lat 70. lub 80. XX wieku. Mlecznik charakteryzuje si\u0119 grubym, bezbarwnym szk\u0142em z geometrycznymi ci\u0119ciami i ozdobnym, fasetowanym uchwytem Wymiary Wysoko\u015b\u0107: 8cm. \u015arednica g\u00f3rna: 6,5cm. \u015arednica podstawy: 4cm. Poj: 75ml. Zdj\u0119cia przedstawiaj\u0105 stan faktyczny przedmiotu. Nr.10774<\/p>","protected":false},"featured_media":69152,"template":"","meta":{"_seopress_robots_primary_cat":"","_seopress_titles_title":"","_seopress_titles_desc":"","_seopress_robots_index":"","site-sidebar-layout":"default","site-content-layout":"","ast-site-content-layout":"default","site-content-style":"default","site-sidebar-style":"default","ast-global-header-display":"","ast-banner-title-visibility":"","ast-main-header-display":"","ast-hfb-above-header-display":"","ast-hfb-below-header-display":"","ast-hfb-mobile-header-display":"","site-post-title":"","ast-breadcrumbs-content":"","ast-featured-img":"","footer-sml-layout":"","ast-disable-related-posts":"","theme-transparent-header-meta":"default","adv-header-id-meta":"","stick-header-meta":"default","header-above-stick-meta":"","header-main-stick-meta":"","header-below-stick-meta":"","astra-migrate-meta-layouts":"set","ast-page-background-enabled":"default","ast-page-background-meta":{"desktop":{"background-color":"var(--ast-global-color-4)","background-image":"","background-repeat":"repeat","background-position":"center center","background-size":"auto","background-attachment":"scroll","background-type":"","background-media":"","overlay-type":"","overlay-color":"","overlay-opacity":"","overlay-gradient":""},"tablet":{"background-color":"","background-image":"","background-repeat":"repeat","background-position":"center center","background-size":"auto","background-attachment":"scroll","background-type":"","background-media":"","overlay-type":"","overlay-color":"","overlay-opacity":"","overlay-gradient":""},"mobile":{"background-color":"","background-image":"","background-repeat":"repeat","background-position":"center center","background-size":"auto","background-attachment":"scroll","background-type":"","background-media":"","overlay-type":"","overlay-color":"","overlay-opacity":"","overlay-gradient":""}},"ast-content-background-meta":{"desktop":{"background-color":"var(--ast-global-color-5)","background-image":"","background-repeat":"repeat","background-position":"center center","background-size":"auto","background-attachment":"scroll","background-type":"","background-media":"","overlay-type":"","overlay-color":"","overlay-opacity":"","overlay-gradient":""},"tablet":{"background-color":"var(--ast-global-color-5)","background-image":"","background-repeat":"repeat","background-position":"center center","background-size":"auto","background-attachment":"scroll","background-type":"","background-media":"","overlay-type":"","overlay-color":"","overlay-opacity":"","overlay-gradient":""},"mobile":{"background-color":"var(--ast-global-color-5)","background-image":"","background-repeat":"repeat","background-position":"center center","background-size":"auto","background-attachment":"scroll","background-type":"","background-media":"","overlay-type":"","overlay-color":"","overlay-opacity":"","overlay-gradient":""}}},"product_brand":[],"product_cat":[25,68,24,74],"product_tag":[],"class_list":{"0":"post-69186","1":"product","2":"type-product","3":"status-publish","4":"has-post-thumbnail","6":"product_cat-czesci-serwisow","7":"product_cat-dzbanki-mleczniki-cukiernice","8":"product_cat-kuchnia","9":"product_cat-mleczniki","10":"product_shipping_class-wysylka-19zl","11":"desktop-align-left","12":"tablet-align-left","13":"mobile-align-left","14":"ast-product-gallery-layout-vertical-slider","15":"ast-product-tabs-layout-horizontal","16":"ast-qv-on-image","18":"first","19":"instock","20":"sold-individually","21":"shipping-taxable","22":"purchasable","23":"product-type-simple"},"_links":{"self":[{"href":"https:\/\/antart.com.pl\/en\/wp-json\/wp\/v2\/product\/69186","targetHints":{"allow":["GET"]}}],"collection":[{"href":"https:\/\/antart.com.pl\/en\/wp-json\/wp\/v2\/product"}],"about":[{"href":"https:\/\/antart.com.pl\/en\/wp-json\/wp\/v2\/types\/product"}],"wp:featuredmedia":[{"embeddable":true,"href":"https:\/\/antart.com.pl\/en\/wp-json\/wp\/v2\/media\/69152"}],"wp:attachment":[{"href":"https:\/\/antart.com.pl\/en\/wp-json\/wp\/v2\/media?parent=69186"}],"wp:term":[{"taxonomy":"product_brand","embeddable":true,"href":"https:\/\/antart.com.pl\/en\/wp-json\/wp\/v2\/product_brand?post=69186"},{"taxonomy":"product_cat","embeddable":true,"href":"https:\/\/antart.com.pl\/en\/wp-json\/wp\/v2\/product_cat?post=69186"},{"taxonomy":"product_tag","embeddable":true,"href":"https:\/\/antart.com.pl\/en\/wp-json\/wp\/v2\/product_tag?post=69186"}],"curies":[{"name":"wp","href":"https:\/\/api.w.org\/{rel}","templated":true}]}}