{"id":69812,"date":"2026-03-14T06:52:02","date_gmt":"2026-03-14T05:52:02","guid":{"rendered":"https:\/\/antart.com.pl\/?post_type=product&#038;p=69812"},"modified":"2026-03-14T06:52:03","modified_gmt":"2026-03-14T05:52:03","slug":"saucer-cup-regina-nb-form-und-design-exclusiv","status":"publish","type":"product","link":"https:\/\/antart.com.pl\/en\/produkt\/spodek-pod-filizanke-regina-nb-form-und-design-exclusiv\/","title":{"rendered":"Regina cup saucer NB form und design exclusiv"},"content":{"rendered":"<h4 style=\"text-align: center;\"><b>Cup saucer by Regina NB from the \u201eform und design exlusiv\u201d line, made of high-quality white porcelain. The saucer, with its polygonal form, features a beautiful and delicate pattern of blue flowers with green-grey foxes.<\/b><\/h4>\n<h4><\/h4>\n<h4><b>Dimensions<\/b><\/h4>\n<ul>\n<li>\n<h4><b>Height: 1.5cm.<\/b><\/h4>\n<\/li>\n<li>\n<h4><b>Diameter: 15.5cm.<\/b><\/h4>\n<\/li>\n<\/ul>\n<h4 style=\"text-align: center;\"><b>The photos show the actual state of the object<\/b><\/h4>\n<h4 style=\"text-align: center;\"><b>Additional photos upon request<\/b><\/h4>\n<h4 style=\"text-align: center;\"><b>All our items on display are available in our warehouse.<\/b><\/h4>\n<h4 style=\"text-align: center;\"><b>Can be viewed by appointment.<\/b><\/h4>\n<h4><\/h4>\n<h4><b>No. 7093<\/b><\/h4>","protected":false},"excerpt":{"rendered":"<p>Spodek pod fili\u017cank\u0119 marki Regina NB z lini \u201eform und design exlusiv\u201d, wykonany z wysokiej jako\u015bci bia\u0142ej porcelany. Spodek o wielok\u0105tnej formie, charakteryzuje si\u0119 pi\u0119knym i delikatnym wzorem niebieskich kwiatuszk\u00f3w z zielono-szarymi liskami. Wymiary Wysoko\u015b\u0107: 1,5cm. \u015arednica: 15,5cm. Zdj\u0119cia przedstawiaj\u0105 stan faktyczny przedmiotu Dodatkowe zdj\u0119cia na pro\u015bb\u0119 zainteresowanych Wszystkie nasze przedmioty wystawione s\u0105 dost\u0119pne w [&hellip;]<\/p>\n","protected":false},"featured_media":69816,"template":"","meta":{"_seopress_robots_primary_cat":"","_seopress_titles_title":"","_seopress_titles_desc":"","_seopress_robots_index":"","site-sidebar-layout":"default","site-content-layout":"","ast-site-content-layout":"default","site-content-style":"default","site-sidebar-style":"default","ast-global-header-display":"","ast-banner-title-visibility":"","ast-main-header-display":"","ast-hfb-above-header-display":"","ast-hfb-below-header-display":"","ast-hfb-mobile-header-display":"","site-post-title":"","ast-breadcrumbs-content":"","ast-featured-img":"","footer-sml-layout":"","ast-disable-related-posts":"","theme-transparent-header-meta":"default","adv-header-id-meta":"","stick-header-meta":"default","header-above-stick-meta":"","header-main-stick-meta":"","header-below-stick-meta":"","astra-migrate-meta-layouts":"set","ast-page-background-enabled":"default","ast-page-background-meta":{"desktop":{"background-color":"var(--ast-global-color-4)","background-image":"","background-repeat":"repeat","background-position":"center center","background-size":"auto","background-attachment":"scroll","background-type":"","background-media":"","overlay-type":"","overlay-color":"","overlay-opacity":"","overlay-gradient":""},"tablet":{"background-color":"","background-image":"","background-repeat":"repeat","background-position":"center center","background-size":"auto","background-attachment":"scroll","background-type":"","background-media":"","overlay-type":"","overlay-color":"","overlay-opacity":"","overlay-gradient":""},"mobile":{"background-color":"","background-image":"","background-repeat":"repeat","background-position":"center center","background-size":"auto","background-attachment":"scroll","background-type":"","background-media":"","overlay-type":"","overlay-color":"","overlay-opacity":"","overlay-gradient":""}},"ast-content-background-meta":{"desktop":{"background-color":"var(--ast-global-color-5)","background-image":"","background-repeat":"repeat","background-position":"center center","background-size":"auto","background-attachment":"scroll","background-type":"","background-media":"","overlay-type":"","overlay-color":"","overlay-opacity":"","overlay-gradient":""},"tablet":{"background-color":"var(--ast-global-color-5)","background-image":"","background-repeat":"repeat","background-position":"center center","background-size":"auto","background-attachment":"scroll","background-type":"","background-media":"","overlay-type":"","overlay-color":"","overlay-opacity":"","overlay-gradient":""},"mobile":{"background-color":"var(--ast-global-color-5)","background-image":"","background-repeat":"repeat","background-position":"center center","background-size":"auto","background-attachment":"scroll","background-type":"","background-media":"","overlay-type":"","overlay-color":"","overlay-opacity":"","overlay-gradient":""}}},"product_brand":[],"product_cat":[24,121,94],"product_tag":[],"class_list":{"0":"post-69812","1":"product","2":"type-product","3":"status-publish","4":"has-post-thumbnail","6":"product_cat-kuchnia","7":"product_cat-spodki","8":"product_cat-spodki-do-kawy-herbaty","9":"product_shipping_class-wysylka-19zl","10":"desktop-align-left","11":"tablet-align-left","12":"mobile-align-left","13":"ast-product-gallery-layout-vertical-slider","14":"ast-product-tabs-layout-horizontal","15":"ast-qv-on-image","17":"first","18":"instock","19":"sold-individually","20":"shipping-taxable","21":"purchasable","22":"product-type-simple"},"_links":{"self":[{"href":"https:\/\/antart.com.pl\/en\/wp-json\/wp\/v2\/product\/69812","targetHints":{"allow":["GET"]}}],"collection":[{"href":"https:\/\/antart.com.pl\/en\/wp-json\/wp\/v2\/product"}],"about":[{"href":"https:\/\/antart.com.pl\/en\/wp-json\/wp\/v2\/types\/product"}],"wp:featuredmedia":[{"embeddable":true,"href":"https:\/\/antart.com.pl\/en\/wp-json\/wp\/v2\/media\/69816"}],"wp:attachment":[{"href":"https:\/\/antart.com.pl\/en\/wp-json\/wp\/v2\/media?parent=69812"}],"wp:term":[{"taxonomy":"product_brand","embeddable":true,"href":"https:\/\/antart.com.pl\/en\/wp-json\/wp\/v2\/product_brand?post=69812"},{"taxonomy":"product_cat","embeddable":true,"href":"https:\/\/antart.com.pl\/en\/wp-json\/wp\/v2\/product_cat?post=69812"},{"taxonomy":"product_tag","embeddable":true,"href":"https:\/\/antart.com.pl\/en\/wp-json\/wp\/v2\/product_tag?post=69812"}],"curies":[{"name":"wp","href":"https:\/\/api.w.org\/{rel}","templated":true}]}}