{"id":70133,"date":"2026-03-14T11:18:20","date_gmt":"2026-03-14T10:18:20","guid":{"rendered":"https:\/\/antart.com.pl\/?post_type=product&#038;p=70133"},"modified":"2026-03-14T11:18:21","modified_gmt":"2026-03-14T10:18:21","slug":"porcelain-bouillon-thomas","status":"publish","type":"product","link":"https:\/\/antart.com.pl\/en\/produkt\/bulionowka-porcelanowa-thomas\/","title":{"rendered":"Porcelain bourbon bowl Thomas"},"content":{"rendered":"<h4 style=\"text-align: center;\"><em><b>Bouillon from the renowned Thomas factory, which has been part of the Rosenthal group since 1908, designed by Tapio Wirkkala in the 1960s, from the Rotunda Cobalt Blue series, made of top-quality white porcelain. A bouillon with two handles, decorated with a distinctive cobalt geometric pattern.<\/b><\/em><\/h4>\n<h4><\/h4>\n<h4><em><b>I have 2pcs for sale.<\/b><\/em><\/h4>\n<h4><em><b>Price is for 1pc.<\/b><\/em><\/h4>\n<h4><\/h4>\n<h4><em><b>Dimensions<\/b><\/em><\/h4>\n<ul>\n<li>\n<h4><em><b>Height: 5cm.<\/b><\/em><\/h4>\n<\/li>\n<li>\n<h4><em><b>Width: 16cm.<\/b><\/em><\/h4>\n<\/li>\n<li>\n<h4><em><b>Top diameter: 11.5cm.<\/b><\/em><\/h4>\n<\/li>\n<li>\n<h4><em><b>Base diameter: 7cm.<\/b><\/em><\/h4>\n<\/li>\n<li>\n<h4><em><b>Volume: 200ml.<\/b><\/em><\/h4>\n<\/li>\n<\/ul>\n<h4 style=\"text-align: center;\"><em><b>The photos show the actual state of the object<\/b><\/em><\/h4>\n<h4 style=\"text-align: center;\"><em><b>Additional photos upon request<\/b><\/em><\/h4>\n<h4 style=\"text-align: center;\"><em><b>All our items on display are available in our warehouse.<\/b><\/em><\/h4>\n<h4 style=\"text-align: center;\"><em><b>Can be viewed by appointment.<\/b><\/em><\/h4>\n<h4><\/h4>\n<h4><em><b>No.7121<\/b><\/em><\/h4>","protected":false},"excerpt":{"rendered":"<p>Bulion\u00f3wka renomowanej wytw\u00f3rni Thomas, kt\u00f3ra od 1908r nale\u017cy do koncernu Rosenthal, zaprojektowana przez Tapio Wirkkal\u0119 w latach 60tych, z serii Rotunda Cobalt Blue, wykonana z najwy\u017cszej jako\u015bci bia\u0142ej porcelany. Bulion\u00f3wka z dwoma uchwytami, ozdobiona charakterystycznym kobaltowym, geometrycznym wzorem. Posiadam w sprzeda\u017cy 2szt. Cena dotyczy 1szt. Wymiary Wysoko\u015b\u0107: 5cm. Szeroko\u015b\u0107: 16cm. \u015arednica g\u00f3rna: 11,5cm. \u015arednica podstawy: [&hellip;]<\/p>\n","protected":false},"featured_media":70136,"template":"","meta":{"_seopress_robots_primary_cat":"","_seopress_titles_title":"","_seopress_titles_desc":"","_seopress_robots_index":"","site-sidebar-layout":"default","site-content-layout":"","ast-site-content-layout":"default","site-content-style":"default","site-sidebar-style":"default","ast-global-header-display":"","ast-banner-title-visibility":"","ast-main-header-display":"","ast-hfb-above-header-display":"","ast-hfb-below-header-display":"","ast-hfb-mobile-header-display":"","site-post-title":"","ast-breadcrumbs-content":"","ast-featured-img":"","footer-sml-layout":"","ast-disable-related-posts":"","theme-transparent-header-meta":"default","adv-header-id-meta":"","stick-header-meta":"default","header-above-stick-meta":"","header-main-stick-meta":"","header-below-stick-meta":"","astra-migrate-meta-layouts":"set","ast-page-background-enabled":"default","ast-page-background-meta":{"desktop":{"background-color":"var(--ast-global-color-4)","background-image":"","background-repeat":"repeat","background-position":"center center","background-size":"auto","background-attachment":"scroll","background-type":"","background-media":"","overlay-type":"","overlay-color":"","overlay-opacity":"","overlay-gradient":""},"tablet":{"background-color":"","background-image":"","background-repeat":"repeat","background-position":"center center","background-size":"auto","background-attachment":"scroll","background-type":"","background-media":"","overlay-type":"","overlay-color":"","overlay-opacity":"","overlay-gradient":""},"mobile":{"background-color":"","background-image":"","background-repeat":"repeat","background-position":"center center","background-size":"auto","background-attachment":"scroll","background-type":"","background-media":"","overlay-type":"","overlay-color":"","overlay-opacity":"","overlay-gradient":""}},"ast-content-background-meta":{"desktop":{"background-color":"var(--ast-global-color-5)","background-image":"","background-repeat":"repeat","background-position":"center center","background-size":"auto","background-attachment":"scroll","background-type":"","background-media":"","overlay-type":"","overlay-color":"","overlay-opacity":"","overlay-gradient":""},"tablet":{"background-color":"var(--ast-global-color-5)","background-image":"","background-repeat":"repeat","background-position":"center center","background-size":"auto","background-attachment":"scroll","background-type":"","background-media":"","overlay-type":"","overlay-color":"","overlay-opacity":"","overlay-gradient":""},"mobile":{"background-color":"var(--ast-global-color-5)","background-image":"","background-repeat":"repeat","background-position":"center center","background-size":"auto","background-attachment":"scroll","background-type":"","background-media":"","overlay-type":"","overlay-color":"","overlay-opacity":"","overlay-gradient":""}}},"product_brand":[],"product_cat":[59,24],"product_tag":[],"class_list":{"0":"post-70133","1":"product","2":"type-product","3":"status-publish","4":"has-post-thumbnail","6":"product_cat-bulionowki","7":"product_cat-kuchnia","8":"product_shipping_class-wysylka-19zl","9":"desktop-align-left","10":"tablet-align-left","11":"mobile-align-left","12":"ast-product-gallery-layout-vertical-slider","13":"ast-product-tabs-layout-horizontal","14":"ast-qv-on-image","16":"first","17":"instock","18":"shipping-taxable","19":"purchasable","20":"product-type-simple"},"_links":{"self":[{"href":"https:\/\/antart.com.pl\/en\/wp-json\/wp\/v2\/product\/70133","targetHints":{"allow":["GET"]}}],"collection":[{"href":"https:\/\/antart.com.pl\/en\/wp-json\/wp\/v2\/product"}],"about":[{"href":"https:\/\/antart.com.pl\/en\/wp-json\/wp\/v2\/types\/product"}],"wp:featuredmedia":[{"embeddable":true,"href":"https:\/\/antart.com.pl\/en\/wp-json\/wp\/v2\/media\/70136"}],"wp:attachment":[{"href":"https:\/\/antart.com.pl\/en\/wp-json\/wp\/v2\/media?parent=70133"}],"wp:term":[{"taxonomy":"product_brand","embeddable":true,"href":"https:\/\/antart.com.pl\/en\/wp-json\/wp\/v2\/product_brand?post=70133"},{"taxonomy":"product_cat","embeddable":true,"href":"https:\/\/antart.com.pl\/en\/wp-json\/wp\/v2\/product_cat?post=70133"},{"taxonomy":"product_tag","embeddable":true,"href":"https:\/\/antart.com.pl\/en\/wp-json\/wp\/v2\/product_tag?post=70133"}],"curies":[{"name":"wp","href":"https:\/\/api.w.org\/{rel}","templated":true}]}}